{"id":66,"date":"2016-12-20T23:31:30","date_gmt":"2016-12-20T22:31:30","guid":{"rendered":"http:\/\/agfluechtlingshilfe.org\/?page_id=66"},"modified":"2025-11-02T19:27:01","modified_gmt":"2025-11-02T18:27:01","slug":"fahrradwerkstatt","status":"publish","type":"page","link":"https:\/\/agfluechtlingshilfe.org\/?page_id=66","title":{"rendered":"Fahrradwerkstatt"},"content":{"rendered":"\n<p>Um unseren neuen Mitb\u00fcrgerInnen die dringend erforderliche Mobilit\u00e4t zu erm\u00f6glichen, die sie brauchen um die vielen Aufgaben und \u00c4mterg\u00e4nge des Alltags zu bew\u00e4ltigen, betreiben wir mit einfachsten Mitteln jeden Donnerstag zwischen 14 und 17 Uhr im Malteser-Heim Ummanzer Stra\u00dfe 2 auf dem D\u00e4nholm eine kleine Fahrradwerkstatt. Hier sind alle neuen Mitb\u00fcrgerInnen willkommen, die mit Eigeninitiative und etwas Unterst\u00fctzung durch uns ihr Fahrrad wieder flott machen wollen. Dabei helfen uns entsprechende Sach- und Geldspenden immer sehr, den Betrieb aufrecht zu erhalten.<\/p>\n\n\n\n<div class=\"wp-block-columns is-layout-flex wp-container-core-columns-is-layout-9d6595d7 wp-block-columns-is-layout-flex\">\n<div class=\"wp-block-column is-layout-flow wp-block-column-is-layout-flow\" style=\"flex-basis:100%\">\n<div class=\"wp-block-group\"><div class=\"wp-block-group__inner-container is-layout-flow wp-block-group-is-layout-flow\">\n<figure id=\"attachment_212\" aria-describedby=\"caption-attachment-212\" style=\"width: 432px\" class=\"wp-caption alignnone\"><img loading=\"lazy\" decoding=\"async\" data-attachment-id=\"212\" data-permalink=\"https:\/\/agfluechtlingshilfe.org\/?attachment_id=212\" data-orig-file=\"https:\/\/i0.wp.com\/agfluechtlingshilfe.org\/wp-content\/uploads\/2016\/12\/IMG_9788Red.jpg?fit=432%2C648&amp;ssl=1\" data-orig-size=\"432,648\" data-comments-opened=\"1\" data-image-meta=\"{&quot;aperture&quot;:&quot;3.5&quot;,&quot;credit&quot;:&quot;&quot;,&quot;camera&quot;:&quot;Canon EOS 650D&quot;,&quot;caption&quot;:&quot;&quot;,&quot;created_timestamp&quot;:&quot;1475159039&quot;,&quot;copyright&quot;:&quot;&quot;,&quot;focal_length&quot;:&quot;18&quot;,&quot;iso&quot;:&quot;1250&quot;,&quot;shutter_speed&quot;:&quot;0.016666666666667&quot;,&quot;title&quot;:&quot;&quot;,&quot;orientation&quot;:&quot;1&quot;}\" data-image-title=\"IMG_9788Red\" data-image-description=\"\" data-image-caption=\"\" data-medium-file=\"https:\/\/i0.wp.com\/agfluechtlingshilfe.org\/wp-content\/uploads\/2016\/12\/IMG_9788Red.jpg?fit=200%2C300&amp;ssl=1\" data-large-file=\"https:\/\/i0.wp.com\/agfluechtlingshilfe.org\/wp-content\/uploads\/2016\/12\/IMG_9788Red.jpg?fit=432%2C648&amp;ssl=1\" class=\"wp-image-212 size-full\" src=\"https:\/\/i0.wp.com\/agfluechtlingshilfe.org\/wp-content\/uploads\/2016\/12\/IMG_9788Red.jpg?resize=432%2C648\" alt=\"\" width=\"432\" height=\"648\" srcset=\"https:\/\/i0.wp.com\/agfluechtlingshilfe.org\/wp-content\/uploads\/2016\/12\/IMG_9788Red.jpg?w=432&amp;ssl=1 432w, https:\/\/i0.wp.com\/agfluechtlingshilfe.org\/wp-content\/uploads\/2016\/12\/IMG_9788Red.jpg?resize=200%2C300&amp;ssl=1 200w\" sizes=\"auto, (max-width: 432px) 100vw, 432px\" data-recalc-dims=\"1\" \/><figcaption id=\"caption-attachment-212\" class=\"wp-caption-text\">Photo: Miriam Weber<\/figcaption><\/figure>\n<p>Bei Fragen an oder Spenden f\u00fcr die Fahrradwerkstatt wenden Sie sich gerne direkt\u00a0 an\u00a0<a href=\"mailto:info@agfluechtlingshilfe.org\">info@agfluechtlingshilfe.org<\/a>\u00a0<\/p>\n<p><em>Mit freundlicher Unterst\u00fctzung der\u00a0<a href=\"https:\/\/i0.wp.com\/agfluechtlingshilfe.org\/wp-content\/uploads\/2016\/12\/spk-logo-mobile-1.png\"><img loading=\"lazy\" decoding=\"async\" data-attachment-id=\"479\" data-permalink=\"https:\/\/agfluechtlingshilfe.org\/?attachment_id=479\" data-orig-file=\"https:\/\/i0.wp.com\/agfluechtlingshilfe.org\/wp-content\/uploads\/2016\/12\/spk-logo-mobile-1.png?fit=300%2C121&amp;ssl=1\" data-orig-size=\"300,121\" data-comments-opened=\"1\" data-image-meta=\"{&quot;aperture&quot;:&quot;0&quot;,&quot;credit&quot;:&quot;&quot;,&quot;camera&quot;:&quot;&quot;,&quot;caption&quot;:&quot;&quot;,&quot;created_timestamp&quot;:&quot;0&quot;,&quot;copyright&quot;:&quot;&quot;,&quot;focal_length&quot;:&quot;0&quot;,&quot;iso&quot;:&quot;0&quot;,&quot;shutter_speed&quot;:&quot;0&quot;,&quot;title&quot;:&quot;&quot;,&quot;orientation&quot;:&quot;0&quot;}\" data-image-title=\"spk-logo-mobile\" data-image-description=\"\" data-image-caption=\"\" data-medium-file=\"https:\/\/i0.wp.com\/agfluechtlingshilfe.org\/wp-content\/uploads\/2016\/12\/spk-logo-mobile-1.png?fit=300%2C121&amp;ssl=1\" data-large-file=\"https:\/\/i0.wp.com\/agfluechtlingshilfe.org\/wp-content\/uploads\/2016\/12\/spk-logo-mobile-1.png?fit=300%2C121&amp;ssl=1\" class=\"alignnone wp-image-479\" src=\"https:\/\/i0.wp.com\/agfluechtlingshilfe.org\/wp-content\/uploads\/2016\/12\/spk-logo-mobile-1.png?resize=119%2C48\" alt=\"\" width=\"119\" height=\"48\" data-recalc-dims=\"1\" \/><\/a><\/em><\/p>\n<\/div><\/div>\n<\/div>\n<\/div>\n","protected":false},"excerpt":{"rendered":"<p>Um unseren neuen Mitb\u00fcrgerInnen die dringend erforderliche Mobilit\u00e4t zu erm\u00f6glichen, die sie brauchen um die vielen Aufgaben und \u00c4mterg\u00e4nge des Alltags zu bew\u00e4ltigen, betreiben wir mit einfachsten Mitteln jeden Donnerstag zwischen 14 und 17 Uhr im Malteser-Heim Ummanzer Stra\u00dfe 2 auf dem D\u00e4nholm eine kleine Fahrradwerkstatt. Hier sind alle neuen Mitb\u00fcrgerInnen willkommen, die mit Eigeninitiative &hellip; <a href=\"https:\/\/agfluechtlingshilfe.org\/?page_id=66\" class=\"more-link\"><span class=\"screen-reader-text\">Fahrradwerkstatt<\/span> weiterlesen<\/a><\/p>\n","protected":false},"author":1,"featured_media":0,"parent":20,"menu_order":2,"comment_status":"closed","ping_status":"closed","template":"","meta":{"footnotes":""},"class_list":["post-66","page","type-page","status-publish","hentry"],"jetpack_sharing_enabled":true,"jetpack_shortlink":"https:\/\/wp.me\/P8ejgX-14","jetpack-related-posts":[{"id":20,"url":"https:\/\/agfluechtlingshilfe.org\/?page_id=20","url_meta":{"origin":66,"position":0},"title":"Unsere Projekte","author":"agfluechtlingshilfehst","date":"20. Dezember 2016","format":false,"excerpt":"Unsere Projekte sind grunds\u00e4tzlich darauf angelegt, langfristig und zuverl\u00e4ssig zu laufen. Sie sind offen f\u00fcr Jedermann und Jederfrau die sich engagieren wollen. Aus organisatorischen Gr\u00fcnden und um Entt\u00e4uschung zu vermeiden ist es sinnvoll, sich beim ersten Mal vorab mit uns \u00fcber EMail in Verbindung zu setzen. Hier findet Ihr weitere\u2026","rel":"","context":"\u00c4hnlicher Beitrag","block_context":{"text":"\u00c4hnlicher Beitrag","link":""},"img":{"alt_text":"","src":"https:\/\/i0.wp.com\/agfluechtlingshilfe.org\/wp-content\/uploads\/2016\/12\/knotenreling-e1483643075229.jpg?resize=350%2C200","width":350,"height":200,"srcset":"https:\/\/i0.wp.com\/agfluechtlingshilfe.org\/wp-content\/uploads\/2016\/12\/knotenreling-e1483643075229.jpg?resize=350%2C200 1x, https:\/\/i0.wp.com\/agfluechtlingshilfe.org\/wp-content\/uploads\/2016\/12\/knotenreling-e1483643075229.jpg?resize=525%2C300 1.5x"},"classes":[]},{"id":1210,"url":"https:\/\/agfluechtlingshilfe.org\/?page_id=1210","url_meta":{"origin":66,"position":1},"title":"Gastgeberlotsen","author":"agfluechtlingshilfehst","date":"18. April 2022","format":false,"excerpt":"Wir verstehen uns als Schnittstelle zwischen den Menschen, die privat Gefl\u00fcchtete aufgenommen haben und eben die Menschen, die nach ihrer Flucht aufgenommen wurden. Neben den Anforderungen des eigenen Alltags stellt die Begleitung Gefl\u00fcchteter eine Herausforderung dar, die m\u00f6glicherweise nicht abzusehen ist und nicht damit endet, einem Fremden Wohnraum zu \u00fcberlassen.\u2026","rel":"","context":"\u00c4hnlicher Beitrag","block_context":{"text":"\u00c4hnlicher Beitrag","link":""},"img":{"alt_text":"","src":"","width":0,"height":0},"classes":[]},{"id":54,"url":"https:\/\/agfluechtlingshilfe.org\/?page_id=54","url_meta":{"origin":66,"position":2},"title":"\u00dcber uns","author":"agfluechtlingshilfehst","date":"20. Dezember 2016","format":false,"excerpt":"Aus einer Initiative des Vereins \"Rock gegen Rechts Stralsund\" im Februar 2015, entwickelten sich die ersten Projekte einer Gruppe, die sich den pragmatischen Namen AG Fl\u00fcchtlingshilfe gab. Mit der Gr\u00fcndung des Vereins am 24.10.2016 wurde der Grundstein gelegt f\u00fcr eine enge Zusammenarbeit mit sozial- und kommunalpolitischen Netzwerken, um \u00fcber 100\u2026","rel":"","context":"\u00c4hnlicher Beitrag","block_context":{"text":"\u00c4hnlicher Beitrag","link":""},"img":{"alt_text":"","src":"https:\/\/i0.wp.com\/agfluechtlingshilfe.org\/wp-content\/uploads\/2016\/12\/cropped-agfluechtlingshilfeLOGO.jpg?fit=248%2C248&ssl=1&resize=350%2C200","width":350,"height":200},"classes":[]},{"id":133,"url":"https:\/\/agfluechtlingshilfe.org\/?page_id=133","url_meta":{"origin":66,"position":3},"title":"Datenschutzerkl\u00e4rung gem\u00e4\u00df DSGVO 2018 (Stand 25.5.18)","author":"agfluechtlingshilfehst","date":"22. Dezember 2016","format":false,"excerpt":"1. Datenschutz auf einen Blick Allgemeine Hinweise Die folgenden Hinweise geben einen einfachen \u00dcberblick dar\u00fcber, was mit Ihren personenbezogenen Daten passiert, wenn Sie unsere Website besuchen. Personenbezogene Daten sind alle Daten, mit denen Sie pers\u00f6nlich identifiziert werden k\u00f6nnen. Ausf\u00fchrliche Informationen zum Thema Datenschutz entnehmen Sie unserer unter diesem Text aufgef\u00fchrten\u2026","rel":"","context":"\u00c4hnlicher Beitrag","block_context":{"text":"\u00c4hnlicher Beitrag","link":""},"img":{"alt_text":"","src":"","width":0,"height":0},"classes":[]},{"id":880,"url":"https:\/\/agfluechtlingshilfe.org\/?page_id=880","url_meta":{"origin":66,"position":4},"title":"Topfreisen &#8211; Rezepte aus aller Welt zur IKW 2021","author":"agfluechtlingshilfehst","date":"11. September 2021","format":false,"excerpt":"\"Topfreisen\" ist unser Projekt zur Teilnahme an der Interkulturellen Woche Stralsunds 2021 (IKW). Die Wortsch\u00f6pfung trifft ziemlich genau, was unser Plan war, als wir unseren Beitrag f\u00fcr die IKW entwickelt haben. Die Idee: Esskultur ist neben Musik vielleicht der direkteste oder zumindest einfachste Weg, um \u00fcber den eigenen (buchst\u00e4blichen) Tellerrand\u2026","rel":"","context":"\u00c4hnlicher Beitrag","block_context":{"text":"\u00c4hnlicher Beitrag","link":""},"img":{"alt_text":"","src":"https:\/\/i0.wp.com\/agfluechtlingshilfe.org\/wp-content\/uploads\/2021\/09\/Kollage_Topfreisen.png?resize=350%2C200&ssl=1","width":350,"height":200,"srcset":"https:\/\/i0.wp.com\/agfluechtlingshilfe.org\/wp-content\/uploads\/2021\/09\/Kollage_Topfreisen.png?resize=350%2C200&ssl=1 1x, https:\/\/i0.wp.com\/agfluechtlingshilfe.org\/wp-content\/uploads\/2021\/09\/Kollage_Topfreisen.png?resize=525%2C300&ssl=1 1.5x"},"classes":[]},{"id":113,"url":"https:\/\/agfluechtlingshilfe.org\/?page_id=113","url_meta":{"origin":66,"position":5},"title":"Sporttreff","author":"agfluechtlingshilfehst","date":"22. Dezember 2016","format":false,"excerpt":"Wem das Begegnungscaf\u00e9 zu wenig sportlich ist, f\u00fcr den bieten wir jeden Freitag ab 18.30 Uhr mit unserem \"Sporttreff\" eine entsprechende Alternative an. Alle die sich bei Sport oder Spiel kennenlernen und bewegen wollen sind herzlich willkommen. Sport ist mit Abstand die einfachste und unterhaltsamste Art, mit Menschen in Kontakt\u2026","rel":"","context":"\u00c4hnlicher Beitrag","block_context":{"text":"\u00c4hnlicher Beitrag","link":""},"img":{"alt_text":"","src":"https:\/\/i0.wp.com\/agfluechtlingshilfe.org\/wp-content\/uploads\/2016\/12\/Sport2.jpg?resize=350%2C200","width":350,"height":200,"srcset":"https:\/\/i0.wp.com\/agfluechtlingshilfe.org\/wp-content\/uploads\/2016\/12\/Sport2.jpg?resize=350%2C200 1x, https:\/\/i0.wp.com\/agfluechtlingshilfe.org\/wp-content\/uploads\/2016\/12\/Sport2.jpg?resize=525%2C300 1.5x"},"classes":[]}],"jetpack_likes_enabled":true,"_links":{"self":[{"href":"https:\/\/agfluechtlingshilfe.org\/index.php?rest_route=\/wp\/v2\/pages\/66","targetHints":{"allow":["GET"]}}],"collection":[{"href":"https:\/\/agfluechtlingshilfe.org\/index.php?rest_route=\/wp\/v2\/pages"}],"about":[{"href":"https:\/\/agfluechtlingshilfe.org\/index.php?rest_route=\/wp\/v2\/types\/page"}],"author":[{"embeddable":true,"href":"https:\/\/agfluechtlingshilfe.org\/index.php?rest_route=\/wp\/v2\/users\/1"}],"replies":[{"embeddable":true,"href":"https:\/\/agfluechtlingshilfe.org\/index.php?rest_route=%2Fwp%2Fv2%2Fcomments&post=66"}],"version-history":[{"count":11,"href":"https:\/\/agfluechtlingshilfe.org\/index.php?rest_route=\/wp\/v2\/pages\/66\/revisions"}],"predecessor-version":[{"id":1376,"href":"https:\/\/agfluechtlingshilfe.org\/index.php?rest_route=\/wp\/v2\/pages\/66\/revisions\/1376"}],"up":[{"embeddable":true,"href":"https:\/\/agfluechtlingshilfe.org\/index.php?rest_route=\/wp\/v2\/pages\/20"}],"wp:attachment":[{"href":"https:\/\/agfluechtlingshilfe.org\/index.php?rest_route=%2Fwp%2Fv2%2Fmedia&parent=66"}],"curies":[{"name":"wp","href":"https:\/\/api.w.org\/{rel}","templated":true}]}}