{"id":659,"date":"2018-05-04T14:47:55","date_gmt":"2018-05-04T12:47:55","guid":{"rendered":"http:\/\/agfluechtlingshilfe.org\/?page_id=659"},"modified":"2019-07-18T13:42:09","modified_gmt":"2019-07-18T11:42:09","slug":"was-tun-beratung-unterstuetzung-kontaktvermittlung","status":"publish","type":"page","link":"https:\/\/agfluechtlingshilfe.org\/?page_id=659","title":{"rendered":"Was tun?! Beratung &#8211; Unterst\u00fctzung &#8211; Kontaktvermittlung"},"content":{"rendered":"<p><img loading=\"lazy\" decoding=\"async\" data-attachment-id=\"665\" data-permalink=\"https:\/\/agfluechtlingshilfe.org\/?attachment_id=665\" data-orig-file=\"https:\/\/i0.wp.com\/agfluechtlingshilfe.org\/wp-content\/uploads\/2018\/05\/IMG_20180502_204047-1-e1525437771453.jpg?fit=1500%2C1767&amp;ssl=1\" data-orig-size=\"1500,1767\" data-comments-opened=\"0\" data-image-meta=\"{&quot;aperture&quot;:&quot;0&quot;,&quot;credit&quot;:&quot;&quot;,&quot;camera&quot;:&quot;FP2&quot;,&quot;caption&quot;:&quot;&quot;,&quot;created_timestamp&quot;:&quot;1525293648&quot;,&quot;copyright&quot;:&quot;&quot;,&quot;focal_length&quot;:&quot;3.7&quot;,&quot;iso&quot;:&quot;385&quot;,&quot;shutter_speed&quot;:&quot;0.016666666666667&quot;,&quot;title&quot;:&quot;&quot;,&quot;orientation&quot;:&quot;0&quot;}\" data-image-title=\"IMG_20180502_204047\" data-image-description=\"\" data-image-caption=\"\" data-medium-file=\"https:\/\/i0.wp.com\/agfluechtlingshilfe.org\/wp-content\/uploads\/2018\/05\/IMG_20180502_204047-1-e1525437771453.jpg?fit=255%2C300&amp;ssl=1\" data-large-file=\"https:\/\/i0.wp.com\/agfluechtlingshilfe.org\/wp-content\/uploads\/2018\/05\/IMG_20180502_204047-1-e1525437771453.jpg?fit=660%2C778&amp;ssl=1\" class=\"alignnone wp-image-665 size-medium\" src=\"https:\/\/i0.wp.com\/agfluechtlingshilfe.org\/wp-content\/uploads\/2018\/05\/IMG_20180502_204047-1.jpg?resize=255%2C300\" alt=\"\" width=\"255\" height=\"300\" data-recalc-dims=\"1\" \/>\u00a0\u00a0\u00a0\u00a0\u00a0\u00a0\u00a0 <img loading=\"lazy\" decoding=\"async\" data-attachment-id=\"668\" data-permalink=\"https:\/\/agfluechtlingshilfe.org\/?attachment_id=668\" data-orig-file=\"https:\/\/i0.wp.com\/agfluechtlingshilfe.org\/wp-content\/uploads\/2018\/05\/Yewhans-e1525437682874.jpeg?fit=244%2C325&amp;ssl=1\" data-orig-size=\"244,325\" data-comments-opened=\"0\" data-image-meta=\"{&quot;aperture&quot;:&quot;0&quot;,&quot;credit&quot;:&quot;&quot;,&quot;camera&quot;:&quot;&quot;,&quot;caption&quot;:&quot;&quot;,&quot;created_timestamp&quot;:&quot;0&quot;,&quot;copyright&quot;:&quot;&quot;,&quot;focal_length&quot;:&quot;0&quot;,&quot;iso&quot;:&quot;0&quot;,&quot;shutter_speed&quot;:&quot;0&quot;,&quot;title&quot;:&quot;&quot;,&quot;orientation&quot;:&quot;6&quot;}\" data-image-title=\"Yewhans\" data-image-description=\"\" data-image-caption=\"\" data-medium-file=\"https:\/\/i0.wp.com\/agfluechtlingshilfe.org\/wp-content\/uploads\/2018\/05\/Yewhans-e1525437682874.jpeg?fit=225%2C300&amp;ssl=1\" data-large-file=\"https:\/\/i0.wp.com\/agfluechtlingshilfe.org\/wp-content\/uploads\/2018\/05\/Yewhans-e1525437682874.jpeg?fit=660%2C880&amp;ssl=1\" class=\"alignnone wp-image-668 size-medium\" src=\"https:\/\/i0.wp.com\/agfluechtlingshilfe.org\/wp-content\/uploads\/2018\/05\/Yewhans-e1525437164197-225x300.jpeg?resize=225%2C300\" alt=\"\" width=\"225\" height=\"300\" data-recalc-dims=\"1\" \/><\/p>\n<p>Im Mai 2018 startete unser j\u00fcngstes Projekt: &#8222;Was tun?!&#8220; eine Anlaufstelle f\u00fcr Beratung, Unterst\u00fctzung und die Vermittlung hilfreicher Kontakte in allen Alltagsfragen. Man fand sie nicht nur r\u00e4umlich sondern auch im Sinne einer konstruktiven und erg\u00e4nzenden Kooperation unter dem Dach des Kreisdiakonischen Werks (KdW) im Gro\u00dfen Diebsteig 3, Maritimes Zentrum Frankenvorstadt. Im Sommer 2019 mussten wir dieses Projekt bis auf Weiteres leider einstellen, da die bis dahin federf\u00fchrende Person aus pers\u00f6nlichen Gr\u00fcnden ihr Engagement einschr\u00e4nken muss. Wir danken ihr aus ganzem Herzen f\u00fcr alles und w\u00fcnschen Ihr viel Freude bei Ihren neuen Aufgaben!<\/p>\n<p>\u00a0<\/p>\n\n\n<p><\/p>\n","protected":false},"excerpt":{"rendered":"<p>\u00a0\u00a0\u00a0\u00a0\u00a0\u00a0\u00a0 Im Mai 2018 startete unser j\u00fcngstes Projekt: &#8222;Was tun?!&#8220; eine Anlaufstelle f\u00fcr Beratung, Unterst\u00fctzung und die Vermittlung hilfreicher Kontakte in allen Alltagsfragen. Man fand sie nicht nur r\u00e4umlich sondern auch im Sinne einer konstruktiven und erg\u00e4nzenden Kooperation unter dem Dach des Kreisdiakonischen Werks (KdW) im Gro\u00dfen Diebsteig 3, Maritimes Zentrum Frankenvorstadt. Im Sommer 2019 &hellip; <a href=\"https:\/\/agfluechtlingshilfe.org\/?page_id=659\" class=\"more-link\"><span class=\"screen-reader-text\">Was tun?! Beratung &#8211; Unterst\u00fctzung &#8211; Kontaktvermittlung<\/span> weiterlesen<\/a><\/p>\n","protected":false},"author":1,"featured_media":0,"parent":20,"menu_order":0,"comment_status":"closed","ping_status":"closed","template":"","meta":{"footnotes":""},"class_list":["post-659","page","type-page","status-publish","hentry"],"jetpack_sharing_enabled":true,"jetpack_shortlink":"https:\/\/wp.me\/P8ejgX-aD","jetpack-related-posts":[{"id":20,"url":"https:\/\/agfluechtlingshilfe.org\/?page_id=20","url_meta":{"origin":659,"position":0},"title":"Unsere Projekte","author":"agfluechtlingshilfehst","date":"20. Dezember 2016","format":false,"excerpt":"Unsere Projekte sind grunds\u00e4tzlich darauf angelegt, langfristig und zuverl\u00e4ssig zu laufen. Sie sind offen f\u00fcr Jedermann und Jederfrau die sich engagieren wollen. Aus organisatorischen Gr\u00fcnden und um Entt\u00e4uschung zu vermeiden ist es sinnvoll, sich beim ersten Mal vorab mit uns \u00fcber EMail in Verbindung zu setzen. Hier findet Ihr weitere\u2026","rel":"","context":"\u00c4hnlicher Beitrag","block_context":{"text":"\u00c4hnlicher Beitrag","link":""},"img":{"alt_text":"","src":"https:\/\/i0.wp.com\/agfluechtlingshilfe.org\/wp-content\/uploads\/2016\/12\/knotenreling-e1483643075229.jpg?resize=350%2C200","width":350,"height":200,"srcset":"https:\/\/i0.wp.com\/agfluechtlingshilfe.org\/wp-content\/uploads\/2016\/12\/knotenreling-e1483643075229.jpg?resize=350%2C200 1x, https:\/\/i0.wp.com\/agfluechtlingshilfe.org\/wp-content\/uploads\/2016\/12\/knotenreling-e1483643075229.jpg?resize=525%2C300 1.5x"},"classes":[]},{"id":66,"url":"https:\/\/agfluechtlingshilfe.org\/?page_id=66","url_meta":{"origin":659,"position":1},"title":"Fahrradwerkstatt","author":"agfluechtlingshilfehst","date":"20. Dezember 2016","format":false,"excerpt":"Um unseren neuen Mitb\u00fcrgerInnen die dringend erforderliche Mobilit\u00e4t zu erm\u00f6glichen, die sie brauchen um die vielen Aufgaben und \u00c4mterg\u00e4nge des Alltags zu bew\u00e4ltigen, betreiben wir mit einfachsten Mitteln jeden Donnerstag zwischen 14 und 17 Uhr im Malteser-Heim Ummanzer Stra\u00dfe 2 auf dem D\u00e4nholm eine kleine Fahrradwerkstatt. Hier sind alle neuen\u2026","rel":"","context":"\u00c4hnlicher Beitrag","block_context":{"text":"\u00c4hnlicher Beitrag","link":""},"img":{"alt_text":"","src":"https:\/\/i0.wp.com\/agfluechtlingshilfe.org\/wp-content\/uploads\/2016\/12\/IMG_9788Red.jpg?resize=350%2C200","width":350,"height":200},"classes":[]},{"id":845,"url":"https:\/\/agfluechtlingshilfe.org\/?page_id=845","url_meta":{"origin":659,"position":2},"title":"Bisherige Projekte:","author":"agfluechtlingshilfehst","date":"8. Oktober 2020","format":false,"excerpt":"Diese Projekte sind bis auf Weiteres abgeschlossen bzw. pausieren: Das Sprachtraining mit KinderbetreuungWas tun?! Beratung - Unterst\u00fctzung - KontaktvermittlungTopfreisen","rel":"","context":"\u00c4hnlicher Beitrag","block_context":{"text":"\u00c4hnlicher Beitrag","link":""},"img":{"alt_text":"","src":"","width":0,"height":0},"classes":[]},{"id":54,"url":"https:\/\/agfluechtlingshilfe.org\/?page_id=54","url_meta":{"origin":659,"position":3},"title":"\u00dcber uns","author":"agfluechtlingshilfehst","date":"20. Dezember 2016","format":false,"excerpt":"Aus einer Initiative des Vereins \"Rock gegen Rechts Stralsund\" im Februar 2015, entwickelten sich die ersten Projekte einer Gruppe, die sich den pragmatischen Namen AG Fl\u00fcchtlingshilfe gab. Mit der Gr\u00fcndung des Vereins am 24.10.2016 wurde der Grundstein gelegt f\u00fcr eine enge Zusammenarbeit mit sozial- und kommunalpolitischen Netzwerken, um \u00fcber 100\u2026","rel":"","context":"\u00c4hnlicher Beitrag","block_context":{"text":"\u00c4hnlicher Beitrag","link":""},"img":{"alt_text":"","src":"https:\/\/i0.wp.com\/agfluechtlingshilfe.org\/wp-content\/uploads\/2016\/12\/cropped-agfluechtlingshilfeLOGO.jpg?fit=248%2C248&ssl=1&resize=350%2C200","width":350,"height":200},"classes":[]},{"id":880,"url":"https:\/\/agfluechtlingshilfe.org\/?page_id=880","url_meta":{"origin":659,"position":4},"title":"Topfreisen &#8211; Rezepte aus aller Welt zur IKW 2021","author":"agfluechtlingshilfehst","date":"11. September 2021","format":false,"excerpt":"\"Topfreisen\" ist unser Projekt zur Teilnahme an der Interkulturellen Woche Stralsunds 2021 (IKW). Die Wortsch\u00f6pfung trifft ziemlich genau, was unser Plan war, als wir unseren Beitrag f\u00fcr die IKW entwickelt haben. Die Idee: Esskultur ist neben Musik vielleicht der direkteste oder zumindest einfachste Weg, um \u00fcber den eigenen (buchst\u00e4blichen) Tellerrand\u2026","rel":"","context":"\u00c4hnlicher Beitrag","block_context":{"text":"\u00c4hnlicher Beitrag","link":""},"img":{"alt_text":"","src":"https:\/\/i0.wp.com\/agfluechtlingshilfe.org\/wp-content\/uploads\/2021\/09\/Kollage_Topfreisen.png?resize=350%2C200&ssl=1","width":350,"height":200,"srcset":"https:\/\/i0.wp.com\/agfluechtlingshilfe.org\/wp-content\/uploads\/2021\/09\/Kollage_Topfreisen.png?resize=350%2C200&ssl=1 1x, https:\/\/i0.wp.com\/agfluechtlingshilfe.org\/wp-content\/uploads\/2021\/09\/Kollage_Topfreisen.png?resize=525%2C300&ssl=1 1.5x"},"classes":[]},{"id":180,"url":"https:\/\/agfluechtlingshilfe.org\/?page_id=180","url_meta":{"origin":659,"position":5},"title":"Herzlich Willkommen&#8230;","author":"agfluechtlingshilfehst","date":"23. Dezember 2016","format":false,"excerpt":"...auf der Internetseite des gemeinn\u00fctzigen Vereins Arbeitsgemeinschaft Fl\u00fcchtlingshilfe Stralsund e.V. Wir sind ein kleiner und sehr junger Verein, der 100%\u00a0 ehrenamtlich funktioniert. Wir sind also keine Profis und diese Seite ist ein wachsendes Wesen, welches wir so gut es uns gelingt pflegen und aktualisieren! Wenn Ihr mehr \u00fcber uns erfahren\u2026","rel":"","context":"\u00c4hnlicher Beitrag","block_context":{"text":"\u00c4hnlicher Beitrag","link":""},"img":{"alt_text":"","src":"","width":0,"height":0},"classes":[]}],"jetpack_likes_enabled":true,"_links":{"self":[{"href":"https:\/\/agfluechtlingshilfe.org\/index.php?rest_route=\/wp\/v2\/pages\/659","targetHints":{"allow":["GET"]}}],"collection":[{"href":"https:\/\/agfluechtlingshilfe.org\/index.php?rest_route=\/wp\/v2\/pages"}],"about":[{"href":"https:\/\/agfluechtlingshilfe.org\/index.php?rest_route=\/wp\/v2\/types\/page"}],"author":[{"embeddable":true,"href":"https:\/\/agfluechtlingshilfe.org\/index.php?rest_route=\/wp\/v2\/users\/1"}],"replies":[{"embeddable":true,"href":"https:\/\/agfluechtlingshilfe.org\/index.php?rest_route=%2Fwp%2Fv2%2Fcomments&post=659"}],"version-history":[{"count":16,"href":"https:\/\/agfluechtlingshilfe.org\/index.php?rest_route=\/wp\/v2\/pages\/659\/revisions"}],"predecessor-version":[{"id":798,"href":"https:\/\/agfluechtlingshilfe.org\/index.php?rest_route=\/wp\/v2\/pages\/659\/revisions\/798"}],"up":[{"embeddable":true,"href":"https:\/\/agfluechtlingshilfe.org\/index.php?rest_route=\/wp\/v2\/pages\/20"}],"wp:attachment":[{"href":"https:\/\/agfluechtlingshilfe.org\/index.php?rest_route=%2Fwp%2Fv2%2Fmedia&parent=659"}],"curies":[{"name":"wp","href":"https:\/\/api.w.org\/{rel}","templated":true}]}}