{"id":610,"date":"2018-03-03T10:34:50","date_gmt":"2018-03-03T09:34:50","guid":{"rendered":"http:\/\/agfluechtlingshilfe.org\/?page_id=610"},"modified":"2025-11-02T19:04:16","modified_gmt":"2025-11-02T18:04:16","slug":"kinderbetreuung","status":"publish","type":"page","link":"https:\/\/agfluechtlingshilfe.org\/?page_id=610","title":{"rendered":"Kinderbetreuung in der Gemeinschaftsunterkunft auf dem D\u00e4nholm"},"content":{"rendered":"<p>Sport, Spiele und Spa\u00df! Das und viele Gruppenspiele, unter anderem Fu\u00dfball wollen wir m\u00f6glichst jeden Donnerstag auf dem D\u00e4nholm f\u00fcr alle Kinder der beiden Gemeinschaftsunterk\u00fcnfte anbieten.<\/p>\n<p><span style=\"color: #339966;\"><strong>Witterungsbedingt passen wir unser Angebot den Gegebenheiten an. Interessierte Helfer sind aber immer sehr willkommen und k\u00f6nnen sich gerne unter info@agfluechtlingshilfe.org bei uns melden.<\/strong><\/span><\/p>\n\n\n<p><\/p>\n","protected":false},"excerpt":{"rendered":"<p>Sport, Spiele und Spa\u00df! Das und viele Gruppenspiele, unter anderem Fu\u00dfball wollen wir m\u00f6glichst jeden Donnerstag auf dem D\u00e4nholm f\u00fcr alle Kinder der beiden Gemeinschaftsunterk\u00fcnfte anbieten. Witterungsbedingt passen wir unser Angebot den Gegebenheiten an. Interessierte Helfer sind aber immer sehr willkommen und k\u00f6nnen sich gerne unter info@agfluechtlingshilfe.org bei uns melden.<\/p>\n","protected":false},"author":1,"featured_media":615,"parent":20,"menu_order":4,"comment_status":"closed","ping_status":"closed","template":"","meta":{"footnotes":""},"class_list":["post-610","page","type-page","status-publish","has-post-thumbnail","hentry"],"jetpack_sharing_enabled":true,"jetpack_shortlink":"https:\/\/wp.me\/P8ejgX-9Q","jetpack-related-posts":[{"id":68,"url":"https:\/\/agfluechtlingshilfe.org\/?page_id=68","url_meta":{"origin":610,"position":0},"title":"Sprachtraining mit Kinderbetreuung","author":"agfluechtlingshilfehst","date":"20. Dezember 2016","format":false,"excerpt":">> aufgrund der Pandemie-Bedingungen konnte es noch nicht wieder zu einem Neustart des Sprachkurses kommen - sobald es hierzu Neuigkeiten gibt,\u00a0 informieren wir dar\u00fcber an dieser Stelle :-) Unser Sprachkurs, den wir drei Jahre lang in der Gemeinschaftsunterkunft auf dem D\u00e4nholm durchgef\u00fchrt haben, hatte sich im Sommer 2018 den ver\u00e4nderten\u2026","rel":"","context":"\u00c4hnlicher Beitrag","block_context":{"text":"\u00c4hnlicher Beitrag","link":""},"img":{"alt_text":"","src":"https:\/\/i0.wp.com\/agfluechtlingshilfe.org\/wp-content\/uploads\/2016\/12\/15110320_813236405483949_2370122992487011028_o.jpg?resize=350%2C200","width":350,"height":200,"srcset":"https:\/\/i0.wp.com\/agfluechtlingshilfe.org\/wp-content\/uploads\/2016\/12\/15110320_813236405483949_2370122992487011028_o.jpg?resize=350%2C200 1x, https:\/\/i0.wp.com\/agfluechtlingshilfe.org\/wp-content\/uploads\/2016\/12\/15110320_813236405483949_2370122992487011028_o.jpg?resize=525%2C300 1.5x, https:\/\/i0.wp.com\/agfluechtlingshilfe.org\/wp-content\/uploads\/2016\/12\/15110320_813236405483949_2370122992487011028_o.jpg?resize=700%2C400 2x, https:\/\/i0.wp.com\/agfluechtlingshilfe.org\/wp-content\/uploads\/2016\/12\/15110320_813236405483949_2370122992487011028_o.jpg?resize=1050%2C600 3x, https:\/\/i0.wp.com\/agfluechtlingshilfe.org\/wp-content\/uploads\/2016\/12\/15110320_813236405483949_2370122992487011028_o.jpg?resize=1400%2C800 4x"},"classes":[]},{"id":66,"url":"https:\/\/agfluechtlingshilfe.org\/?page_id=66","url_meta":{"origin":610,"position":1},"title":"Fahrradwerkstatt","author":"agfluechtlingshilfehst","date":"20. Dezember 2016","format":false,"excerpt":"Um unseren neuen Mitb\u00fcrgerInnen die dringend erforderliche Mobilit\u00e4t zu erm\u00f6glichen, die sie brauchen um die vielen Aufgaben und \u00c4mterg\u00e4nge des Alltags zu bew\u00e4ltigen, betreiben wir mit einfachsten Mitteln jeden Donnerstag zwischen 14 und 17 Uhr im Malteser-Heim Ummanzer Stra\u00dfe 2 auf dem D\u00e4nholm eine kleine Fahrradwerkstatt. Hier sind alle neuen\u2026","rel":"","context":"\u00c4hnlicher Beitrag","block_context":{"text":"\u00c4hnlicher Beitrag","link":""},"img":{"alt_text":"","src":"https:\/\/i0.wp.com\/agfluechtlingshilfe.org\/wp-content\/uploads\/2016\/12\/IMG_9788Red.jpg?resize=350%2C200","width":350,"height":200},"classes":[]},{"id":133,"url":"https:\/\/agfluechtlingshilfe.org\/?page_id=133","url_meta":{"origin":610,"position":2},"title":"Datenschutzerkl\u00e4rung gem\u00e4\u00df DSGVO 2018 (Stand 25.5.18)","author":"agfluechtlingshilfehst","date":"22. Dezember 2016","format":false,"excerpt":"1. Datenschutz auf einen Blick Allgemeine Hinweise Die folgenden Hinweise geben einen einfachen \u00dcberblick dar\u00fcber, was mit Ihren personenbezogenen Daten passiert, wenn Sie unsere Website besuchen. Personenbezogene Daten sind alle Daten, mit denen Sie pers\u00f6nlich identifiziert werden k\u00f6nnen. Ausf\u00fchrliche Informationen zum Thema Datenschutz entnehmen Sie unserer unter diesem Text aufgef\u00fchrten\u2026","rel":"","context":"\u00c4hnlicher Beitrag","block_context":{"text":"\u00c4hnlicher Beitrag","link":""},"img":{"alt_text":"","src":"","width":0,"height":0},"classes":[]},{"id":54,"url":"https:\/\/agfluechtlingshilfe.org\/?page_id=54","url_meta":{"origin":610,"position":3},"title":"\u00dcber uns","author":"agfluechtlingshilfehst","date":"20. Dezember 2016","format":false,"excerpt":"Aus einer Initiative des Vereins \"Rock gegen Rechts Stralsund\" im Februar 2015, entwickelten sich die ersten Projekte einer Gruppe, die sich den pragmatischen Namen AG Fl\u00fcchtlingshilfe gab. Mit der Gr\u00fcndung des Vereins am 24.10.2016 wurde der Grundstein gelegt f\u00fcr eine enge Zusammenarbeit mit sozial- und kommunalpolitischen Netzwerken, um \u00fcber 100\u2026","rel":"","context":"\u00c4hnlicher Beitrag","block_context":{"text":"\u00c4hnlicher Beitrag","link":""},"img":{"alt_text":"","src":"https:\/\/i0.wp.com\/agfluechtlingshilfe.org\/wp-content\/uploads\/2016\/12\/cropped-agfluechtlingshilfeLOGO.jpg?fit=248%2C248&ssl=1&resize=350%2C200","width":350,"height":200},"classes":[]},{"id":180,"url":"https:\/\/agfluechtlingshilfe.org\/?page_id=180","url_meta":{"origin":610,"position":4},"title":"Herzlich Willkommen&#8230;","author":"agfluechtlingshilfehst","date":"23. Dezember 2016","format":false,"excerpt":"...auf der Internetseite des gemeinn\u00fctzigen Vereins Arbeitsgemeinschaft Fl\u00fcchtlingshilfe Stralsund e.V. Wir sind ein kleiner und sehr junger Verein, der 100%\u00a0 ehrenamtlich funktioniert. Wir sind also keine Profis und diese Seite ist ein wachsendes Wesen, welches wir so gut es uns gelingt pflegen und aktualisieren! Wenn Ihr mehr \u00fcber uns erfahren\u2026","rel":"","context":"\u00c4hnlicher Beitrag","block_context":{"text":"\u00c4hnlicher Beitrag","link":""},"img":{"alt_text":"","src":"","width":0,"height":0},"classes":[]},{"id":130,"url":"https:\/\/agfluechtlingshilfe.org\/?page_id=130","url_meta":{"origin":610,"position":5},"title":"Haftungsausschluss (Disclaimer)","author":"agfluechtlingshilfehst","date":"22. Dezember 2016","format":false,"excerpt":"Haftung f\u00fcr Inhalte Als Diensteanbieter sind wir gem\u00e4\u00df \u00a7 7 Abs.1 TMG f\u00fcr eigene Inhalte auf diesen Seiten nach den allgemeinen Gesetzen verantwortlich. Nach \u00a7\u00a7 8 bis 10 TMG sind wir als Diensteanbieter jedoch nicht verpflichtet, \u00fcbermittelte oder gespeicherte fremde Informationen zu \u00fcberwachen oder nach Umst\u00e4nden zu forschen, die auf\u2026","rel":"","context":"\u00c4hnlicher Beitrag","block_context":{"text":"\u00c4hnlicher Beitrag","link":""},"img":{"alt_text":"","src":"","width":0,"height":0},"classes":[]}],"jetpack_likes_enabled":true,"_links":{"self":[{"href":"https:\/\/agfluechtlingshilfe.org\/index.php?rest_route=\/wp\/v2\/pages\/610","targetHints":{"allow":["GET"]}}],"collection":[{"href":"https:\/\/agfluechtlingshilfe.org\/index.php?rest_route=\/wp\/v2\/pages"}],"about":[{"href":"https:\/\/agfluechtlingshilfe.org\/index.php?rest_route=\/wp\/v2\/types\/page"}],"author":[{"embeddable":true,"href":"https:\/\/agfluechtlingshilfe.org\/index.php?rest_route=\/wp\/v2\/users\/1"}],"replies":[{"embeddable":true,"href":"https:\/\/agfluechtlingshilfe.org\/index.php?rest_route=%2Fwp%2Fv2%2Fcomments&post=610"}],"version-history":[{"count":8,"href":"https:\/\/agfluechtlingshilfe.org\/index.php?rest_route=\/wp\/v2\/pages\/610\/revisions"}],"predecessor-version":[{"id":1367,"href":"https:\/\/agfluechtlingshilfe.org\/index.php?rest_route=\/wp\/v2\/pages\/610\/revisions\/1367"}],"up":[{"embeddable":true,"href":"https:\/\/agfluechtlingshilfe.org\/index.php?rest_route=\/wp\/v2\/pages\/20"}],"wp:featuredmedia":[{"embeddable":true,"href":"https:\/\/agfluechtlingshilfe.org\/index.php?rest_route=\/wp\/v2\/media\/615"}],"wp:attachment":[{"href":"https:\/\/agfluechtlingshilfe.org\/index.php?rest_route=%2Fwp%2Fv2%2Fmedia&parent=610"}],"curies":[{"name":"wp","href":"https:\/\/api.w.org\/{rel}","templated":true}]}}