{"id":54,"date":"2016-12-20T21:21:19","date_gmt":"2016-12-20T20:21:19","guid":{"rendered":"http:\/\/agfluechtlingshilfe.org\/?page_id=54"},"modified":"2022-04-19T15:32:20","modified_gmt":"2022-04-19T13:32:20","slug":"ueber-uns-2","status":"publish","type":"page","link":"https:\/\/agfluechtlingshilfe.org\/?page_id=54","title":{"rendered":"\u00dcber uns"},"content":{"rendered":"<p>Aus einer Initiative des Vereins &#8222;Rock gegen Rechts Stralsund&#8220; im Februar 2015, entwickelten sich die ersten Projekte einer Gruppe, die sich den pragmatischen Namen AG Fl\u00fcchtlingshilfe gab.<\/p>\n<p>Mit der Gr\u00fcndung des Vereins am 24.10.2016 wurde der Grundstein gelegt f\u00fcr eine enge Zusammenarbeit mit sozial- und kommunalpolitischen Netzwerken, um \u00fcber 100 Gefl\u00fcchtete mit minimal zur Verf\u00fcgung stehenden Mitteln aber mit maximal pers\u00f6nlichen Einsatz auf vielf\u00e4ltige Art und Weise zu unterst\u00fctzen!<\/p>\n<p>Seitdem leisten 10-15 Menschen ehrenamtlich wertvolle und vor allem nachhaltige Arbeit. Dies ist nur dann m\u00f6glich, wenn jeder, jederzeit die M\u00f6glichkeit hat, sein\/ ihr Engagement auch einmal zu reduzieren, wenn private oder berufliche Gr\u00fcnde dies notwendig machen!<\/p>\n<p>Bei der Entwicklung und Umsetzung unserer Projekte geht es darum, verbindliche weil langfristige Angebote und Kooperationen zu realisieren. Dazu leisten wir regelm\u00e4\u00dfige Netzwerkarbeit, indem wir:<\/p>\n<ul>\n<li>an Netzwerktreffen im Rahmen der Fl\u00fcchtlingshilfe teilnehmen,<\/li>\n<li>uns auf Ehrenamts-Messen und Stadtteilfesten austauschen,<\/li>\n<li>unsere \u00d6ffentlichkeitsarbeit stetig weiter ausbauen.<\/li>\n<\/ul>\n<p>Wenn Ihr Interesse habt euch im Bereich der Gefl\u00fcchtetenhilfe zu engagieren, uns zu unterst\u00fctzen und \/oder ggf. eigene Ideen umsetzen wollt, nehmt gern <a href=\"https:\/\/agfluechtlingshilfe.org\/?page_id=108\">Kontakt<\/a> zu uns auf und werdet ein Teil unseres Vereins! Hier geht es zum <a href=\"http:\/\/agfluechtlingshilfe.org\/wp-content\/uploads\/2018\/02\/Mitgliedsantrag-aktuell-Dez_2017.pdf\">Mitgliedsantrag<\/a> !<\/p>\n<p>Unsere aktuellen und bisherigen Projekte findet Ihr unter: <a href=\"https:\/\/agfluechtlingshilfe.org\/?page_id=20\">Unsere Projekte<\/a>. Weitere Informationen dazu findet Ihr unter: <a href=\"https:\/\/agfluechtlingshilfe.org\/?page_id=9\">Aktuelles<\/a>\u00a0!<\/p>\n<h3 style=\"text-align: center;\"><strong>Wir freuen uns auf euch!<\/strong><\/h3>\n","protected":false},"excerpt":{"rendered":"<p>Aus einer Initiative des Vereins &#8222;Rock gegen Rechts Stralsund&#8220; im Februar 2015, entwickelten sich die ersten Projekte einer Gruppe, die sich den pragmatischen Namen AG Fl\u00fcchtlingshilfe gab. Mit der Gr\u00fcndung des Vereins am 24.10.2016 wurde der Grundstein gelegt f\u00fcr eine enge Zusammenarbeit mit sozial- und kommunalpolitischen Netzwerken, um \u00fcber 100 Gefl\u00fcchtete mit minimal zur Verf\u00fcgung &hellip; <a href=\"https:\/\/agfluechtlingshilfe.org\/?page_id=54\" class=\"more-link\"><span class=\"screen-reader-text\">\u00dcber uns<\/span> weiterlesen<\/a><\/p>\n","protected":false},"author":1,"featured_media":50,"parent":0,"menu_order":0,"comment_status":"closed","ping_status":"closed","template":"","meta":{"footnotes":""},"class_list":["post-54","page","type-page","status-publish","has-post-thumbnail","hentry"],"jetpack_sharing_enabled":true,"jetpack_shortlink":"https:\/\/wp.me\/P8ejgX-S","jetpack-related-posts":[{"id":1210,"url":"https:\/\/agfluechtlingshilfe.org\/?page_id=1210","url_meta":{"origin":54,"position":0},"title":"Gastgeberlotsen","author":"agfluechtlingshilfehst","date":"18. April 2022","format":false,"excerpt":"Wir verstehen uns als Schnittstelle zwischen den Menschen, die privat Gefl\u00fcchtete aufgenommen haben und eben die Menschen, die nach ihrer Flucht aufgenommen wurden. Neben den Anforderungen des eigenen Alltags stellt die Begleitung Gefl\u00fcchteter eine Herausforderung dar, die m\u00f6glicherweise nicht abzusehen ist und nicht damit endet, einem Fremden Wohnraum zu \u00fcberlassen.\u2026","rel":"","context":"\u00c4hnlicher Beitrag","block_context":{"text":"\u00c4hnlicher Beitrag","link":""},"img":{"alt_text":"","src":"","width":0,"height":0},"classes":[]},{"id":113,"url":"https:\/\/agfluechtlingshilfe.org\/?page_id=113","url_meta":{"origin":54,"position":1},"title":"Sporttreff","author":"agfluechtlingshilfehst","date":"22. Dezember 2016","format":false,"excerpt":"Wem das Begegnungscaf\u00e9 zu wenig sportlich ist, f\u00fcr den bieten wir jeden Freitag ab 18.30 Uhr mit unserem \"Sporttreff\" eine entsprechende Alternative an. Alle die sich bei Sport oder Spiel kennenlernen und bewegen wollen sind herzlich willkommen. Sport ist mit Abstand die einfachste und unterhaltsamste Art, mit Menschen in Kontakt\u2026","rel":"","context":"\u00c4hnlicher Beitrag","block_context":{"text":"\u00c4hnlicher Beitrag","link":""},"img":{"alt_text":"","src":"https:\/\/i0.wp.com\/agfluechtlingshilfe.org\/wp-content\/uploads\/2016\/12\/Sport2.jpg?resize=350%2C200","width":350,"height":200,"srcset":"https:\/\/i0.wp.com\/agfluechtlingshilfe.org\/wp-content\/uploads\/2016\/12\/Sport2.jpg?resize=350%2C200 1x, https:\/\/i0.wp.com\/agfluechtlingshilfe.org\/wp-content\/uploads\/2016\/12\/Sport2.jpg?resize=525%2C300 1.5x"},"classes":[]},{"id":20,"url":"https:\/\/agfluechtlingshilfe.org\/?page_id=20","url_meta":{"origin":54,"position":2},"title":"Unsere Projekte","author":"agfluechtlingshilfehst","date":"20. Dezember 2016","format":false,"excerpt":"Unsere Projekte sind grunds\u00e4tzlich darauf angelegt, langfristig und zuverl\u00e4ssig zu laufen. Sie sind offen f\u00fcr Jedermann und Jederfrau die sich engagieren wollen. Aus organisatorischen Gr\u00fcnden und um Entt\u00e4uschung zu vermeiden ist es sinnvoll, sich beim ersten Mal vorab mit uns \u00fcber EMail in Verbindung zu setzen. Hier findet Ihr weitere\u2026","rel":"","context":"\u00c4hnlicher Beitrag","block_context":{"text":"\u00c4hnlicher Beitrag","link":""},"img":{"alt_text":"","src":"https:\/\/i0.wp.com\/agfluechtlingshilfe.org\/wp-content\/uploads\/2016\/12\/knotenreling-e1483643075229.jpg?resize=350%2C200","width":350,"height":200,"srcset":"https:\/\/i0.wp.com\/agfluechtlingshilfe.org\/wp-content\/uploads\/2016\/12\/knotenreling-e1483643075229.jpg?resize=350%2C200 1x, https:\/\/i0.wp.com\/agfluechtlingshilfe.org\/wp-content\/uploads\/2016\/12\/knotenreling-e1483643075229.jpg?resize=525%2C300 1.5x"},"classes":[]},{"id":180,"url":"https:\/\/agfluechtlingshilfe.org\/?page_id=180","url_meta":{"origin":54,"position":3},"title":"Herzlich Willkommen&#8230;","author":"agfluechtlingshilfehst","date":"23. Dezember 2016","format":false,"excerpt":"...auf der Internetseite des gemeinn\u00fctzigen Vereins Arbeitsgemeinschaft Fl\u00fcchtlingshilfe Stralsund e.V. Wir sind ein kleiner und sehr junger Verein, der 100%\u00a0 ehrenamtlich funktioniert. Wir sind also keine Profis und diese Seite ist ein wachsendes Wesen, welches wir so gut es uns gelingt pflegen und aktualisieren! Wenn Ihr mehr \u00fcber uns erfahren\u2026","rel":"","context":"\u00c4hnlicher Beitrag","block_context":{"text":"\u00c4hnlicher Beitrag","link":""},"img":{"alt_text":"","src":"","width":0,"height":0},"classes":[]},{"id":133,"url":"https:\/\/agfluechtlingshilfe.org\/?page_id=133","url_meta":{"origin":54,"position":4},"title":"Datenschutzerkl\u00e4rung gem\u00e4\u00df DSGVO 2018 (Stand 25.5.18)","author":"agfluechtlingshilfehst","date":"22. Dezember 2016","format":false,"excerpt":"1. Datenschutz auf einen Blick Allgemeine Hinweise Die folgenden Hinweise geben einen einfachen \u00dcberblick dar\u00fcber, was mit Ihren personenbezogenen Daten passiert, wenn Sie unsere Website besuchen. Personenbezogene Daten sind alle Daten, mit denen Sie pers\u00f6nlich identifiziert werden k\u00f6nnen. Ausf\u00fchrliche Informationen zum Thema Datenschutz entnehmen Sie unserer unter diesem Text aufgef\u00fchrten\u2026","rel":"","context":"\u00c4hnlicher Beitrag","block_context":{"text":"\u00c4hnlicher Beitrag","link":""},"img":{"alt_text":"","src":"","width":0,"height":0},"classes":[]},{"id":66,"url":"https:\/\/agfluechtlingshilfe.org\/?page_id=66","url_meta":{"origin":54,"position":5},"title":"Fahrradwerkstatt","author":"agfluechtlingshilfehst","date":"20. Dezember 2016","format":false,"excerpt":"Um unseren neuen Mitb\u00fcrgerInnen die dringend erforderliche Mobilit\u00e4t zu erm\u00f6glichen, die sie brauchen um die vielen Aufgaben und \u00c4mterg\u00e4nge des Alltags zu bew\u00e4ltigen, betreiben wir mit einfachsten Mitteln jeden Donnerstag zwischen 14 und 17 Uhr im Malteser-Heim Ummanzer Stra\u00dfe 2 auf dem D\u00e4nholm eine kleine Fahrradwerkstatt. Hier sind alle neuen\u2026","rel":"","context":"\u00c4hnlicher Beitrag","block_context":{"text":"\u00c4hnlicher Beitrag","link":""},"img":{"alt_text":"","src":"https:\/\/i0.wp.com\/agfluechtlingshilfe.org\/wp-content\/uploads\/2016\/12\/IMG_9788Red.jpg?resize=350%2C200","width":350,"height":200},"classes":[]}],"jetpack_likes_enabled":true,"_links":{"self":[{"href":"https:\/\/agfluechtlingshilfe.org\/index.php?rest_route=\/wp\/v2\/pages\/54","targetHints":{"allow":["GET"]}}],"collection":[{"href":"https:\/\/agfluechtlingshilfe.org\/index.php?rest_route=\/wp\/v2\/pages"}],"about":[{"href":"https:\/\/agfluechtlingshilfe.org\/index.php?rest_route=\/wp\/v2\/types\/page"}],"author":[{"embeddable":true,"href":"https:\/\/agfluechtlingshilfe.org\/index.php?rest_route=\/wp\/v2\/users\/1"}],"replies":[{"embeddable":true,"href":"https:\/\/agfluechtlingshilfe.org\/index.php?rest_route=%2Fwp%2Fv2%2Fcomments&post=54"}],"version-history":[{"count":15,"href":"https:\/\/agfluechtlingshilfe.org\/index.php?rest_route=\/wp\/v2\/pages\/54\/revisions"}],"predecessor-version":[{"id":1234,"href":"https:\/\/agfluechtlingshilfe.org\/index.php?rest_route=\/wp\/v2\/pages\/54\/revisions\/1234"}],"wp:featuredmedia":[{"embeddable":true,"href":"https:\/\/agfluechtlingshilfe.org\/index.php?rest_route=\/wp\/v2\/media\/50"}],"wp:attachment":[{"href":"https:\/\/agfluechtlingshilfe.org\/index.php?rest_route=%2Fwp%2Fv2%2Fmedia&parent=54"}],"curies":[{"name":"wp","href":"https:\/\/api.w.org\/{rel}","templated":true}]}}