{"id":20,"date":"2016-12-20T20:21:14","date_gmt":"2016-12-20T19:21:14","guid":{"rendered":"http:\/\/agfluechtlingshilfe.org\/?page_id=20"},"modified":"2025-11-02T19:12:47","modified_gmt":"2025-11-02T18:12:47","slug":"projekte","status":"publish","type":"page","link":"https:\/\/agfluechtlingshilfe.org\/?page_id=20","title":{"rendered":"Unsere Projekte"},"content":{"rendered":"\n<p>Unsere Projekte sind grunds\u00e4tzlich darauf angelegt, langfristig und zuverl\u00e4ssig zu laufen. Sie sind offen f\u00fcr Jedermann und Jederfrau die sich engagieren wollen. Aus organisatorischen Gr\u00fcnden und um Entt\u00e4uschung zu vermeiden ist es sinnvoll, sich beim ersten Mal vorab mit uns \u00fcber <a href=\"info@agfluechtlingshilfe.org\">EMail<\/a> in Verbindung zu setzen.<\/p>\n\n\n\n<p>Hier findet Ihr weitere Informationen zu unseren aktuellen und bisherigen Projekten.<\/p>\n\n\n\n<p>Aktuelle Projekte:<\/p>\n\n\n\n<ul class=\"wp-block-list\">\n<li><a href=\"http:\/\/agfluechtlingshilfe.org\/?page_id=66\">Die Fahrradwerkstatt<\/a><\/li>\n\n\n\n<li><a href=\"http:\/\/agfluechtlingshilfe.org\/?page_id=610\">Kinderbetreuung<\/a><\/li>\n<\/ul>\n\n\n\n<p>Bisherige\/ vergangene Projekte:<\/p>\n\n\n\n<ul class=\"wp-block-list\">\n<li><a href=\"https:\/\/agfluechtlingshilfe.org\/?page_id=1307\">Das Begegnungscaf\u00e9<\/a><\/li>\n\n\n\n<li>Deutschkurs<\/li>\n\n\n\n<li><a href=\"http:\/\/agfluechtlingshilfe.org\/?page_id=68\">Das Sprachtraining mit Kinderbetreuung<\/a><\/li>\n\n\n\n<li><a href=\"http:\/\/agfluechtlingshilfe.org\/?page_id=659\">Was tun?! Beratung &#8211; Unterst\u00fctzung &#8211; Kontaktvermittlung<\/a><\/li>\n\n\n\n<li><a href=\"https:\/\/agfluechtlingshilfe.org\/?page_id=880\">Topfreisen<\/a><\/li>\n\n\n\n<li><a href=\"http:\/\/agfluechtlingshilfe.org\/?page_id=113\">Der Sporttreff<\/a><\/li>\n\n\n\n<li><a href=\"https:\/\/agfluechtlingshilfe.org\/?page_id=1210\">Gastgeberlotsen<\/a><\/li>\n<\/ul>\n\n\n\n<p>Wir freuen uns auf neue und neugierige Teilnehmer, bis bald also&#8230;<\/p>\n\n\n<figure id=\"attachment_205\" aria-describedby=\"caption-attachment-205\" style=\"width: 532px\" class=\"wp-caption alignnone\"><img loading=\"lazy\" decoding=\"async\" data-attachment-id=\"205\" data-permalink=\"https:\/\/agfluechtlingshilfe.org\/?attachment_id=205\" data-orig-file=\"https:\/\/i0.wp.com\/agfluechtlingshilfe.org\/wp-content\/uploads\/2016\/12\/knotenreling-e1483643075229.jpg?fit=532%2C584&amp;ssl=1\" data-orig-size=\"532,584\" data-comments-opened=\"1\" data-image-meta=\"{&quot;aperture&quot;:&quot;5.6&quot;,&quot;credit&quot;:&quot;Alexander Stielau&quot;,&quot;camera&quot;:&quot;NIKON D80&quot;,&quot;caption&quot;:&quot;&quot;,&quot;created_timestamp&quot;:&quot;1220370812&quot;,&quot;copyright&quot;:&quot;This work is licensed under a Creative Commons Namensnennung-Keine kommerzielle Nutzung-Weitergabe unter gleichen Bedingungen 3.0 Unported License.&quot;,&quot;focal_length&quot;:&quot;55&quot;,&quot;iso&quot;:&quot;200&quot;,&quot;shutter_speed&quot;:&quot;0.008&quot;,&quot;title&quot;:&quot;&quot;,&quot;orientation&quot;:&quot;0&quot;}\" data-image-title=\"knotenreling\" data-image-description=\"\" data-image-caption=\"&lt;p&gt;Photo: Alexander Stielau&lt;\/p&gt;\n\" data-medium-file=\"https:\/\/i0.wp.com\/agfluechtlingshilfe.org\/wp-content\/uploads\/2016\/12\/knotenreling-e1483643075229.jpg?fit=273%2C300&amp;ssl=1\" data-large-file=\"https:\/\/i0.wp.com\/agfluechtlingshilfe.org\/wp-content\/uploads\/2016\/12\/knotenreling-e1483643075229.jpg?fit=532%2C584&amp;ssl=1\" class=\"wp-image-205 size-full\" src=\"https:\/\/i0.wp.com\/agfluechtlingshilfe.org\/wp-content\/uploads\/2016\/12\/knotenreling-e1483643075229.jpg?resize=532%2C584\" width=\"532\" height=\"584\" srcset=\"https:\/\/i0.wp.com\/agfluechtlingshilfe.org\/wp-content\/uploads\/2016\/12\/knotenreling-e1483643075229.jpg?w=532&amp;ssl=1 532w, https:\/\/i0.wp.com\/agfluechtlingshilfe.org\/wp-content\/uploads\/2016\/12\/knotenreling-e1483643075229.jpg?resize=273%2C300&amp;ssl=1 273w\" sizes=\"auto, (max-width: 532px) 100vw, 532px\" data-recalc-dims=\"1\" \/><figcaption id=\"caption-attachment-205\" class=\"wp-caption-text\">Quelle: Alexander Stielau<\/figcaption><\/figure>\n\n\n\n\n<p><\/p>\n","protected":false},"excerpt":{"rendered":"<p>Unsere Projekte sind grunds\u00e4tzlich darauf angelegt, langfristig und zuverl\u00e4ssig zu laufen. Sie sind offen f\u00fcr Jedermann und Jederfrau die sich engagieren wollen. Aus organisatorischen Gr\u00fcnden und um Entt\u00e4uschung zu vermeiden ist es sinnvoll, sich beim ersten Mal vorab mit uns \u00fcber EMail in Verbindung zu setzen. Hier findet Ihr weitere Informationen zu unseren aktuellen und &hellip; <a href=\"https:\/\/agfluechtlingshilfe.org\/?page_id=20\" class=\"more-link\"><span class=\"screen-reader-text\">Unsere Projekte<\/span> weiterlesen<\/a><\/p>\n","protected":false},"author":1,"featured_media":0,"parent":0,"menu_order":0,"comment_status":"closed","ping_status":"closed","template":"","meta":{"footnotes":""},"class_list":["post-20","page","type-page","status-publish","hentry"],"jetpack_sharing_enabled":true,"jetpack_shortlink":"https:\/\/wp.me\/P8ejgX-k","jetpack-related-posts":[{"id":113,"url":"https:\/\/agfluechtlingshilfe.org\/?page_id=113","url_meta":{"origin":20,"position":0},"title":"Sporttreff","author":"agfluechtlingshilfehst","date":"22. Dezember 2016","format":false,"excerpt":"Wem das Begegnungscaf\u00e9 zu wenig sportlich ist, f\u00fcr den bieten wir jeden Freitag ab 18.30 Uhr mit unserem \"Sporttreff\" eine entsprechende Alternative an. Alle die sich bei Sport oder Spiel kennenlernen und bewegen wollen sind herzlich willkommen. Sport ist mit Abstand die einfachste und unterhaltsamste Art, mit Menschen in Kontakt\u2026","rel":"","context":"\u00c4hnlicher Beitrag","block_context":{"text":"\u00c4hnlicher Beitrag","link":""},"img":{"alt_text":"","src":"https:\/\/i0.wp.com\/agfluechtlingshilfe.org\/wp-content\/uploads\/2016\/12\/Sport2.jpg?resize=350%2C200","width":350,"height":200,"srcset":"https:\/\/i0.wp.com\/agfluechtlingshilfe.org\/wp-content\/uploads\/2016\/12\/Sport2.jpg?resize=350%2C200 1x, https:\/\/i0.wp.com\/agfluechtlingshilfe.org\/wp-content\/uploads\/2016\/12\/Sport2.jpg?resize=525%2C300 1.5x"},"classes":[]},{"id":54,"url":"https:\/\/agfluechtlingshilfe.org\/?page_id=54","url_meta":{"origin":20,"position":1},"title":"\u00dcber uns","author":"agfluechtlingshilfehst","date":"20. Dezember 2016","format":false,"excerpt":"Aus einer Initiative des Vereins \"Rock gegen Rechts Stralsund\" im Februar 2015, entwickelten sich die ersten Projekte einer Gruppe, die sich den pragmatischen Namen AG Fl\u00fcchtlingshilfe gab. Mit der Gr\u00fcndung des Vereins am 24.10.2016 wurde der Grundstein gelegt f\u00fcr eine enge Zusammenarbeit mit sozial- und kommunalpolitischen Netzwerken, um \u00fcber 100\u2026","rel":"","context":"\u00c4hnlicher Beitrag","block_context":{"text":"\u00c4hnlicher Beitrag","link":""},"img":{"alt_text":"","src":"https:\/\/i0.wp.com\/agfluechtlingshilfe.org\/wp-content\/uploads\/2016\/12\/cropped-agfluechtlingshilfeLOGO.jpg?fit=248%2C248&ssl=1&resize=350%2C200","width":350,"height":200},"classes":[]},{"id":66,"url":"https:\/\/agfluechtlingshilfe.org\/?page_id=66","url_meta":{"origin":20,"position":2},"title":"Fahrradwerkstatt","author":"agfluechtlingshilfehst","date":"20. Dezember 2016","format":false,"excerpt":"Um unseren neuen Mitb\u00fcrgerInnen die dringend erforderliche Mobilit\u00e4t zu erm\u00f6glichen, die sie brauchen um die vielen Aufgaben und \u00c4mterg\u00e4nge des Alltags zu bew\u00e4ltigen, betreiben wir mit einfachsten Mitteln jeden Donnerstag zwischen 14 und 17 Uhr im Malteser-Heim Ummanzer Stra\u00dfe 2 auf dem D\u00e4nholm eine kleine Fahrradwerkstatt. Hier sind alle neuen\u2026","rel":"","context":"\u00c4hnlicher Beitrag","block_context":{"text":"\u00c4hnlicher Beitrag","link":""},"img":{"alt_text":"","src":"https:\/\/i0.wp.com\/agfluechtlingshilfe.org\/wp-content\/uploads\/2016\/12\/IMG_9788Red.jpg?resize=350%2C200","width":350,"height":200},"classes":[]},{"id":1307,"url":"https:\/\/agfluechtlingshilfe.org\/?page_id=1307","url_meta":{"origin":20,"position":3},"title":"Begegnungscaf\u00e9","author":"agfluechtlingshilfehst","date":"28. August 2022","format":false,"excerpt":"Das Begegnungscaf\u00e9 pausiert! Aktuell scheint der Bedarf f\u00fcr ein Begegnungscaf\u00e9 nicht zu bestehen. Da alle unsere Projekte bedarfsorientiert ausgerichtet sind, geh\u00f6rt es f\u00fcr uns immer auch dazu, ggf. einzelne Angebote dauerhaft oder vor\u00fcbergehend einzustellen. Wer das Team des Begegnungscaf\u00e9s auch w\u00e4hrend dieser Pausenphase erreichen m\u00f6chte, kann dies unter info@agfluechtlingshilfe.org tun.","rel":"","context":"\u00c4hnlicher Beitrag","block_context":{"text":"\u00c4hnlicher Beitrag","link":""},"img":{"alt_text":"","src":"https:\/\/i0.wp.com\/agfluechtlingshilfe.org\/wp-content\/uploads\/2022\/04\/IMG-20220425-WA0001.jpg?resize=350%2C200&ssl=1","width":350,"height":200,"srcset":"https:\/\/i0.wp.com\/agfluechtlingshilfe.org\/wp-content\/uploads\/2022\/04\/IMG-20220425-WA0001.jpg?resize=350%2C200&ssl=1 1x, https:\/\/i0.wp.com\/agfluechtlingshilfe.org\/wp-content\/uploads\/2022\/04\/IMG-20220425-WA0001.jpg?resize=525%2C300&ssl=1 1.5x, https:\/\/i0.wp.com\/agfluechtlingshilfe.org\/wp-content\/uploads\/2022\/04\/IMG-20220425-WA0001.jpg?resize=700%2C400&ssl=1 2x"},"classes":[]},{"id":880,"url":"https:\/\/agfluechtlingshilfe.org\/?page_id=880","url_meta":{"origin":20,"position":4},"title":"Topfreisen &#8211; Rezepte aus aller Welt zur IKW 2021","author":"agfluechtlingshilfehst","date":"11. September 2021","format":false,"excerpt":"\"Topfreisen\" ist unser Projekt zur Teilnahme an der Interkulturellen Woche Stralsunds 2021 (IKW). Die Wortsch\u00f6pfung trifft ziemlich genau, was unser Plan war, als wir unseren Beitrag f\u00fcr die IKW entwickelt haben. Die Idee: Esskultur ist neben Musik vielleicht der direkteste oder zumindest einfachste Weg, um \u00fcber den eigenen (buchst\u00e4blichen) Tellerrand\u2026","rel":"","context":"\u00c4hnlicher Beitrag","block_context":{"text":"\u00c4hnlicher Beitrag","link":""},"img":{"alt_text":"","src":"https:\/\/i0.wp.com\/agfluechtlingshilfe.org\/wp-content\/uploads\/2021\/09\/Kollage_Topfreisen.png?resize=350%2C200&ssl=1","width":350,"height":200,"srcset":"https:\/\/i0.wp.com\/agfluechtlingshilfe.org\/wp-content\/uploads\/2021\/09\/Kollage_Topfreisen.png?resize=350%2C200&ssl=1 1x, https:\/\/i0.wp.com\/agfluechtlingshilfe.org\/wp-content\/uploads\/2021\/09\/Kollage_Topfreisen.png?resize=525%2C300&ssl=1 1.5x"},"classes":[]},{"id":1074,"url":"https:\/\/agfluechtlingshilfe.org\/?page_id=1074","url_meta":{"origin":20,"position":5},"title":"Sabzi Pulao &#8211; Gew\u00fcrzreis mit Erbsen","author":"agfluechtlingshilfehst","date":"1. Oktober 2021","format":false,"excerpt":"Zutaten:250 g Basmatireis,2 EL Pflanzen\u00f6l, \u00bc TL Cumin (Kreuzk\u00fcmmel), 1 gesch\u00e4lte Zwiebel, Samen von 3 Kardamomkapseln (alternativ 1 TL gemahlenen Kardamom),3 Nelken, 4 schwarze Pfefferk\u00f6rner, 1 Karotte, 2 Kartoffeln, 75 g TK-Erbsen (oder frische), 1 kleine Handvoll Cashewn\u00fcsse, Zitronensaft, Kurkumapulver. Zubereitung Den Reis gut waschen, 30 Minuten in Wasser einweichen\u2026","rel":"","context":"\u00c4hnlicher Beitrag","block_context":{"text":"\u00c4hnlicher Beitrag","link":""},"img":{"alt_text":"","src":"https:\/\/i0.wp.com\/agfluechtlingshilfe.org\/wp-content\/uploads\/2021\/10\/20211001_130230-scaled.jpg?resize=350%2C200&ssl=1","width":350,"height":200},"classes":[]}],"jetpack_likes_enabled":true,"_links":{"self":[{"href":"https:\/\/agfluechtlingshilfe.org\/index.php?rest_route=\/wp\/v2\/pages\/20","targetHints":{"allow":["GET"]}}],"collection":[{"href":"https:\/\/agfluechtlingshilfe.org\/index.php?rest_route=\/wp\/v2\/pages"}],"about":[{"href":"https:\/\/agfluechtlingshilfe.org\/index.php?rest_route=\/wp\/v2\/types\/page"}],"author":[{"embeddable":true,"href":"https:\/\/agfluechtlingshilfe.org\/index.php?rest_route=\/wp\/v2\/users\/1"}],"replies":[{"embeddable":true,"href":"https:\/\/agfluechtlingshilfe.org\/index.php?rest_route=%2Fwp%2Fv2%2Fcomments&post=20"}],"version-history":[{"count":33,"href":"https:\/\/agfluechtlingshilfe.org\/index.php?rest_route=\/wp\/v2\/pages\/20\/revisions"}],"predecessor-version":[{"id":1366,"href":"https:\/\/agfluechtlingshilfe.org\/index.php?rest_route=\/wp\/v2\/pages\/20\/revisions\/1366"}],"wp:attachment":[{"href":"https:\/\/agfluechtlingshilfe.org\/index.php?rest_route=%2Fwp%2Fv2%2Fmedia&parent=20"}],"curies":[{"name":"wp","href":"https:\/\/api.w.org\/{rel}","templated":true}]}}