{"id":173,"date":"2016-12-23T10:31:19","date_gmt":"2016-12-23T09:31:19","guid":{"rendered":"http:\/\/agfluechtlingshilfe.org\/?page_id=173"},"modified":"2017-01-05T20:20:22","modified_gmt":"2017-01-05T19:20:22","slug":"spenden","status":"publish","type":"page","link":"https:\/\/agfluechtlingshilfe.org\/?page_id=173","title":{"rendered":"Spenden"},"content":{"rendered":"<figure id=\"attachment_199\" aria-describedby=\"caption-attachment-199\" style=\"width: 876px\" class=\"wp-caption alignnone\"><img loading=\"lazy\" decoding=\"async\" data-attachment-id=\"199\" data-permalink=\"https:\/\/agfluechtlingshilfe.org\/?attachment_id=199\" data-orig-file=\"https:\/\/i0.wp.com\/agfluechtlingshilfe.org\/wp-content\/uploads\/2016\/12\/IMG-20161220-WA0003-e1483642968683.jpg?fit=876%2C868&amp;ssl=1\" data-orig-size=\"876,868\" data-comments-opened=\"1\" data-image-meta=\"{&quot;aperture&quot;:&quot;0&quot;,&quot;credit&quot;:&quot;&quot;,&quot;camera&quot;:&quot;&quot;,&quot;caption&quot;:&quot;&quot;,&quot;created_timestamp&quot;:&quot;0&quot;,&quot;copyright&quot;:&quot;&quot;,&quot;focal_length&quot;:&quot;0&quot;,&quot;iso&quot;:&quot;0&quot;,&quot;shutter_speed&quot;:&quot;0&quot;,&quot;title&quot;:&quot;&quot;,&quot;orientation&quot;:&quot;0&quot;}\" data-image-title=\"IMG-20161220-WA0003\" data-image-description=\"\" data-image-caption=\"&lt;p&gt;Photo: Lena Goette&lt;\/p&gt;\n\" data-medium-file=\"https:\/\/i0.wp.com\/agfluechtlingshilfe.org\/wp-content\/uploads\/2016\/12\/IMG-20161220-WA0003-e1483642968683.jpg?fit=300%2C297&amp;ssl=1\" data-large-file=\"https:\/\/i0.wp.com\/agfluechtlingshilfe.org\/wp-content\/uploads\/2016\/12\/IMG-20161220-WA0003-e1483642968683.jpg?fit=576%2C1024&amp;ssl=1\" class=\"wp-image-199 size-full\" src=\"https:\/\/i0.wp.com\/agfluechtlingshilfe.org\/wp-content\/uploads\/2016\/12\/IMG-20161220-WA0003-e1483642968683.jpg?resize=660%2C654\" width=\"660\" height=\"654\" srcset=\"https:\/\/i0.wp.com\/agfluechtlingshilfe.org\/wp-content\/uploads\/2016\/12\/IMG-20161220-WA0003-e1483642968683.jpg?w=876&amp;ssl=1 876w, https:\/\/i0.wp.com\/agfluechtlingshilfe.org\/wp-content\/uploads\/2016\/12\/IMG-20161220-WA0003-e1483642968683.jpg?resize=150%2C150&amp;ssl=1 150w, https:\/\/i0.wp.com\/agfluechtlingshilfe.org\/wp-content\/uploads\/2016\/12\/IMG-20161220-WA0003-e1483642968683.jpg?resize=300%2C297&amp;ssl=1 300w, https:\/\/i0.wp.com\/agfluechtlingshilfe.org\/wp-content\/uploads\/2016\/12\/IMG-20161220-WA0003-e1483642968683.jpg?resize=768%2C761&amp;ssl=1 768w\" sizes=\"auto, (max-width: 660px) 100vw, 660px\" data-recalc-dims=\"1\" \/><figcaption id=\"caption-attachment-199\" class=\"wp-caption-text\">Quelle: Lena Goette<\/figcaption><\/figure>\n<p>Wir freuen uns grunds\u00e4zlich immer \u00fcber Spenden. Da wir aber nicht \u00fcber\u00a0 Lagerkapazit\u00e4ten verf\u00fcgen, k\u00f6nnen wir <strong>Sachspenden<\/strong> ausschlie\u00dflich nach vorheriger Absprache annehmen! Wir bitten da um Euer Verst\u00e4ndnis.<\/p>\n<p><strong>Finanzielle Unterst\u00fctzung<\/strong> braucht nicht viel Platz, darum k\u00f6nnen wir Geldspenden jederzeit annehmen. Entweder als direkte \u00dcberweisung mit Verwendungszweck &#8222;Spende&#8220; auf folgendes Konto:<\/p>\n<div class=\"page\" title=\"Page 1\">\n<div class=\"section\">\n<div class=\"layoutArea\">\n<div class=\"column\">\n<div class=\"page\" title=\"Page 1\">\n<div class=\"section\">\n<div class=\"layoutArea\">\n<div class=\"column\">\n<p>Arbeitsgemeinschaft Fl\u00fcchtlingshilfe Stralsund e.V.<\/p>\n<p>Bank: Sparkasse Vorpommern<br \/>\nIBAN : DE83 1505 0500 0102 0675 11<br \/>\nBIC : NOLADE21GRW<\/p>\n<p>Oder nutzt einfach unseren paypal-Spendenbutton.<\/p>\n<div class='powr-paypal-button' id='4b89d783_1482414422243'><\/div>\n<\/div>\n<\/div>\n<\/div>\n<\/div>\n<\/div>\n<\/div>\n<\/div>\n<\/div>\n","protected":false},"excerpt":{"rendered":"<p>Wir freuen uns grunds\u00e4zlich immer \u00fcber Spenden. Da wir aber nicht \u00fcber\u00a0 Lagerkapazit\u00e4ten verf\u00fcgen, k\u00f6nnen wir Sachspenden ausschlie\u00dflich nach vorheriger Absprache annehmen! Wir bitten da um Euer Verst\u00e4ndnis. Finanzielle Unterst\u00fctzung braucht nicht viel Platz, darum k\u00f6nnen wir Geldspenden jederzeit annehmen. Entweder als direkte \u00dcberweisung mit Verwendungszweck &#8222;Spende&#8220; auf folgendes Konto: Arbeitsgemeinschaft Fl\u00fcchtlingshilfe Stralsund e.V. Bank: &hellip; <a href=\"https:\/\/agfluechtlingshilfe.org\/?page_id=173\" class=\"more-link\"><span class=\"screen-reader-text\">Spenden<\/span> weiterlesen<\/a><\/p>\n","protected":false},"author":1,"featured_media":0,"parent":27,"menu_order":2,"comment_status":"closed","ping_status":"closed","template":"","meta":{"footnotes":""},"class_list":["post-173","page","type-page","status-publish","hentry"],"jetpack_sharing_enabled":true,"jetpack_shortlink":"https:\/\/wp.me\/P8ejgX-2N","jetpack-related-posts":[{"id":1198,"url":"https:\/\/agfluechtlingshilfe.org\/","url_meta":{"origin":173,"position":0},"title":"Willkommen!","author":"agfluechtlingshilfehst","date":"9. April 2022","format":false,"excerpt":"Wir vom Verein AG Fluechtlingshilfe freuen uns, dass Sie zu uns gefunden haben. Hier finden Sie Informationen \u00fcber unsere aktuellen Projekte, die aktuell Helfer suchen. Wir freuen uns \u00fcber jegliche Unterst\u00fctzung! Ob Sie mitmachen oder spenden wollen. Aktuelles","rel":"","context":"\u00c4hnlicher Beitrag","block_context":{"text":"\u00c4hnlicher Beitrag","link":""},"img":{"alt_text":"","src":"","width":0,"height":0},"classes":[]},{"id":1210,"url":"https:\/\/agfluechtlingshilfe.org\/?page_id=1210","url_meta":{"origin":173,"position":1},"title":"Gastgeberlotsen","author":"agfluechtlingshilfehst","date":"18. April 2022","format":false,"excerpt":"Wir verstehen uns als Schnittstelle zwischen den Menschen, die privat Gefl\u00fcchtete aufgenommen haben und eben die Menschen, die nach ihrer Flucht aufgenommen wurden. Neben den Anforderungen des eigenen Alltags stellt die Begleitung Gefl\u00fcchteter eine Herausforderung dar, die m\u00f6glicherweise nicht abzusehen ist und nicht damit endet, einem Fremden Wohnraum zu \u00fcberlassen.\u2026","rel":"","context":"\u00c4hnlicher Beitrag","block_context":{"text":"\u00c4hnlicher Beitrag","link":""},"img":{"alt_text":"","src":"","width":0,"height":0},"classes":[]},{"id":130,"url":"https:\/\/agfluechtlingshilfe.org\/?page_id=130","url_meta":{"origin":173,"position":2},"title":"Haftungsausschluss (Disclaimer)","author":"agfluechtlingshilfehst","date":"22. Dezember 2016","format":false,"excerpt":"Haftung f\u00fcr Inhalte Als Diensteanbieter sind wir gem\u00e4\u00df \u00a7 7 Abs.1 TMG f\u00fcr eigene Inhalte auf diesen Seiten nach den allgemeinen Gesetzen verantwortlich. Nach \u00a7\u00a7 8 bis 10 TMG sind wir als Diensteanbieter jedoch nicht verpflichtet, \u00fcbermittelte oder gespeicherte fremde Informationen zu \u00fcberwachen oder nach Umst\u00e4nden zu forschen, die auf\u2026","rel":"","context":"\u00c4hnlicher Beitrag","block_context":{"text":"\u00c4hnlicher Beitrag","link":""},"img":{"alt_text":"","src":"","width":0,"height":0},"classes":[]},{"id":68,"url":"https:\/\/agfluechtlingshilfe.org\/?page_id=68","url_meta":{"origin":173,"position":3},"title":"Sprachtraining mit Kinderbetreuung","author":"agfluechtlingshilfehst","date":"20. Dezember 2016","format":false,"excerpt":">> aufgrund der Pandemie-Bedingungen konnte es noch nicht wieder zu einem Neustart des Sprachkurses kommen - sobald es hierzu Neuigkeiten gibt,\u00a0 informieren wir dar\u00fcber an dieser Stelle :-) Unser Sprachkurs, den wir drei Jahre lang in der Gemeinschaftsunterkunft auf dem D\u00e4nholm durchgef\u00fchrt haben, hatte sich im Sommer 2018 den ver\u00e4nderten\u2026","rel":"","context":"\u00c4hnlicher Beitrag","block_context":{"text":"\u00c4hnlicher Beitrag","link":""},"img":{"alt_text":"","src":"https:\/\/i0.wp.com\/agfluechtlingshilfe.org\/wp-content\/uploads\/2016\/12\/15110320_813236405483949_2370122992487011028_o.jpg?resize=350%2C200","width":350,"height":200,"srcset":"https:\/\/i0.wp.com\/agfluechtlingshilfe.org\/wp-content\/uploads\/2016\/12\/15110320_813236405483949_2370122992487011028_o.jpg?resize=350%2C200 1x, https:\/\/i0.wp.com\/agfluechtlingshilfe.org\/wp-content\/uploads\/2016\/12\/15110320_813236405483949_2370122992487011028_o.jpg?resize=525%2C300 1.5x, https:\/\/i0.wp.com\/agfluechtlingshilfe.org\/wp-content\/uploads\/2016\/12\/15110320_813236405483949_2370122992487011028_o.jpg?resize=700%2C400 2x, https:\/\/i0.wp.com\/agfluechtlingshilfe.org\/wp-content\/uploads\/2016\/12\/15110320_813236405483949_2370122992487011028_o.jpg?resize=1050%2C600 3x, https:\/\/i0.wp.com\/agfluechtlingshilfe.org\/wp-content\/uploads\/2016\/12\/15110320_813236405483949_2370122992487011028_o.jpg?resize=1400%2C800 4x"},"classes":[]},{"id":133,"url":"https:\/\/agfluechtlingshilfe.org\/?page_id=133","url_meta":{"origin":173,"position":4},"title":"Datenschutzerkl\u00e4rung gem\u00e4\u00df DSGVO 2018 (Stand 25.5.18)","author":"agfluechtlingshilfehst","date":"22. Dezember 2016","format":false,"excerpt":"1. Datenschutz auf einen Blick Allgemeine Hinweise Die folgenden Hinweise geben einen einfachen \u00dcberblick dar\u00fcber, was mit Ihren personenbezogenen Daten passiert, wenn Sie unsere Website besuchen. Personenbezogene Daten sind alle Daten, mit denen Sie pers\u00f6nlich identifiziert werden k\u00f6nnen. Ausf\u00fchrliche Informationen zum Thema Datenschutz entnehmen Sie unserer unter diesem Text aufgef\u00fchrten\u2026","rel":"","context":"\u00c4hnlicher Beitrag","block_context":{"text":"\u00c4hnlicher Beitrag","link":""},"img":{"alt_text":"","src":"","width":0,"height":0},"classes":[]},{"id":66,"url":"https:\/\/agfluechtlingshilfe.org\/?page_id=66","url_meta":{"origin":173,"position":5},"title":"Fahrradwerkstatt","author":"agfluechtlingshilfehst","date":"20. Dezember 2016","format":false,"excerpt":"Um unseren neuen Mitb\u00fcrgerInnen die dringend erforderliche Mobilit\u00e4t zu erm\u00f6glichen, die sie brauchen um die vielen Aufgaben und \u00c4mterg\u00e4nge des Alltags zu bew\u00e4ltigen, betreiben wir mit einfachsten Mitteln jeden Donnerstag zwischen 14 und 17 Uhr im Malteser-Heim Ummanzer Stra\u00dfe 2 auf dem D\u00e4nholm eine kleine Fahrradwerkstatt. Hier sind alle neuen\u2026","rel":"","context":"\u00c4hnlicher Beitrag","block_context":{"text":"\u00c4hnlicher Beitrag","link":""},"img":{"alt_text":"","src":"https:\/\/i0.wp.com\/agfluechtlingshilfe.org\/wp-content\/uploads\/2016\/12\/IMG_9788Red.jpg?resize=350%2C200","width":350,"height":200},"classes":[]}],"jetpack_likes_enabled":true,"_links":{"self":[{"href":"https:\/\/agfluechtlingshilfe.org\/index.php?rest_route=\/wp\/v2\/pages\/173","targetHints":{"allow":["GET"]}}],"collection":[{"href":"https:\/\/agfluechtlingshilfe.org\/index.php?rest_route=\/wp\/v2\/pages"}],"about":[{"href":"https:\/\/agfluechtlingshilfe.org\/index.php?rest_route=\/wp\/v2\/types\/page"}],"author":[{"embeddable":true,"href":"https:\/\/agfluechtlingshilfe.org\/index.php?rest_route=\/wp\/v2\/users\/1"}],"replies":[{"embeddable":true,"href":"https:\/\/agfluechtlingshilfe.org\/index.php?rest_route=%2Fwp%2Fv2%2Fcomments&post=173"}],"version-history":[{"count":5,"href":"https:\/\/agfluechtlingshilfe.org\/index.php?rest_route=\/wp\/v2\/pages\/173\/revisions"}],"predecessor-version":[{"id":368,"href":"https:\/\/agfluechtlingshilfe.org\/index.php?rest_route=\/wp\/v2\/pages\/173\/revisions\/368"}],"up":[{"embeddable":true,"href":"https:\/\/agfluechtlingshilfe.org\/index.php?rest_route=\/wp\/v2\/pages\/27"}],"wp:attachment":[{"href":"https:\/\/agfluechtlingshilfe.org\/index.php?rest_route=%2Fwp%2Fv2%2Fmedia&parent=173"}],"curies":[{"name":"wp","href":"https:\/\/api.w.org\/{rel}","templated":true}]}}