{"id":1307,"date":"2022-08-28T11:08:36","date_gmt":"2022-08-28T09:08:36","guid":{"rendered":"https:\/\/agfluechtlingshilfe.org\/?page_id=1307"},"modified":"2025-11-02T19:05:08","modified_gmt":"2025-11-02T18:05:08","slug":"begegnungscafe-2","status":"publish","type":"page","link":"https:\/\/agfluechtlingshilfe.org\/?page_id=1307","title":{"rendered":"Begegnungscaf\u00e9"},"content":{"rendered":"\n<p><strong>Das Begegnungscaf\u00e9 pausiert!<\/strong><\/p>\n\n\n\n<figure class=\"wp-block-image size-full\"><img loading=\"lazy\" decoding=\"async\" width=\"660\" height=\"495\" data-attachment-id=\"1239\" data-permalink=\"https:\/\/agfluechtlingshilfe.org\/?attachment_id=1239\" data-orig-file=\"https:\/\/i0.wp.com\/agfluechtlingshilfe.org\/wp-content\/uploads\/2022\/04\/IMG-20220425-WA0001.jpg?fit=1024%2C768&amp;ssl=1\" data-orig-size=\"1024,768\" data-comments-opened=\"1\" data-image-meta=\"{&quot;aperture&quot;:&quot;0&quot;,&quot;credit&quot;:&quot;&quot;,&quot;camera&quot;:&quot;&quot;,&quot;caption&quot;:&quot;&quot;,&quot;created_timestamp&quot;:&quot;0&quot;,&quot;copyright&quot;:&quot;&quot;,&quot;focal_length&quot;:&quot;0&quot;,&quot;iso&quot;:&quot;0&quot;,&quot;shutter_speed&quot;:&quot;0&quot;,&quot;title&quot;:&quot;&quot;,&quot;orientation&quot;:&quot;0&quot;}\" data-image-title=\"IMG-20220425-WA0001\" data-image-description=\"\" data-image-caption=\"\" data-medium-file=\"https:\/\/i0.wp.com\/agfluechtlingshilfe.org\/wp-content\/uploads\/2022\/04\/IMG-20220425-WA0001.jpg?fit=300%2C225&amp;ssl=1\" data-large-file=\"https:\/\/i0.wp.com\/agfluechtlingshilfe.org\/wp-content\/uploads\/2022\/04\/IMG-20220425-WA0001.jpg?fit=660%2C495&amp;ssl=1\" src=\"https:\/\/i0.wp.com\/agfluechtlingshilfe.org\/wp-content\/uploads\/2022\/04\/IMG-20220425-WA0001.jpg?resize=660%2C495\" alt=\"\" class=\"wp-image-1239\" srcset=\"https:\/\/i0.wp.com\/agfluechtlingshilfe.org\/wp-content\/uploads\/2022\/04\/IMG-20220425-WA0001.jpg?w=1024&amp;ssl=1 1024w, https:\/\/i0.wp.com\/agfluechtlingshilfe.org\/wp-content\/uploads\/2022\/04\/IMG-20220425-WA0001.jpg?resize=300%2C225&amp;ssl=1 300w, https:\/\/i0.wp.com\/agfluechtlingshilfe.org\/wp-content\/uploads\/2022\/04\/IMG-20220425-WA0001.jpg?resize=768%2C576&amp;ssl=1 768w\" sizes=\"auto, (max-width: 660px) 100vw, 660px\" data-recalc-dims=\"1\" \/><\/figure>\n\n\n\n<p>Aktuell scheint der Bedarf f\u00fcr ein Begegnungscaf\u00e9 nicht zu bestehen. Da alle unsere Projekte bedarfsorientiert ausgerichtet sind, geh\u00f6rt es f\u00fcr uns immer auch dazu, ggf. einzelne Angebote dauerhaft oder vor\u00fcbergehend einzustellen.  <\/p>\n\n\n\n<p>Wer das Team des Begegnungscaf\u00e9s auch w\u00e4hrend dieser Pausenphase erreichen m\u00f6chte, kann dies unter <a href=\"mailto:begegnungscafe@agfluechtlingshilfe.org\">info@agfluechtlingshilfe.org<\/a> tun.    <\/p>\n","protected":false},"excerpt":{"rendered":"<p>Das Begegnungscaf\u00e9 pausiert! Aktuell scheint der Bedarf f\u00fcr ein Begegnungscaf\u00e9 nicht zu bestehen. Da alle unsere Projekte bedarfsorientiert ausgerichtet sind, geh\u00f6rt es f\u00fcr uns immer auch dazu, ggf. einzelne Angebote dauerhaft oder vor\u00fcbergehend einzustellen. Wer das Team des Begegnungscaf\u00e9s auch w\u00e4hrend dieser Pausenphase erreichen m\u00f6chte, kann dies unter info@agfluechtlingshilfe.org tun.<\/p>\n","protected":false},"author":1,"featured_media":0,"parent":20,"menu_order":0,"comment_status":"closed","ping_status":"closed","template":"","meta":{"footnotes":""},"class_list":["post-1307","page","type-page","status-publish","hentry"],"jetpack_sharing_enabled":true,"jetpack_shortlink":"https:\/\/wp.me\/P8ejgX-l5","jetpack-related-posts":[{"id":113,"url":"https:\/\/agfluechtlingshilfe.org\/?page_id=113","url_meta":{"origin":1307,"position":0},"title":"Sporttreff","author":"agfluechtlingshilfehst","date":"22. Dezember 2016","format":false,"excerpt":"Wem das Begegnungscaf\u00e9 zu wenig sportlich ist, f\u00fcr den bieten wir jeden Freitag ab 18.30 Uhr mit unserem \"Sporttreff\" eine entsprechende Alternative an. Alle die sich bei Sport oder Spiel kennenlernen und bewegen wollen sind herzlich willkommen. Sport ist mit Abstand die einfachste und unterhaltsamste Art, mit Menschen in Kontakt\u2026","rel":"","context":"\u00c4hnlicher Beitrag","block_context":{"text":"\u00c4hnlicher Beitrag","link":""},"img":{"alt_text":"","src":"https:\/\/i0.wp.com\/agfluechtlingshilfe.org\/wp-content\/uploads\/2016\/12\/Sport2.jpg?resize=350%2C200","width":350,"height":200,"srcset":"https:\/\/i0.wp.com\/agfluechtlingshilfe.org\/wp-content\/uploads\/2016\/12\/Sport2.jpg?resize=350%2C200 1x, https:\/\/i0.wp.com\/agfluechtlingshilfe.org\/wp-content\/uploads\/2016\/12\/Sport2.jpg?resize=525%2C300 1.5x"},"classes":[]},{"id":20,"url":"https:\/\/agfluechtlingshilfe.org\/?page_id=20","url_meta":{"origin":1307,"position":1},"title":"Unsere Projekte","author":"agfluechtlingshilfehst","date":"20. Dezember 2016","format":false,"excerpt":"Unsere Projekte sind grunds\u00e4tzlich darauf angelegt, langfristig und zuverl\u00e4ssig zu laufen. Sie sind offen f\u00fcr Jedermann und Jederfrau die sich engagieren wollen. Aus organisatorischen Gr\u00fcnden und um Entt\u00e4uschung zu vermeiden ist es sinnvoll, sich beim ersten Mal vorab mit uns \u00fcber EMail in Verbindung zu setzen. Hier findet Ihr weitere\u2026","rel":"","context":"\u00c4hnlicher Beitrag","block_context":{"text":"\u00c4hnlicher Beitrag","link":""},"img":{"alt_text":"","src":"https:\/\/i0.wp.com\/agfluechtlingshilfe.org\/wp-content\/uploads\/2016\/12\/knotenreling-e1483643075229.jpg?resize=350%2C200","width":350,"height":200,"srcset":"https:\/\/i0.wp.com\/agfluechtlingshilfe.org\/wp-content\/uploads\/2016\/12\/knotenreling-e1483643075229.jpg?resize=350%2C200 1x, https:\/\/i0.wp.com\/agfluechtlingshilfe.org\/wp-content\/uploads\/2016\/12\/knotenreling-e1483643075229.jpg?resize=525%2C300 1.5x"},"classes":[]},{"id":1210,"url":"https:\/\/agfluechtlingshilfe.org\/?page_id=1210","url_meta":{"origin":1307,"position":2},"title":"Gastgeberlotsen","author":"agfluechtlingshilfehst","date":"18. April 2022","format":false,"excerpt":"Wir verstehen uns als Schnittstelle zwischen den Menschen, die privat Gefl\u00fcchtete aufgenommen haben und eben die Menschen, die nach ihrer Flucht aufgenommen wurden. Neben den Anforderungen des eigenen Alltags stellt die Begleitung Gefl\u00fcchteter eine Herausforderung dar, die m\u00f6glicherweise nicht abzusehen ist und nicht damit endet, einem Fremden Wohnraum zu \u00fcberlassen.\u2026","rel":"","context":"\u00c4hnlicher Beitrag","block_context":{"text":"\u00c4hnlicher Beitrag","link":""},"img":{"alt_text":"","src":"","width":0,"height":0},"classes":[]},{"id":880,"url":"https:\/\/agfluechtlingshilfe.org\/?page_id=880","url_meta":{"origin":1307,"position":3},"title":"Topfreisen &#8211; Rezepte aus aller Welt zur IKW 2021","author":"agfluechtlingshilfehst","date":"11. September 2021","format":false,"excerpt":"\"Topfreisen\" ist unser Projekt zur Teilnahme an der Interkulturellen Woche Stralsunds 2021 (IKW). Die Wortsch\u00f6pfung trifft ziemlich genau, was unser Plan war, als wir unseren Beitrag f\u00fcr die IKW entwickelt haben. Die Idee: Esskultur ist neben Musik vielleicht der direkteste oder zumindest einfachste Weg, um \u00fcber den eigenen (buchst\u00e4blichen) Tellerrand\u2026","rel":"","context":"\u00c4hnlicher Beitrag","block_context":{"text":"\u00c4hnlicher Beitrag","link":""},"img":{"alt_text":"","src":"https:\/\/i0.wp.com\/agfluechtlingshilfe.org\/wp-content\/uploads\/2021\/09\/Kollage_Topfreisen.png?resize=350%2C200&ssl=1","width":350,"height":200,"srcset":"https:\/\/i0.wp.com\/agfluechtlingshilfe.org\/wp-content\/uploads\/2021\/09\/Kollage_Topfreisen.png?resize=350%2C200&ssl=1 1x, https:\/\/i0.wp.com\/agfluechtlingshilfe.org\/wp-content\/uploads\/2021\/09\/Kollage_Topfreisen.png?resize=525%2C300&ssl=1 1.5x"},"classes":[]},{"id":955,"url":"https:\/\/agfluechtlingshilfe.org\/?page_id=955","url_meta":{"origin":1307,"position":4},"title":"Frango com mundo &#8211; &#8211; Brasilianisches H\u00e4hnchen mit Mango und Kokosmilch","author":"agfluechtlingshilfehst","date":"28. September 2021","format":false,"excerpt":"Zutaten f\u00fcr 4 Personen600g H\u00e4hnchenbrust, in Streifen geschnitten250 ml Kokosmilch, unges\u00fc\u00dft2 Zwiebeln, klein geschitten2 Mangos, in W\u00fcrfel geschnitten4 Knoblauchzehen4 Tomaten, geviertelt2 Bund Koriander\/Petersilie4 EL Oliven\u00f6l2 TL Sambal OelekKurkumaKreuzk\u00fcmmelSalz und PfefferF\u00fcr den Reis:2 Tassen Reis, parboiled2 Knoblaufzehen, gepresst ZubereitungF\u00fcr den Reis den Knoblauch in Oliven\u00f6l r\u00f6sten, den Reis ungekocht dazugeben und\u2026","rel":"","context":"\u00c4hnlicher Beitrag","block_context":{"text":"\u00c4hnlicher Beitrag","link":""},"img":{"alt_text":"","src":"https:\/\/i0.wp.com\/agfluechtlingshilfe.org\/wp-content\/uploads\/2021\/09\/IMG_5595-scaled.jpg?resize=350%2C200&ssl=1","width":350,"height":200,"srcset":"https:\/\/i0.wp.com\/agfluechtlingshilfe.org\/wp-content\/uploads\/2021\/09\/IMG_5595-scaled.jpg?resize=350%2C200&ssl=1 1x, https:\/\/i0.wp.com\/agfluechtlingshilfe.org\/wp-content\/uploads\/2021\/09\/IMG_5595-scaled.jpg?resize=525%2C300&ssl=1 1.5x, https:\/\/i0.wp.com\/agfluechtlingshilfe.org\/wp-content\/uploads\/2021\/09\/IMG_5595-scaled.jpg?resize=700%2C400&ssl=1 2x, https:\/\/i0.wp.com\/agfluechtlingshilfe.org\/wp-content\/uploads\/2021\/09\/IMG_5595-scaled.jpg?resize=1050%2C600&ssl=1 3x, https:\/\/i0.wp.com\/agfluechtlingshilfe.org\/wp-content\/uploads\/2021\/09\/IMG_5595-scaled.jpg?resize=1400%2C800&ssl=1 4x"},"classes":[]},{"id":659,"url":"https:\/\/agfluechtlingshilfe.org\/?page_id=659","url_meta":{"origin":1307,"position":5},"title":"Was tun?! Beratung &#8211; Unterst\u00fctzung &#8211; Kontaktvermittlung","author":"agfluechtlingshilfehst","date":"4. Mai 2018","format":false,"excerpt":"\u00a0\u00a0\u00a0\u00a0\u00a0\u00a0\u00a0 Im Mai 2018 startete unser j\u00fcngstes Projekt: \"Was tun?!\" eine Anlaufstelle f\u00fcr Beratung, Unterst\u00fctzung und die Vermittlung hilfreicher Kontakte in allen Alltagsfragen. Man fand sie nicht nur r\u00e4umlich sondern auch im Sinne einer konstruktiven und erg\u00e4nzenden Kooperation unter dem Dach des Kreisdiakonischen Werks (KdW) im Gro\u00dfen Diebsteig 3, Maritimes\u2026","rel":"","context":"\u00c4hnlicher Beitrag","block_context":{"text":"\u00c4hnlicher Beitrag","link":""},"img":{"alt_text":"","src":"https:\/\/i0.wp.com\/agfluechtlingshilfe.org\/wp-content\/uploads\/2018\/05\/IMG_20180502_204047-1-255x300.jpg?resize=350%2C200","width":350,"height":200},"classes":[]}],"jetpack_likes_enabled":true,"_links":{"self":[{"href":"https:\/\/agfluechtlingshilfe.org\/index.php?rest_route=\/wp\/v2\/pages\/1307","targetHints":{"allow":["GET"]}}],"collection":[{"href":"https:\/\/agfluechtlingshilfe.org\/index.php?rest_route=\/wp\/v2\/pages"}],"about":[{"href":"https:\/\/agfluechtlingshilfe.org\/index.php?rest_route=\/wp\/v2\/types\/page"}],"author":[{"embeddable":true,"href":"https:\/\/agfluechtlingshilfe.org\/index.php?rest_route=\/wp\/v2\/users\/1"}],"replies":[{"embeddable":true,"href":"https:\/\/agfluechtlingshilfe.org\/index.php?rest_route=%2Fwp%2Fv2%2Fcomments&post=1307"}],"version-history":[{"count":2,"href":"https:\/\/agfluechtlingshilfe.org\/index.php?rest_route=\/wp\/v2\/pages\/1307\/revisions"}],"predecessor-version":[{"id":1368,"href":"https:\/\/agfluechtlingshilfe.org\/index.php?rest_route=\/wp\/v2\/pages\/1307\/revisions\/1368"}],"up":[{"embeddable":true,"href":"https:\/\/agfluechtlingshilfe.org\/index.php?rest_route=\/wp\/v2\/pages\/20"}],"wp:attachment":[{"href":"https:\/\/agfluechtlingshilfe.org\/index.php?rest_route=%2Fwp%2Fv2%2Fmedia&parent=1307"}],"curies":[{"name":"wp","href":"https:\/\/api.w.org\/{rel}","templated":true}]}}