{"id":1210,"date":"2022-04-18T20:07:22","date_gmt":"2022-04-18T18:07:22","guid":{"rendered":"https:\/\/agfluechtlingshilfe.org\/?page_id=1210"},"modified":"2022-04-18T20:10:48","modified_gmt":"2022-04-18T18:10:48","slug":"gastgeberlotsen","status":"publish","type":"page","link":"https:\/\/agfluechtlingshilfe.org\/?page_id=1210","title":{"rendered":"Gastgeberlotsen"},"content":{"rendered":"\n<p>Wir verstehen uns als Schnittstelle zwischen den Menschen, die privat Gefl\u00fcchtete aufgenommen haben und eben die Menschen, die nach ihrer Flucht aufgenommen wurden. Neben den Anforderungen des eigenen Alltags stellt die Begleitung Gefl\u00fcchteter eine Herausforderung dar, die m\u00f6glicherweise nicht abzusehen ist und nicht damit endet, einem Fremden Wohnraum zu \u00fcberlassen. <\/p>\n\n\n\n<p>Fragen zu Formalien wie Registrierung, Bezug finanzieller Hilfen, Integration in Bildungs- und Arbeitskontexten k\u00f6nnen bereits gut \u00fcber die Internetpr\u00e4senz des Landkreises gekl\u00e4rt werden. Doch wie geht man mit Menschen mit traumatischen Erfahrungen um, wie schafft man es, Konflikte nicht hochkochen zu lassen und selbst in dieser herausfordernden Zeit unbeschadet zu bleiben? <\/p>\n\n\n\n<p>Hierf\u00fcr m\u00f6chten wir uns zur Verf\u00fcgung stellen: als Vermittler, Gespr\u00e4chspartner und Kontaktpersonen zu weiteren Hilfsangeboten unseres Vereins wie u.a. das Begegnungscaf\u00e8, die Kinderbetreuung und Sprachkurse. <\/p>\n\n\n\n<p>Unser Kontakt: gastgeberlotsen@agfluechtlingshilfe.org<\/p>\n","protected":false},"excerpt":{"rendered":"<p>Wir verstehen uns als Schnittstelle zwischen den Menschen, die privat Gefl\u00fcchtete aufgenommen haben und eben die Menschen, die nach ihrer Flucht aufgenommen wurden. Neben den Anforderungen des eigenen Alltags stellt die Begleitung Gefl\u00fcchteter eine Herausforderung dar, die m\u00f6glicherweise nicht abzusehen ist und nicht damit endet, einem Fremden Wohnraum zu \u00fcberlassen. Fragen zu Formalien wie Registrierung, &hellip; <a href=\"https:\/\/agfluechtlingshilfe.org\/?page_id=1210\" class=\"more-link\"><span class=\"screen-reader-text\">Gastgeberlotsen<\/span> weiterlesen<\/a><\/p>\n","protected":false},"author":1,"featured_media":0,"parent":20,"menu_order":0,"comment_status":"closed","ping_status":"closed","template":"","meta":{"footnotes":""},"class_list":["post-1210","page","type-page","status-publish","hentry"],"jetpack_sharing_enabled":true,"jetpack_shortlink":"https:\/\/wp.me\/P8ejgX-jw","jetpack-related-posts":[{"id":54,"url":"https:\/\/agfluechtlingshilfe.org\/?page_id=54","url_meta":{"origin":1210,"position":0},"title":"\u00dcber uns","author":"agfluechtlingshilfehst","date":"20. Dezember 2016","format":false,"excerpt":"Aus einer Initiative des Vereins \"Rock gegen Rechts Stralsund\" im Februar 2015, entwickelten sich die ersten Projekte einer Gruppe, die sich den pragmatischen Namen AG Fl\u00fcchtlingshilfe gab. Mit der Gr\u00fcndung des Vereins am 24.10.2016 wurde der Grundstein gelegt f\u00fcr eine enge Zusammenarbeit mit sozial- und kommunalpolitischen Netzwerken, um \u00fcber 100\u2026","rel":"","context":"\u00c4hnlicher Beitrag","block_context":{"text":"\u00c4hnlicher Beitrag","link":""},"img":{"alt_text":"","src":"https:\/\/i0.wp.com\/agfluechtlingshilfe.org\/wp-content\/uploads\/2016\/12\/cropped-agfluechtlingshilfeLOGO.jpg?fit=248%2C248&ssl=1&resize=350%2C200","width":350,"height":200},"classes":[]},{"id":133,"url":"https:\/\/agfluechtlingshilfe.org\/?page_id=133","url_meta":{"origin":1210,"position":1},"title":"Datenschutzerkl\u00e4rung gem\u00e4\u00df DSGVO 2018 (Stand 25.5.18)","author":"agfluechtlingshilfehst","date":"22. Dezember 2016","format":false,"excerpt":"1. Datenschutz auf einen Blick Allgemeine Hinweise Die folgenden Hinweise geben einen einfachen \u00dcberblick dar\u00fcber, was mit Ihren personenbezogenen Daten passiert, wenn Sie unsere Website besuchen. Personenbezogene Daten sind alle Daten, mit denen Sie pers\u00f6nlich identifiziert werden k\u00f6nnen. Ausf\u00fchrliche Informationen zum Thema Datenschutz entnehmen Sie unserer unter diesem Text aufgef\u00fchrten\u2026","rel":"","context":"\u00c4hnlicher Beitrag","block_context":{"text":"\u00c4hnlicher Beitrag","link":""},"img":{"alt_text":"","src":"","width":0,"height":0},"classes":[]},{"id":880,"url":"https:\/\/agfluechtlingshilfe.org\/?page_id=880","url_meta":{"origin":1210,"position":2},"title":"Topfreisen &#8211; Rezepte aus aller Welt zur IKW 2021","author":"agfluechtlingshilfehst","date":"11. September 2021","format":false,"excerpt":"\"Topfreisen\" ist unser Projekt zur Teilnahme an der Interkulturellen Woche Stralsunds 2021 (IKW). Die Wortsch\u00f6pfung trifft ziemlich genau, was unser Plan war, als wir unseren Beitrag f\u00fcr die IKW entwickelt haben. Die Idee: Esskultur ist neben Musik vielleicht der direkteste oder zumindest einfachste Weg, um \u00fcber den eigenen (buchst\u00e4blichen) Tellerrand\u2026","rel":"","context":"\u00c4hnlicher Beitrag","block_context":{"text":"\u00c4hnlicher Beitrag","link":""},"img":{"alt_text":"","src":"https:\/\/i0.wp.com\/agfluechtlingshilfe.org\/wp-content\/uploads\/2021\/09\/Kollage_Topfreisen.png?resize=350%2C200&ssl=1","width":350,"height":200,"srcset":"https:\/\/i0.wp.com\/agfluechtlingshilfe.org\/wp-content\/uploads\/2021\/09\/Kollage_Topfreisen.png?resize=350%2C200&ssl=1 1x, https:\/\/i0.wp.com\/agfluechtlingshilfe.org\/wp-content\/uploads\/2021\/09\/Kollage_Topfreisen.png?resize=525%2C300&ssl=1 1.5x"},"classes":[]},{"id":113,"url":"https:\/\/agfluechtlingshilfe.org\/?page_id=113","url_meta":{"origin":1210,"position":3},"title":"Sporttreff","author":"agfluechtlingshilfehst","date":"22. Dezember 2016","format":false,"excerpt":"Wem das Begegnungscaf\u00e9 zu wenig sportlich ist, f\u00fcr den bieten wir jeden Freitag ab 18.30 Uhr mit unserem \"Sporttreff\" eine entsprechende Alternative an. Alle die sich bei Sport oder Spiel kennenlernen und bewegen wollen sind herzlich willkommen. Sport ist mit Abstand die einfachste und unterhaltsamste Art, mit Menschen in Kontakt\u2026","rel":"","context":"\u00c4hnlicher Beitrag","block_context":{"text":"\u00c4hnlicher Beitrag","link":""},"img":{"alt_text":"","src":"https:\/\/i0.wp.com\/agfluechtlingshilfe.org\/wp-content\/uploads\/2016\/12\/Sport2.jpg?resize=350%2C200","width":350,"height":200,"srcset":"https:\/\/i0.wp.com\/agfluechtlingshilfe.org\/wp-content\/uploads\/2016\/12\/Sport2.jpg?resize=350%2C200 1x, https:\/\/i0.wp.com\/agfluechtlingshilfe.org\/wp-content\/uploads\/2016\/12\/Sport2.jpg?resize=525%2C300 1.5x"},"classes":[]},{"id":68,"url":"https:\/\/agfluechtlingshilfe.org\/?page_id=68","url_meta":{"origin":1210,"position":4},"title":"Sprachtraining mit Kinderbetreuung","author":"agfluechtlingshilfehst","date":"20. Dezember 2016","format":false,"excerpt":">> aufgrund der Pandemie-Bedingungen konnte es noch nicht wieder zu einem Neustart des Sprachkurses kommen - sobald es hierzu Neuigkeiten gibt,\u00a0 informieren wir dar\u00fcber an dieser Stelle :-) Unser Sprachkurs, den wir drei Jahre lang in der Gemeinschaftsunterkunft auf dem D\u00e4nholm durchgef\u00fchrt haben, hatte sich im Sommer 2018 den ver\u00e4nderten\u2026","rel":"","context":"\u00c4hnlicher Beitrag","block_context":{"text":"\u00c4hnlicher Beitrag","link":""},"img":{"alt_text":"","src":"https:\/\/i0.wp.com\/agfluechtlingshilfe.org\/wp-content\/uploads\/2016\/12\/15110320_813236405483949_2370122992487011028_o.jpg?resize=350%2C200","width":350,"height":200,"srcset":"https:\/\/i0.wp.com\/agfluechtlingshilfe.org\/wp-content\/uploads\/2016\/12\/15110320_813236405483949_2370122992487011028_o.jpg?resize=350%2C200 1x, https:\/\/i0.wp.com\/agfluechtlingshilfe.org\/wp-content\/uploads\/2016\/12\/15110320_813236405483949_2370122992487011028_o.jpg?resize=525%2C300 1.5x, https:\/\/i0.wp.com\/agfluechtlingshilfe.org\/wp-content\/uploads\/2016\/12\/15110320_813236405483949_2370122992487011028_o.jpg?resize=700%2C400 2x, https:\/\/i0.wp.com\/agfluechtlingshilfe.org\/wp-content\/uploads\/2016\/12\/15110320_813236405483949_2370122992487011028_o.jpg?resize=1050%2C600 3x, https:\/\/i0.wp.com\/agfluechtlingshilfe.org\/wp-content\/uploads\/2016\/12\/15110320_813236405483949_2370122992487011028_o.jpg?resize=1400%2C800 4x"},"classes":[]},{"id":130,"url":"https:\/\/agfluechtlingshilfe.org\/?page_id=130","url_meta":{"origin":1210,"position":5},"title":"Haftungsausschluss (Disclaimer)","author":"agfluechtlingshilfehst","date":"22. Dezember 2016","format":false,"excerpt":"Haftung f\u00fcr Inhalte Als Diensteanbieter sind wir gem\u00e4\u00df \u00a7 7 Abs.1 TMG f\u00fcr eigene Inhalte auf diesen Seiten nach den allgemeinen Gesetzen verantwortlich. Nach \u00a7\u00a7 8 bis 10 TMG sind wir als Diensteanbieter jedoch nicht verpflichtet, \u00fcbermittelte oder gespeicherte fremde Informationen zu \u00fcberwachen oder nach Umst\u00e4nden zu forschen, die auf\u2026","rel":"","context":"\u00c4hnlicher Beitrag","block_context":{"text":"\u00c4hnlicher Beitrag","link":""},"img":{"alt_text":"","src":"","width":0,"height":0},"classes":[]}],"jetpack_likes_enabled":true,"_links":{"self":[{"href":"https:\/\/agfluechtlingshilfe.org\/index.php?rest_route=\/wp\/v2\/pages\/1210","targetHints":{"allow":["GET"]}}],"collection":[{"href":"https:\/\/agfluechtlingshilfe.org\/index.php?rest_route=\/wp\/v2\/pages"}],"about":[{"href":"https:\/\/agfluechtlingshilfe.org\/index.php?rest_route=\/wp\/v2\/types\/page"}],"author":[{"embeddable":true,"href":"https:\/\/agfluechtlingshilfe.org\/index.php?rest_route=\/wp\/v2\/users\/1"}],"replies":[{"embeddable":true,"href":"https:\/\/agfluechtlingshilfe.org\/index.php?rest_route=%2Fwp%2Fv2%2Fcomments&post=1210"}],"version-history":[{"count":1,"href":"https:\/\/agfluechtlingshilfe.org\/index.php?rest_route=\/wp\/v2\/pages\/1210\/revisions"}],"predecessor-version":[{"id":1211,"href":"https:\/\/agfluechtlingshilfe.org\/index.php?rest_route=\/wp\/v2\/pages\/1210\/revisions\/1211"}],"up":[{"embeddable":true,"href":"https:\/\/agfluechtlingshilfe.org\/index.php?rest_route=\/wp\/v2\/pages\/20"}],"wp:attachment":[{"href":"https:\/\/agfluechtlingshilfe.org\/index.php?rest_route=%2Fwp%2Fv2%2Fmedia&parent=1210"}],"curies":[{"name":"wp","href":"https:\/\/api.w.org\/{rel}","templated":true}]}}