{"id":1198,"date":"2022-04-09T13:36:38","date_gmt":"2022-04-09T11:36:38","guid":{"rendered":"https:\/\/agfluechtlingshilfe.org\/?page_id=1198"},"modified":"2022-11-09T20:08:28","modified_gmt":"2022-11-09T19:08:28","slug":"willkommen","status":"publish","type":"page","link":"https:\/\/agfluechtlingshilfe.org\/","title":{"rendered":"Willkommen!"},"content":{"rendered":"\n<p>Wir vom Verein AG Fluechtlingshilfe freuen uns, dass Sie zu uns gefunden haben. <br>Hier finden Sie Informationen \u00fcber unsere <a href=\"https:\/\/agfluechtlingshilfe.org\/?page_id=20\">aktuellen Projekte<\/a>, die <a href=\"https:\/\/agfluechtlingshilfe.org\/?p=1164\" data-type=\"post\" data-id=\"1164\">aktuell Helfer suchen<\/a>. <br>Wir freuen uns \u00fcber jegliche Unterst\u00fctzung! Ob Sie <a href=\"https:\/\/agfluechtlingshilfe.org\/?page_id=27\" data-type=\"page\" data-id=\"27\">mitmachen<\/a> oder <a href=\"https:\/\/agfluechtlingshilfe.org\/?page_id=173\" data-type=\"page\" data-id=\"173\">spenden<\/a> wollen. <br><\/p>\n\n\n\n<p class=\"has-large-font-size\" style=\"font-style:normal;font-weight:600\">Aktuelles<\/p>\n\n\n\n<div class=\"wp-block-columns is-layout-flex wp-container-core-columns-is-layout-9d6595d7 wp-block-columns-is-layout-flex\">\n<div class=\"wp-block-column is-layout-flow wp-block-column-is-layout-flow\" style=\"flex-basis:100%\"><ul class=\"wp-block-latest-posts__list has-dates wp-block-latest-posts\"><li><div class=\"wp-block-latest-posts__featured-image\"><img loading=\"lazy\" decoding=\"async\" width=\"150\" height=\"150\" src=\"https:\/\/i0.wp.com\/agfluechtlingshilfe.org\/wp-content\/uploads\/2026\/01\/signal-2025-12-11-18-21-29-118.jpg?resize=150%2C150&amp;ssl=1\" class=\"attachment-thumbnail size-thumbnail wp-post-image\" alt=\"\" style=\"max-width:38px;max-height:38px;\" srcset=\"https:\/\/i0.wp.com\/agfluechtlingshilfe.org\/wp-content\/uploads\/2026\/01\/signal-2025-12-11-18-21-29-118.jpg?resize=150%2C150&amp;ssl=1 150w, https:\/\/i0.wp.com\/agfluechtlingshilfe.org\/wp-content\/uploads\/2026\/01\/signal-2025-12-11-18-21-29-118.jpg?zoom=2&amp;resize=150%2C150 300w, https:\/\/i0.wp.com\/agfluechtlingshilfe.org\/wp-content\/uploads\/2026\/01\/signal-2025-12-11-18-21-29-118.jpg?zoom=3&amp;resize=150%2C150 450w\" sizes=\"auto, (max-width: 150px) 100vw, 150px\" data-attachment-id=\"1394\" data-permalink=\"https:\/\/agfluechtlingshilfe.org\/?attachment_id=1394\" data-orig-file=\"https:\/\/i0.wp.com\/agfluechtlingshilfe.org\/wp-content\/uploads\/2026\/01\/signal-2025-12-11-18-21-29-118.jpg?fit=2048%2C918&amp;ssl=1\" data-orig-size=\"2048,918\" data-comments-opened=\"0\" data-image-meta=\"{&quot;aperture&quot;:&quot;0&quot;,&quot;credit&quot;:&quot;&quot;,&quot;camera&quot;:&quot;&quot;,&quot;caption&quot;:&quot;&quot;,&quot;created_timestamp&quot;:&quot;0&quot;,&quot;copyright&quot;:&quot;&quot;,&quot;focal_length&quot;:&quot;0&quot;,&quot;iso&quot;:&quot;0&quot;,&quot;shutter_speed&quot;:&quot;0&quot;,&quot;title&quot;:&quot;&quot;,&quot;orientation&quot;:&quot;0&quot;}\" data-image-title=\"signal-2025-12-11-18-21-29-118\" data-image-description=\"\" data-image-caption=\"\" data-medium-file=\"https:\/\/i0.wp.com\/agfluechtlingshilfe.org\/wp-content\/uploads\/2026\/01\/signal-2025-12-11-18-21-29-118.jpg?fit=300%2C134&amp;ssl=1\" data-large-file=\"https:\/\/i0.wp.com\/agfluechtlingshilfe.org\/wp-content\/uploads\/2026\/01\/signal-2025-12-11-18-21-29-118.jpg?fit=660%2C296&amp;ssl=1\" \/><\/div><a class=\"wp-block-latest-posts__post-title\" href=\"https:\/\/agfluechtlingshilfe.org\/?p=1378\">Inzwischen eine sch\u00f6ne Tradition: die allj\u00e4hrliche Kinder-Bescherung auf dem D\u00e4nholm<\/a><time datetime=\"2026-01-11T11:33:49+01:00\" class=\"wp-block-latest-posts__post-date\">11. Januar 2026<\/time><div class=\"wp-block-latest-posts__post-excerpt\">Seit Bestehen des Vereins engagieren sich einige unserer Mitglieder in der Kinderbetreuung in den Gemeinschaftsunterk\u00fcnften auf dem D\u00e4nholm und initiieren dort f\u00fcr diese Kinder auch seit vielen Jahren kurz vor Weihnachten eine weihnachtliche Bescherung mit Geschenken f\u00fcr alle. Um dies &hellip; <a href=\"https:\/\/agfluechtlingshilfe.org\/?p=1378\" class=\"more-link\"><span class=\"screen-reader-text\">Inzwischen eine sch\u00f6ne Tradition: die allj\u00e4hrliche Kinder-Bescherung auf dem D\u00e4nholm<\/span> weiterlesen<\/a><\/div><\/li>\n<li><a class=\"wp-block-latest-posts__post-title\" href=\"https:\/\/agfluechtlingshilfe.org\/?p=1349\">Wir waren Teil der NDR-Nordstory<\/a><time datetime=\"2023-10-07T12:18:14+02:00\" class=\"wp-block-latest-posts__post-date\">7. Oktober 2023<\/time><div class=\"wp-block-latest-posts__post-excerpt\">Am 15.09.2023 waren wir mit unserer Fahrradwerkstatt in der NDR Nordstory dabei. J\u00fcrgen und seine Helfer haben ihre Arbeit und Motivation wirklich gut r\u00fcber gebracht und die Resonanz auf den Beitrag war bisher auch schon sehr erfreulich. Wer es verpasst &hellip; <a href=\"https:\/\/agfluechtlingshilfe.org\/?p=1349\" class=\"more-link\"><span class=\"screen-reader-text\">Wir waren Teil der NDR-Nordstory<\/span> weiterlesen<\/a><\/div><\/li>\n<li><a class=\"wp-block-latest-posts__post-title\" href=\"https:\/\/agfluechtlingshilfe.org\/?p=1318\">Ausstellungser\u00f6ffnung &#8222;Lebenslinien verbinden &#8211; Frieden stiften&#8220;<\/a><time datetime=\"2022-09-29T22:09:12+02:00\" class=\"wp-block-latest-posts__post-date\">29. September 2022<\/time><div class=\"wp-block-latest-posts__post-excerpt\"><\/div><\/li>\n<li><a class=\"wp-block-latest-posts__post-title\" href=\"https:\/\/agfluechtlingshilfe.org\/?p=1289\">Peppa zu Besuch bei den Kindern auf dem D\u00e4nholm<\/a><time datetime=\"2022-07-12T14:48:00+02:00\" class=\"wp-block-latest-posts__post-date\">12. Juli 2022<\/time><div class=\"wp-block-latest-posts__post-excerpt\">Am 5.7.2022 kam uns das Team von disdance project auf dem D\u00e4nholm besuchen und sie brachten PEPPA mit! PEPPA erlebt in clownesken Theater-Miniaturen, die ohne Sprache auskommen, Situationen, die Kindern nur zu vertraut sind. Bei uns war das Thema &#8222;1. &hellip; <a href=\"https:\/\/agfluechtlingshilfe.org\/?p=1289\" class=\"more-link\"><span class=\"screen-reader-text\">Peppa zu Besuch bei den Kindern auf dem D\u00e4nholm<\/span> weiterlesen<\/a><\/div><\/li>\n<li><a class=\"wp-block-latest-posts__post-title\" href=\"https:\/\/agfluechtlingshilfe.org\/?p=1164\">Unsere neuen Projekte suchen Helfer!<\/a><time datetime=\"2022-03-23T08:36:29+01:00\" class=\"wp-block-latest-posts__post-date\">23. M\u00e4rz 2022<\/time><div class=\"wp-block-latest-posts__post-excerpt\">Nach zwei sehr effektiven Planungstreffen mit vielen neuen Helfern kann es jetzt losgehen. Wir suchen aber noch dringend ehrenamtliche Helfer, die uns in unseren Projekten unterst\u00fctzen, damit diese zuverl\u00e4ssig und dauerhaft in die Tat umgesetzt werden k\u00f6nnen. Wir starten die &hellip; <a href=\"https:\/\/agfluechtlingshilfe.org\/?p=1164\" class=\"more-link\"><span class=\"screen-reader-text\">Unsere neuen Projekte suchen Helfer!<\/span> weiterlesen<\/a><\/div><\/li>\n<li><a class=\"wp-block-latest-posts__post-title\" href=\"https:\/\/agfluechtlingshilfe.org\/?p=1145\">Ein guter Start&#8230;<\/a><time datetime=\"2022-03-12T09:55:06+01:00\" class=\"wp-block-latest-posts__post-date\">12. M\u00e4rz 2022<\/time><div class=\"wp-block-latest-posts__post-excerpt\">&#8230; war das Kick-Off Treffen am Freitagabend den 11.3.2022 auf jeden Fall schon mal! 28 Menschen waren unserer Einladung gefolgt und in die Sporthalle der Goethe-Schule gekommen. Wir haben uns riesig \u00fcber die wirklich positive Stimmung und die engagierte, aktive &hellip; <a href=\"https:\/\/agfluechtlingshilfe.org\/?p=1145\" class=\"more-link\"><span class=\"screen-reader-text\">Ein guter Start&#8230;<\/span> weiterlesen<\/a><\/div><\/li>\n<li><a class=\"wp-block-latest-posts__post-title\" href=\"https:\/\/agfluechtlingshilfe.org\/?p=1129\">Gemeinsam und solidarisch \u2013 unsere Antwort auf Krieg und Vertreibung<\/a><time datetime=\"2022-03-02T10:55:13+01:00\" class=\"wp-block-latest-posts__post-date\">2. M\u00e4rz 2022<\/time><div class=\"wp-block-latest-posts__post-excerpt\">Liebe Engagierte, Interessierte und Unentschlossene, die Ereignisse der letzten Woche ver\u00e4ndern die Welt in der wir leben in sehr vielschichtiger Weise. Aber nicht erst seit letzter Woche k\u00f6nnen wir beobachten, dass Gewissheiten und Werte, die wir wie in Stein gemeisselt &hellip; <a href=\"https:\/\/agfluechtlingshilfe.org\/?p=1129\" class=\"more-link\"><span class=\"screen-reader-text\">Gemeinsam und solidarisch \u2013 unsere Antwort auf Krieg und Vertreibung<\/span> weiterlesen<\/a><\/div><\/li>\n<li><a class=\"wp-block-latest-posts__post-title\" href=\"https:\/\/agfluechtlingshilfe.org\/?p=1123\">Hilfe und Informationen f\u00fcr Fl\u00fcchtlinge aus der Ukraine und deren Unterst\u00fctzer<\/a><time datetime=\"2022-02-27T12:14:50+01:00\" class=\"wp-block-latest-posts__post-date\">27. Februar 2022<\/time><div class=\"wp-block-latest-posts__post-excerpt\">MV-spezifische Infos vom Landkreis Vorpommern-R\u00fcgen (LKVR) https:\/\/www.lk-vr.de\/Hinweise\/Ukraine-Hilfe\/ MV-spezifische Infos vom Fl\u00fcchtlingsrat M-V FAQ Sammlung (auch auf ukrainisch) Weitere Informationen: &nbsp; &nbsp;https:\/\/www.fluechtlingsrat-mv.de\/ Informationssammlung von PRO ASYL | Mehrsprachige FAQs von ProAsyl<\/div><\/li>\n<\/ul><\/div>\n<\/div>\n","protected":false},"excerpt":{"rendered":"<p>Wir vom Verein AG Fluechtlingshilfe freuen uns, dass Sie zu uns gefunden haben. Hier finden Sie Informationen \u00fcber unsere aktuellen Projekte, die aktuell Helfer suchen. Wir freuen uns \u00fcber jegliche Unterst\u00fctzung! Ob Sie mitmachen oder spenden wollen. Aktuelles<\/p>\n","protected":false},"author":1,"featured_media":0,"parent":0,"menu_order":0,"comment_status":"closed","ping_status":"closed","template":"","meta":{"footnotes":""},"class_list":["post-1198","page","type-page","status-publish","hentry"],"jetpack_sharing_enabled":true,"jetpack_shortlink":"https:\/\/wp.me\/P8ejgX-jk","jetpack-related-posts":[{"id":20,"url":"https:\/\/agfluechtlingshilfe.org\/?page_id=20","url_meta":{"origin":1198,"position":0},"title":"Unsere Projekte","author":"agfluechtlingshilfehst","date":"20. Dezember 2016","format":false,"excerpt":"Unsere Projekte sind grunds\u00e4tzlich darauf angelegt, langfristig und zuverl\u00e4ssig zu laufen. Sie sind offen f\u00fcr Jedermann und Jederfrau die sich engagieren wollen. Aus organisatorischen Gr\u00fcnden und um Entt\u00e4uschung zu vermeiden ist es sinnvoll, sich beim ersten Mal vorab mit uns \u00fcber EMail in Verbindung zu setzen. Hier findet Ihr weitere\u2026","rel":"","context":"\u00c4hnlicher Beitrag","block_context":{"text":"\u00c4hnlicher Beitrag","link":""},"img":{"alt_text":"","src":"https:\/\/i0.wp.com\/agfluechtlingshilfe.org\/wp-content\/uploads\/2016\/12\/knotenreling-e1483643075229.jpg?resize=350%2C200","width":350,"height":200,"srcset":"https:\/\/i0.wp.com\/agfluechtlingshilfe.org\/wp-content\/uploads\/2016\/12\/knotenreling-e1483643075229.jpg?resize=350%2C200 1x, https:\/\/i0.wp.com\/agfluechtlingshilfe.org\/wp-content\/uploads\/2016\/12\/knotenreling-e1483643075229.jpg?resize=525%2C300 1.5x"},"classes":[]},{"id":180,"url":"https:\/\/agfluechtlingshilfe.org\/?page_id=180","url_meta":{"origin":1198,"position":1},"title":"Herzlich Willkommen&#8230;","author":"agfluechtlingshilfehst","date":"23. Dezember 2016","format":false,"excerpt":"...auf der Internetseite des gemeinn\u00fctzigen Vereins Arbeitsgemeinschaft Fl\u00fcchtlingshilfe Stralsund e.V. Wir sind ein kleiner und sehr junger Verein, der 100%\u00a0 ehrenamtlich funktioniert. Wir sind also keine Profis und diese Seite ist ein wachsendes Wesen, welches wir so gut es uns gelingt pflegen und aktualisieren! Wenn Ihr mehr \u00fcber uns erfahren\u2026","rel":"","context":"\u00c4hnlicher Beitrag","block_context":{"text":"\u00c4hnlicher Beitrag","link":""},"img":{"alt_text":"","src":"","width":0,"height":0},"classes":[]},{"id":173,"url":"https:\/\/agfluechtlingshilfe.org\/?page_id=173","url_meta":{"origin":1198,"position":2},"title":"Spenden","author":"agfluechtlingshilfehst","date":"23. Dezember 2016","format":false,"excerpt":"Wir freuen uns grunds\u00e4zlich immer \u00fcber Spenden. Da wir aber nicht \u00fcber\u00a0 Lagerkapazit\u00e4ten verf\u00fcgen, k\u00f6nnen wir Sachspenden ausschlie\u00dflich nach vorheriger Absprache annehmen! Wir bitten da um Euer Verst\u00e4ndnis. Finanzielle Unterst\u00fctzung braucht nicht viel Platz, darum k\u00f6nnen wir Geldspenden jederzeit annehmen. Entweder als direkte \u00dcberweisung mit Verwendungszweck \"Spende\" auf folgendes Konto:\u2026","rel":"","context":"\u00c4hnlicher Beitrag","block_context":{"text":"\u00c4hnlicher Beitrag","link":""},"img":{"alt_text":"","src":"https:\/\/i0.wp.com\/agfluechtlingshilfe.org\/wp-content\/uploads\/2016\/12\/IMG-20161220-WA0003-e1483642968683.jpg?resize=350%2C200","width":350,"height":200,"srcset":"https:\/\/i0.wp.com\/agfluechtlingshilfe.org\/wp-content\/uploads\/2016\/12\/IMG-20161220-WA0003-e1483642968683.jpg?resize=350%2C200 1x, https:\/\/i0.wp.com\/agfluechtlingshilfe.org\/wp-content\/uploads\/2016\/12\/IMG-20161220-WA0003-e1483642968683.jpg?resize=525%2C300 1.5x, https:\/\/i0.wp.com\/agfluechtlingshilfe.org\/wp-content\/uploads\/2016\/12\/IMG-20161220-WA0003-e1483642968683.jpg?resize=700%2C400 2x"},"classes":[]},{"id":54,"url":"https:\/\/agfluechtlingshilfe.org\/?page_id=54","url_meta":{"origin":1198,"position":3},"title":"\u00dcber uns","author":"agfluechtlingshilfehst","date":"20. Dezember 2016","format":false,"excerpt":"Aus einer Initiative des Vereins \"Rock gegen Rechts Stralsund\" im Februar 2015, entwickelten sich die ersten Projekte einer Gruppe, die sich den pragmatischen Namen AG Fl\u00fcchtlingshilfe gab. Mit der Gr\u00fcndung des Vereins am 24.10.2016 wurde der Grundstein gelegt f\u00fcr eine enge Zusammenarbeit mit sozial- und kommunalpolitischen Netzwerken, um \u00fcber 100\u2026","rel":"","context":"\u00c4hnlicher Beitrag","block_context":{"text":"\u00c4hnlicher Beitrag","link":""},"img":{"alt_text":"","src":"https:\/\/i0.wp.com\/agfluechtlingshilfe.org\/wp-content\/uploads\/2016\/12\/cropped-agfluechtlingshilfeLOGO.jpg?fit=248%2C248&ssl=1&resize=350%2C200","width":350,"height":200},"classes":[]},{"id":133,"url":"https:\/\/agfluechtlingshilfe.org\/?page_id=133","url_meta":{"origin":1198,"position":4},"title":"Datenschutzerkl\u00e4rung gem\u00e4\u00df DSGVO 2018 (Stand 25.5.18)","author":"agfluechtlingshilfehst","date":"22. Dezember 2016","format":false,"excerpt":"1. Datenschutz auf einen Blick Allgemeine Hinweise Die folgenden Hinweise geben einen einfachen \u00dcberblick dar\u00fcber, was mit Ihren personenbezogenen Daten passiert, wenn Sie unsere Website besuchen. Personenbezogene Daten sind alle Daten, mit denen Sie pers\u00f6nlich identifiziert werden k\u00f6nnen. Ausf\u00fchrliche Informationen zum Thema Datenschutz entnehmen Sie unserer unter diesem Text aufgef\u00fchrten\u2026","rel":"","context":"\u00c4hnlicher Beitrag","block_context":{"text":"\u00c4hnlicher Beitrag","link":""},"img":{"alt_text":"","src":"","width":0,"height":0},"classes":[]},{"id":113,"url":"https:\/\/agfluechtlingshilfe.org\/?page_id=113","url_meta":{"origin":1198,"position":5},"title":"Sporttreff","author":"agfluechtlingshilfehst","date":"22. Dezember 2016","format":false,"excerpt":"Wem das Begegnungscaf\u00e9 zu wenig sportlich ist, f\u00fcr den bieten wir jeden Freitag ab 18.30 Uhr mit unserem \"Sporttreff\" eine entsprechende Alternative an. Alle die sich bei Sport oder Spiel kennenlernen und bewegen wollen sind herzlich willkommen. Sport ist mit Abstand die einfachste und unterhaltsamste Art, mit Menschen in Kontakt\u2026","rel":"","context":"\u00c4hnlicher Beitrag","block_context":{"text":"\u00c4hnlicher Beitrag","link":""},"img":{"alt_text":"","src":"https:\/\/i0.wp.com\/agfluechtlingshilfe.org\/wp-content\/uploads\/2016\/12\/Sport2.jpg?resize=350%2C200","width":350,"height":200,"srcset":"https:\/\/i0.wp.com\/agfluechtlingshilfe.org\/wp-content\/uploads\/2016\/12\/Sport2.jpg?resize=350%2C200 1x, https:\/\/i0.wp.com\/agfluechtlingshilfe.org\/wp-content\/uploads\/2016\/12\/Sport2.jpg?resize=525%2C300 1.5x"},"classes":[]}],"jetpack_likes_enabled":true,"_links":{"self":[{"href":"https:\/\/agfluechtlingshilfe.org\/index.php?rest_route=\/wp\/v2\/pages\/1198","targetHints":{"allow":["GET"]}}],"collection":[{"href":"https:\/\/agfluechtlingshilfe.org\/index.php?rest_route=\/wp\/v2\/pages"}],"about":[{"href":"https:\/\/agfluechtlingshilfe.org\/index.php?rest_route=\/wp\/v2\/types\/page"}],"author":[{"embeddable":true,"href":"https:\/\/agfluechtlingshilfe.org\/index.php?rest_route=\/wp\/v2\/users\/1"}],"replies":[{"embeddable":true,"href":"https:\/\/agfluechtlingshilfe.org\/index.php?rest_route=%2Fwp%2Fv2%2Fcomments&post=1198"}],"version-history":[{"count":3,"href":"https:\/\/agfluechtlingshilfe.org\/index.php?rest_route=\/wp\/v2\/pages\/1198\/revisions"}],"predecessor-version":[{"id":1342,"href":"https:\/\/agfluechtlingshilfe.org\/index.php?rest_route=\/wp\/v2\/pages\/1198\/revisions\/1342"}],"wp:attachment":[{"href":"https:\/\/agfluechtlingshilfe.org\/index.php?rest_route=%2Fwp%2Fv2%2Fmedia&parent=1198"}],"curies":[{"name":"wp","href":"https:\/\/api.w.org\/{rel}","templated":true}]}}