{"id":113,"date":"2016-12-22T13:49:02","date_gmt":"2016-12-22T12:49:02","guid":{"rendered":"http:\/\/agfluechtlingshilfe.org\/?page_id=113"},"modified":"2022-04-19T12:21:27","modified_gmt":"2022-04-19T10:21:27","slug":"sporttreff","status":"publish","type":"page","link":"https:\/\/agfluechtlingshilfe.org\/?page_id=113","title":{"rendered":"Sporttreff"},"content":{"rendered":"<figure id=\"attachment_346\" aria-describedby=\"caption-attachment-346\" style=\"width: 600px\" class=\"wp-caption alignnone\"><img loading=\"lazy\" decoding=\"async\" data-attachment-id=\"346\" data-permalink=\"https:\/\/agfluechtlingshilfe.org\/?attachment_id=346\" data-orig-file=\"https:\/\/i0.wp.com\/agfluechtlingshilfe.org\/wp-content\/uploads\/2016\/12\/Sport2.jpg?fit=600%2C450&amp;ssl=1\" data-orig-size=\"600,450\" data-comments-opened=\"1\" data-image-meta=\"{&quot;aperture&quot;:&quot;0&quot;,&quot;credit&quot;:&quot;&quot;,&quot;camera&quot;:&quot;&quot;,&quot;caption&quot;:&quot;&quot;,&quot;created_timestamp&quot;:&quot;0&quot;,&quot;copyright&quot;:&quot;&quot;,&quot;focal_length&quot;:&quot;0&quot;,&quot;iso&quot;:&quot;0&quot;,&quot;shutter_speed&quot;:&quot;0&quot;,&quot;title&quot;:&quot;&quot;,&quot;orientation&quot;:&quot;0&quot;}\" data-image-title=\"Sport2\" data-image-description=\"\" data-image-caption=\"&lt;p&gt;Quelle: unbekannt&lt;\/p&gt;\n\" data-medium-file=\"https:\/\/i0.wp.com\/agfluechtlingshilfe.org\/wp-content\/uploads\/2016\/12\/Sport2.jpg?fit=300%2C225&amp;ssl=1\" data-large-file=\"https:\/\/i0.wp.com\/agfluechtlingshilfe.org\/wp-content\/uploads\/2016\/12\/Sport2.jpg?fit=600%2C450&amp;ssl=1\" class=\"size-full wp-image-346\" src=\"https:\/\/i0.wp.com\/agfluechtlingshilfe.org\/wp-content\/uploads\/2016\/12\/Sport2.jpg?resize=600%2C450\" alt=\"\" width=\"600\" height=\"450\" srcset=\"https:\/\/i0.wp.com\/agfluechtlingshilfe.org\/wp-content\/uploads\/2016\/12\/Sport2.jpg?w=600&amp;ssl=1 600w, https:\/\/i0.wp.com\/agfluechtlingshilfe.org\/wp-content\/uploads\/2016\/12\/Sport2.jpg?resize=300%2C225&amp;ssl=1 300w\" sizes=\"auto, (max-width: 600px) 100vw, 600px\" data-recalc-dims=\"1\" \/><figcaption id=\"caption-attachment-346\" class=\"wp-caption-text\">Quelle: Internet<\/figcaption><\/figure>\n<p>Wem das Begegnungscaf\u00e9 zu wenig sportlich ist, f\u00fcr den bieten wir jeden Freitag ab 18.30 Uhr mit unserem &#8222;Sporttreff&#8220; eine entsprechende Alternative an. Alle die sich bei Sport oder Spiel kennenlernen und bewegen wollen sind herzlich willkommen. Sport ist mit Abstand die einfachste und unterhaltsamste Art, mit Menschen in Kontakt zu kommen.<\/p>\n<p>Wir w\u00fcrden uns wirklich freuen, wenn Ihr mal vorbei schaut. Das ganze findet in einer Sporthalle in der N\u00e4he der Altstadt statt. Wo genau erfahrt ihr durch eine kurze Emailanfrage an <a href=\"mailto:info@agfluechtlingshilfe.org\">info@agfluechtlingshilfe.org<\/a><\/p>\n<p>&nbsp;<\/p>\n","protected":false},"excerpt":{"rendered":"<p>Wem das Begegnungscaf\u00e9 zu wenig sportlich ist, f\u00fcr den bieten wir jeden Freitag ab 18.30 Uhr mit unserem &#8222;Sporttreff&#8220; eine entsprechende Alternative an. Alle die sich bei Sport oder Spiel kennenlernen und bewegen wollen sind herzlich willkommen. Sport ist mit Abstand die einfachste und unterhaltsamste Art, mit Menschen in Kontakt zu kommen. Wir w\u00fcrden uns &hellip; <a href=\"https:\/\/agfluechtlingshilfe.org\/?page_id=113\" class=\"more-link\"><span class=\"screen-reader-text\">Sporttreff<\/span> weiterlesen<\/a><\/p>\n","protected":false},"author":1,"featured_media":0,"parent":845,"menu_order":4,"comment_status":"closed","ping_status":"closed","template":"","meta":{"footnotes":""},"class_list":["post-113","page","type-page","status-publish","hentry"],"jetpack_sharing_enabled":true,"jetpack_shortlink":"https:\/\/wp.me\/P8ejgX-1P","jetpack-related-posts":[{"id":20,"url":"https:\/\/agfluechtlingshilfe.org\/?page_id=20","url_meta":{"origin":113,"position":0},"title":"Unsere Projekte","author":"agfluechtlingshilfehst","date":"20. Dezember 2016","format":false,"excerpt":"Unsere Projekte sind grunds\u00e4tzlich darauf angelegt, langfristig und zuverl\u00e4ssig zu laufen. Sie sind offen f\u00fcr Jedermann und Jederfrau die sich engagieren wollen. Aus organisatorischen Gr\u00fcnden und um Entt\u00e4uschung zu vermeiden ist es sinnvoll, sich beim ersten Mal vorab mit uns \u00fcber EMail in Verbindung zu setzen. Hier findet Ihr weitere\u2026","rel":"","context":"\u00c4hnlicher Beitrag","block_context":{"text":"\u00c4hnlicher Beitrag","link":""},"img":{"alt_text":"","src":"https:\/\/i0.wp.com\/agfluechtlingshilfe.org\/wp-content\/uploads\/2016\/12\/knotenreling-e1483643075229.jpg?resize=350%2C200","width":350,"height":200,"srcset":"https:\/\/i0.wp.com\/agfluechtlingshilfe.org\/wp-content\/uploads\/2016\/12\/knotenreling-e1483643075229.jpg?resize=350%2C200 1x, https:\/\/i0.wp.com\/agfluechtlingshilfe.org\/wp-content\/uploads\/2016\/12\/knotenreling-e1483643075229.jpg?resize=525%2C300 1.5x"},"classes":[]},{"id":54,"url":"https:\/\/agfluechtlingshilfe.org\/?page_id=54","url_meta":{"origin":113,"position":1},"title":"\u00dcber uns","author":"agfluechtlingshilfehst","date":"20. Dezember 2016","format":false,"excerpt":"Aus einer Initiative des Vereins \"Rock gegen Rechts Stralsund\" im Februar 2015, entwickelten sich die ersten Projekte einer Gruppe, die sich den pragmatischen Namen AG Fl\u00fcchtlingshilfe gab. Mit der Gr\u00fcndung des Vereins am 24.10.2016 wurde der Grundstein gelegt f\u00fcr eine enge Zusammenarbeit mit sozial- und kommunalpolitischen Netzwerken, um \u00fcber 100\u2026","rel":"","context":"\u00c4hnlicher Beitrag","block_context":{"text":"\u00c4hnlicher Beitrag","link":""},"img":{"alt_text":"","src":"https:\/\/i0.wp.com\/agfluechtlingshilfe.org\/wp-content\/uploads\/2016\/12\/cropped-agfluechtlingshilfeLOGO.jpg?fit=248%2C248&ssl=1&resize=350%2C200","width":350,"height":200},"classes":[]},{"id":133,"url":"https:\/\/agfluechtlingshilfe.org\/?page_id=133","url_meta":{"origin":113,"position":2},"title":"Datenschutzerkl\u00e4rung gem\u00e4\u00df DSGVO 2018 (Stand 25.5.18)","author":"agfluechtlingshilfehst","date":"22. Dezember 2016","format":false,"excerpt":"1. Datenschutz auf einen Blick Allgemeine Hinweise Die folgenden Hinweise geben einen einfachen \u00dcberblick dar\u00fcber, was mit Ihren personenbezogenen Daten passiert, wenn Sie unsere Website besuchen. Personenbezogene Daten sind alle Daten, mit denen Sie pers\u00f6nlich identifiziert werden k\u00f6nnen. Ausf\u00fchrliche Informationen zum Thema Datenschutz entnehmen Sie unserer unter diesem Text aufgef\u00fchrten\u2026","rel":"","context":"\u00c4hnlicher Beitrag","block_context":{"text":"\u00c4hnlicher Beitrag","link":""},"img":{"alt_text":"","src":"","width":0,"height":0},"classes":[]},{"id":66,"url":"https:\/\/agfluechtlingshilfe.org\/?page_id=66","url_meta":{"origin":113,"position":3},"title":"Fahrradwerkstatt","author":"agfluechtlingshilfehst","date":"20. Dezember 2016","format":false,"excerpt":"Um unseren neuen Mitb\u00fcrgerInnen die dringend erforderliche Mobilit\u00e4t zu erm\u00f6glichen, die sie brauchen um die vielen Aufgaben und \u00c4mterg\u00e4nge des Alltags zu bew\u00e4ltigen, betreiben wir mit einfachsten Mitteln jeden Donnerstag zwischen 14 und 17 Uhr im Malteser-Heim Ummanzer Stra\u00dfe 2 auf dem D\u00e4nholm eine kleine Fahrradwerkstatt. Hier sind alle neuen\u2026","rel":"","context":"\u00c4hnlicher Beitrag","block_context":{"text":"\u00c4hnlicher Beitrag","link":""},"img":{"alt_text":"","src":"https:\/\/i0.wp.com\/agfluechtlingshilfe.org\/wp-content\/uploads\/2016\/12\/IMG_9788Red.jpg?resize=350%2C200","width":350,"height":200},"classes":[]},{"id":880,"url":"https:\/\/agfluechtlingshilfe.org\/?page_id=880","url_meta":{"origin":113,"position":4},"title":"Topfreisen &#8211; Rezepte aus aller Welt zur IKW 2021","author":"agfluechtlingshilfehst","date":"11. September 2021","format":false,"excerpt":"\"Topfreisen\" ist unser Projekt zur Teilnahme an der Interkulturellen Woche Stralsunds 2021 (IKW). Die Wortsch\u00f6pfung trifft ziemlich genau, was unser Plan war, als wir unseren Beitrag f\u00fcr die IKW entwickelt haben. Die Idee: Esskultur ist neben Musik vielleicht der direkteste oder zumindest einfachste Weg, um \u00fcber den eigenen (buchst\u00e4blichen) Tellerrand\u2026","rel":"","context":"\u00c4hnlicher Beitrag","block_context":{"text":"\u00c4hnlicher Beitrag","link":""},"img":{"alt_text":"","src":"https:\/\/i0.wp.com\/agfluechtlingshilfe.org\/wp-content\/uploads\/2021\/09\/Kollage_Topfreisen.png?resize=350%2C200&ssl=1","width":350,"height":200,"srcset":"https:\/\/i0.wp.com\/agfluechtlingshilfe.org\/wp-content\/uploads\/2021\/09\/Kollage_Topfreisen.png?resize=350%2C200&ssl=1 1x, https:\/\/i0.wp.com\/agfluechtlingshilfe.org\/wp-content\/uploads\/2021\/09\/Kollage_Topfreisen.png?resize=525%2C300&ssl=1 1.5x"},"classes":[]},{"id":180,"url":"https:\/\/agfluechtlingshilfe.org\/?page_id=180","url_meta":{"origin":113,"position":5},"title":"Herzlich Willkommen&#8230;","author":"agfluechtlingshilfehst","date":"23. Dezember 2016","format":false,"excerpt":"...auf der Internetseite des gemeinn\u00fctzigen Vereins Arbeitsgemeinschaft Fl\u00fcchtlingshilfe Stralsund e.V. Wir sind ein kleiner und sehr junger Verein, der 100%\u00a0 ehrenamtlich funktioniert. Wir sind also keine Profis und diese Seite ist ein wachsendes Wesen, welches wir so gut es uns gelingt pflegen und aktualisieren! Wenn Ihr mehr \u00fcber uns erfahren\u2026","rel":"","context":"\u00c4hnlicher Beitrag","block_context":{"text":"\u00c4hnlicher Beitrag","link":""},"img":{"alt_text":"","src":"","width":0,"height":0},"classes":[]}],"jetpack_likes_enabled":true,"_links":{"self":[{"href":"https:\/\/agfluechtlingshilfe.org\/index.php?rest_route=\/wp\/v2\/pages\/113","targetHints":{"allow":["GET"]}}],"collection":[{"href":"https:\/\/agfluechtlingshilfe.org\/index.php?rest_route=\/wp\/v2\/pages"}],"about":[{"href":"https:\/\/agfluechtlingshilfe.org\/index.php?rest_route=\/wp\/v2\/types\/page"}],"author":[{"embeddable":true,"href":"https:\/\/agfluechtlingshilfe.org\/index.php?rest_route=\/wp\/v2\/users\/1"}],"replies":[{"embeddable":true,"href":"https:\/\/agfluechtlingshilfe.org\/index.php?rest_route=%2Fwp%2Fv2%2Fcomments&post=113"}],"version-history":[{"count":6,"href":"https:\/\/agfluechtlingshilfe.org\/index.php?rest_route=\/wp\/v2\/pages\/113\/revisions"}],"predecessor-version":[{"id":725,"href":"https:\/\/agfluechtlingshilfe.org\/index.php?rest_route=\/wp\/v2\/pages\/113\/revisions\/725"}],"up":[{"embeddable":true,"href":"https:\/\/agfluechtlingshilfe.org\/index.php?rest_route=\/wp\/v2\/pages\/845"}],"wp:attachment":[{"href":"https:\/\/agfluechtlingshilfe.org\/index.php?rest_route=%2Fwp%2Fv2%2Fmedia&parent=113"}],"curies":[{"name":"wp","href":"https:\/\/api.w.org\/{rel}","templated":true}]}}