{"id":108,"date":"2016-12-21T21:19:38","date_gmt":"2016-12-21T20:19:38","guid":{"rendered":"http:\/\/agfluechtlingshilfe.org\/?page_id=108"},"modified":"2016-12-29T09:48:46","modified_gmt":"2016-12-29T08:48:46","slug":"kontakt","status":"publish","type":"page","link":"https:\/\/agfluechtlingshilfe.org\/?page_id=108","title":{"rendered":"Kontakt"},"content":{"rendered":"<p>Ihr k\u00f6nnt \u00fcber verschiedene Wege mit uns Kontakt aufnehmen:<\/p>\n<p>Email: <a href=\"mailto:info@agfluechtlingshilfe.org\">info@agfluechtlingshilfe.org<\/a><\/p>\n<p>Facebook: <a href=\"https:\/\/www.facebook.com\/agfluechtlingshilfe\/\">@agfluechtlingshilfe<\/a><\/p>\n<p>oder \u00fcber das untenstehende Kontaktformular (<a href=\"http:\/\/agfluechtlingshilfe.org\/?page_id=133\">Hinweise zum Datenschutz<\/a>).<\/p>\n <div id=\"send\"><\/div> <form class=\"scf-form\" action=\"\/index.php?rest_route=%2Fwp%2Fv2%2Fpages%2F108\" method=\"post\"><div>Vor- und Nachname <span class='required'>Angabe ist erforderlich<\/span><\/div><input type=\"text\" name=\"seos-name\" value=\"\" size=\"50\" \/><\/p><p><div>Telefonnummer<\/div><input type=\"text\" name=\"seos-phone\" pattern=\"[0-9 ]+\" value=\"\" size=\"50\" \/><\/p><p><div>Email <span class='required'>Angabe ist erforderlich<\/span><\/div><input type=\"email\" name=\"seos-email\" value=\"\" size=\"50\" \/><\/p><br \/><p><div>Ihre Nachricht <span class='required'>Angabe ist erforderlich<\/span><\/div><textarea rows=\"10\" cols=\"50\" name=\"seos-message\"><\/textarea><\/p><p> <br\/><input class=\"noselect\" type=\"text\" name=\"rand\" value=\"24+10\" readonly=\"readonly\" \/><label class=\"scf-sum\"> Geben Sie die Summe ein <\/label><input type=\"text\" name=\"text\" value=\"\" \/> <span class='required'>Angabe ist erforderlich<\/span><\/p><p><input type=\"submit\" name=\"seos-submitted\" value=\"Senden\"><\/p><\/form>\n","protected":false},"excerpt":{"rendered":"<p>Ihr k\u00f6nnt \u00fcber verschiedene Wege mit uns Kontakt aufnehmen: Email: info@agfluechtlingshilfe.org Facebook: @agfluechtlingshilfe oder \u00fcber das untenstehende Kontaktformular (Hinweise zum Datenschutz).<\/p>\n","protected":false},"author":1,"featured_media":0,"parent":0,"menu_order":0,"comment_status":"closed","ping_status":"closed","template":"","meta":{"footnotes":""},"class_list":["post-108","page","type-page","status-publish","hentry"],"jetpack_sharing_enabled":true,"jetpack_shortlink":"https:\/\/wp.me\/P8ejgX-1K","jetpack-related-posts":[{"id":1210,"url":"https:\/\/agfluechtlingshilfe.org\/?page_id=1210","url_meta":{"origin":108,"position":0},"title":"Gastgeberlotsen","author":"agfluechtlingshilfehst","date":"18. April 2022","format":false,"excerpt":"Wir verstehen uns als Schnittstelle zwischen den Menschen, die privat Gefl\u00fcchtete aufgenommen haben und eben die Menschen, die nach ihrer Flucht aufgenommen wurden. Neben den Anforderungen des eigenen Alltags stellt die Begleitung Gefl\u00fcchteter eine Herausforderung dar, die m\u00f6glicherweise nicht abzusehen ist und nicht damit endet, einem Fremden Wohnraum zu \u00fcberlassen.\u2026","rel":"","context":"\u00c4hnlicher Beitrag","block_context":{"text":"\u00c4hnlicher Beitrag","link":""},"img":{"alt_text":"","src":"","width":0,"height":0},"classes":[]},{"id":54,"url":"https:\/\/agfluechtlingshilfe.org\/?page_id=54","url_meta":{"origin":108,"position":1},"title":"\u00dcber uns","author":"agfluechtlingshilfehst","date":"20. Dezember 2016","format":false,"excerpt":"Aus einer Initiative des Vereins \"Rock gegen Rechts Stralsund\" im Februar 2015, entwickelten sich die ersten Projekte einer Gruppe, die sich den pragmatischen Namen AG Fl\u00fcchtlingshilfe gab. Mit der Gr\u00fcndung des Vereins am 24.10.2016 wurde der Grundstein gelegt f\u00fcr eine enge Zusammenarbeit mit sozial- und kommunalpolitischen Netzwerken, um \u00fcber 100\u2026","rel":"","context":"\u00c4hnlicher Beitrag","block_context":{"text":"\u00c4hnlicher Beitrag","link":""},"img":{"alt_text":"","src":"https:\/\/i0.wp.com\/agfluechtlingshilfe.org\/wp-content\/uploads\/2016\/12\/cropped-agfluechtlingshilfeLOGO.jpg?fit=248%2C248&ssl=1&resize=350%2C200","width":350,"height":200},"classes":[]},{"id":1198,"url":"https:\/\/agfluechtlingshilfe.org\/","url_meta":{"origin":108,"position":2},"title":"Willkommen!","author":"agfluechtlingshilfehst","date":"9. April 2022","format":false,"excerpt":"Wir vom Verein AG Fluechtlingshilfe freuen uns, dass Sie zu uns gefunden haben. Hier finden Sie Informationen \u00fcber unsere aktuellen Projekte, die aktuell Helfer suchen. Wir freuen uns \u00fcber jegliche Unterst\u00fctzung! Ob Sie mitmachen oder spenden wollen. Aktuelles","rel":"","context":"\u00c4hnlicher Beitrag","block_context":{"text":"\u00c4hnlicher Beitrag","link":""},"img":{"alt_text":"","src":"","width":0,"height":0},"classes":[]},{"id":70,"url":"https:\/\/agfluechtlingshilfe.org\/?page_id=70","url_meta":{"origin":108,"position":3},"title":"Offenes AG-Treffen","author":"agfluechtlingshilfehst","date":"20. Dezember 2016","format":false,"excerpt":"Einmal im Quartal findet unser offenes AG Treffen statt. Wochentag und Zeitpunkt ist immer gleich: Mittwoch, 18 Uhr. Nur das Datum variiert. Bitte schickt uns kurz eine Anfrage per Email, \u00fcber unser Kontaktformular oder \u00fcber unsere Facebookseite, dann teilen wir Euch gerne den Ort mit. Um den Termin f\u00fcr das\u2026","rel":"","context":"\u00c4hnlicher Beitrag","block_context":{"text":"\u00c4hnlicher Beitrag","link":""},"img":{"alt_text":"","src":"https:\/\/i0.wp.com\/agfluechtlingshilfe.org\/wp-content\/uploads\/2016\/12\/15134249_813247308816192_455321800_n.jpg?resize=350%2C200","width":350,"height":200,"srcset":"https:\/\/i0.wp.com\/agfluechtlingshilfe.org\/wp-content\/uploads\/2016\/12\/15134249_813247308816192_455321800_n.jpg?resize=350%2C200 1x, https:\/\/i0.wp.com\/agfluechtlingshilfe.org\/wp-content\/uploads\/2016\/12\/15134249_813247308816192_455321800_n.jpg?resize=525%2C300 1.5x, https:\/\/i0.wp.com\/agfluechtlingshilfe.org\/wp-content\/uploads\/2016\/12\/15134249_813247308816192_455321800_n.jpg?resize=700%2C400 2x"},"classes":[]},{"id":173,"url":"https:\/\/agfluechtlingshilfe.org\/?page_id=173","url_meta":{"origin":108,"position":4},"title":"Spenden","author":"agfluechtlingshilfehst","date":"23. Dezember 2016","format":false,"excerpt":"Wir freuen uns grunds\u00e4zlich immer \u00fcber Spenden. Da wir aber nicht \u00fcber\u00a0 Lagerkapazit\u00e4ten verf\u00fcgen, k\u00f6nnen wir Sachspenden ausschlie\u00dflich nach vorheriger Absprache annehmen! Wir bitten da um Euer Verst\u00e4ndnis. Finanzielle Unterst\u00fctzung braucht nicht viel Platz, darum k\u00f6nnen wir Geldspenden jederzeit annehmen. Entweder als direkte \u00dcberweisung mit Verwendungszweck \"Spende\" auf folgendes Konto:\u2026","rel":"","context":"\u00c4hnlicher Beitrag","block_context":{"text":"\u00c4hnlicher Beitrag","link":""},"img":{"alt_text":"","src":"https:\/\/i0.wp.com\/agfluechtlingshilfe.org\/wp-content\/uploads\/2016\/12\/IMG-20161220-WA0003-e1483642968683.jpg?resize=350%2C200","width":350,"height":200,"srcset":"https:\/\/i0.wp.com\/agfluechtlingshilfe.org\/wp-content\/uploads\/2016\/12\/IMG-20161220-WA0003-e1483642968683.jpg?resize=350%2C200 1x, https:\/\/i0.wp.com\/agfluechtlingshilfe.org\/wp-content\/uploads\/2016\/12\/IMG-20161220-WA0003-e1483642968683.jpg?resize=525%2C300 1.5x, https:\/\/i0.wp.com\/agfluechtlingshilfe.org\/wp-content\/uploads\/2016\/12\/IMG-20161220-WA0003-e1483642968683.jpg?resize=700%2C400 2x"},"classes":[]},{"id":180,"url":"https:\/\/agfluechtlingshilfe.org\/?page_id=180","url_meta":{"origin":108,"position":5},"title":"Herzlich Willkommen&#8230;","author":"agfluechtlingshilfehst","date":"23. Dezember 2016","format":false,"excerpt":"...auf der Internetseite des gemeinn\u00fctzigen Vereins Arbeitsgemeinschaft Fl\u00fcchtlingshilfe Stralsund e.V. Wir sind ein kleiner und sehr junger Verein, der 100%\u00a0 ehrenamtlich funktioniert. Wir sind also keine Profis und diese Seite ist ein wachsendes Wesen, welches wir so gut es uns gelingt pflegen und aktualisieren! Wenn Ihr mehr \u00fcber uns erfahren\u2026","rel":"","context":"\u00c4hnlicher Beitrag","block_context":{"text":"\u00c4hnlicher Beitrag","link":""},"img":{"alt_text":"","src":"","width":0,"height":0},"classes":[]}],"jetpack_likes_enabled":true,"_links":{"self":[{"href":"https:\/\/agfluechtlingshilfe.org\/index.php?rest_route=\/wp\/v2\/pages\/108","targetHints":{"allow":["GET"]}}],"collection":[{"href":"https:\/\/agfluechtlingshilfe.org\/index.php?rest_route=\/wp\/v2\/pages"}],"about":[{"href":"https:\/\/agfluechtlingshilfe.org\/index.php?rest_route=\/wp\/v2\/types\/page"}],"author":[{"embeddable":true,"href":"https:\/\/agfluechtlingshilfe.org\/index.php?rest_route=\/wp\/v2\/users\/1"}],"replies":[{"embeddable":true,"href":"https:\/\/agfluechtlingshilfe.org\/index.php?rest_route=%2Fwp%2Fv2%2Fcomments&post=108"}],"version-history":[{"count":7,"href":"https:\/\/agfluechtlingshilfe.org\/index.php?rest_route=\/wp\/v2\/pages\/108\/revisions"}],"predecessor-version":[{"id":319,"href":"https:\/\/agfluechtlingshilfe.org\/index.php?rest_route=\/wp\/v2\/pages\/108\/revisions\/319"}],"wp:attachment":[{"href":"https:\/\/agfluechtlingshilfe.org\/index.php?rest_route=%2Fwp%2Fv2%2Fmedia&parent=108"}],"curies":[{"name":"wp","href":"https:\/\/api.w.org\/{rel}","templated":true}]}}