{"id":1042,"date":"2021-10-01T19:20:03","date_gmt":"2021-10-01T17:20:03","guid":{"rendered":"http:\/\/agfluechtlingshilfe.org\/?page_id=1042"},"modified":"2021-10-01T19:20:03","modified_gmt":"2021-10-01T17:20:03","slug":"zucchini-mit-chermoula","status":"publish","type":"page","link":"https:\/\/agfluechtlingshilfe.org\/?page_id=1042","title":{"rendered":"Zucchini mit Chermoula"},"content":{"rendered":"\n<div class=\"wp-block-group\"><div class=\"wp-block-group__inner-container is-layout-flow wp-block-group-is-layout-flow\">\n<div class=\"wp-block-image\"><figure class=\"alignright size-large is-resized\"><img loading=\"lazy\" decoding=\"async\" data-attachment-id=\"951\" data-permalink=\"https:\/\/agfluechtlingshilfe.org\/?attachment_id=951\" data-orig-file=\"https:\/\/i0.wp.com\/agfluechtlingshilfe.org\/wp-content\/uploads\/2021\/09\/LogoIKW.png?fit=273%2C185&amp;ssl=1\" data-orig-size=\"273,185\" data-comments-opened=\"1\" data-image-meta=\"{&quot;aperture&quot;:&quot;0&quot;,&quot;credit&quot;:&quot;&quot;,&quot;camera&quot;:&quot;&quot;,&quot;caption&quot;:&quot;&quot;,&quot;created_timestamp&quot;:&quot;0&quot;,&quot;copyright&quot;:&quot;&quot;,&quot;focal_length&quot;:&quot;0&quot;,&quot;iso&quot;:&quot;0&quot;,&quot;shutter_speed&quot;:&quot;0&quot;,&quot;title&quot;:&quot;&quot;,&quot;orientation&quot;:&quot;0&quot;}\" data-image-title=\"LogoIKW\" data-image-description=\"\" data-image-caption=\"\" data-medium-file=\"https:\/\/i0.wp.com\/agfluechtlingshilfe.org\/wp-content\/uploads\/2021\/09\/LogoIKW.png?fit=273%2C185&amp;ssl=1\" data-large-file=\"https:\/\/i0.wp.com\/agfluechtlingshilfe.org\/wp-content\/uploads\/2021\/09\/LogoIKW.png?fit=273%2C185&amp;ssl=1\" src=\"https:\/\/i0.wp.com\/agfluechtlingshilfe.org\/wp-content\/uploads\/2021\/09\/LogoIKW.png?resize=233%2C157\" alt=\"\" class=\"wp-image-951\" width=\"233\" height=\"157\" data-recalc-dims=\"1\" \/><\/figure><\/div>\n\n\n\n<p><\/p>\n\n\n\n<p><strong>Zutaten:<\/strong><br>je 1 Bund Petersilie und Koriander,  <br>1 rote oder wei\u00dfe Zwiebel,  <br>4 Knoblauchzehen,  <br>1 EL edels\u00fc\u00dfes Paprikapulver,  <br>1 TL rosenscharfes Paprikapulver,  <br>1\/2 EL gemahlener Kreuzk\u00fcmmel,  <br>1 TL gemahlener Pfeffer,  <br>1 TL Ras-el-hanout,  <br>Salz,  <br>2 EL Zitronensaft,<br> 4 EL Oliven\u00f6l, <br>600 g junge Zucchini<\/p>\n\n\n\n<div class=\"wp-block-image is-style-circle-mask\"><figure class=\"alignright size-large\"><img loading=\"lazy\" decoding=\"async\" width=\"2560\" height=\"1707\" data-attachment-id=\"1043\" data-permalink=\"https:\/\/agfluechtlingshilfe.org\/?attachment_id=1043\" data-orig-file=\"https:\/\/i0.wp.com\/agfluechtlingshilfe.org\/wp-content\/uploads\/2021\/09\/IMG_5666-scaled.jpg?fit=2560%2C1707&amp;ssl=1\" data-orig-size=\"2560,1707\" data-comments-opened=\"1\" data-image-meta=\"{&quot;aperture&quot;:&quot;3.5&quot;,&quot;credit&quot;:&quot;&quot;,&quot;camera&quot;:&quot;Canon EOS 700D&quot;,&quot;caption&quot;:&quot;&quot;,&quot;created_timestamp&quot;:&quot;1632054483&quot;,&quot;copyright&quot;:&quot;&quot;,&quot;focal_length&quot;:&quot;18&quot;,&quot;iso&quot;:&quot;800&quot;,&quot;shutter_speed&quot;:&quot;0.033333333333333&quot;,&quot;title&quot;:&quot;&quot;,&quot;orientation&quot;:&quot;1&quot;}\" data-image-title=\"IMG_5666\" data-image-description=\"\" data-image-caption=\"\" data-medium-file=\"https:\/\/i0.wp.com\/agfluechtlingshilfe.org\/wp-content\/uploads\/2021\/09\/IMG_5666-scaled.jpg?fit=300%2C200&amp;ssl=1\" data-large-file=\"https:\/\/i0.wp.com\/agfluechtlingshilfe.org\/wp-content\/uploads\/2021\/09\/IMG_5666-scaled.jpg?fit=660%2C440&amp;ssl=1\" src=\"https:\/\/i0.wp.com\/agfluechtlingshilfe.org\/wp-content\/uploads\/2021\/09\/IMG_5666-scaled.jpg?fit=660%2C440&amp;ssl=1\" alt=\"\" class=\"wp-image-1043\" srcset=\"https:\/\/i0.wp.com\/agfluechtlingshilfe.org\/wp-content\/uploads\/2021\/09\/IMG_5666-scaled.jpg?w=2560&amp;ssl=1 2560w, https:\/\/i0.wp.com\/agfluechtlingshilfe.org\/wp-content\/uploads\/2021\/09\/IMG_5666-scaled.jpg?resize=300%2C200&amp;ssl=1 300w, https:\/\/i0.wp.com\/agfluechtlingshilfe.org\/wp-content\/uploads\/2021\/09\/IMG_5666-scaled.jpg?resize=1024%2C683&amp;ssl=1 1024w, https:\/\/i0.wp.com\/agfluechtlingshilfe.org\/wp-content\/uploads\/2021\/09\/IMG_5666-scaled.jpg?resize=768%2C512&amp;ssl=1 768w, https:\/\/i0.wp.com\/agfluechtlingshilfe.org\/wp-content\/uploads\/2021\/09\/IMG_5666-scaled.jpg?resize=1536%2C1024&amp;ssl=1 1536w, https:\/\/i0.wp.com\/agfluechtlingshilfe.org\/wp-content\/uploads\/2021\/09\/IMG_5666-scaled.jpg?resize=2048%2C1365&amp;ssl=1 2048w, https:\/\/i0.wp.com\/agfluechtlingshilfe.org\/wp-content\/uploads\/2021\/09\/IMG_5666-scaled.jpg?w=1320 1320w, https:\/\/i0.wp.com\/agfluechtlingshilfe.org\/wp-content\/uploads\/2021\/09\/IMG_5666-scaled.jpg?w=1980 1980w\" sizes=\"auto, (max-width: 660px) 100vw, 660px\" \/><\/figure><\/div>\n\n\n\n<p><br><\/p>\n<\/div><\/div>\n\n\n\n<p class=\"has-text-align-left\"><strong>Zubereitung<\/strong><br>Kr\u00e4uter waschen und trockensch\u00fctteln, Bl\u00e4ttchen abzupfen und fein hacken. Zwiebel und Knoblauch sch\u00e4len und in sehr kleine W\u00fcrfel schneiden.  <\/p>\n\n\n\n<div class=\"wp-block-group\"><div class=\"wp-block-group__inner-container is-layout-flow wp-block-group-is-layout-flow\">\n<figure class=\"wp-block-image size-large\"><img loading=\"lazy\" decoding=\"async\" width=\"2560\" height=\"1707\" data-attachment-id=\"1045\" data-permalink=\"https:\/\/agfluechtlingshilfe.org\/?attachment_id=1045\" data-orig-file=\"https:\/\/i0.wp.com\/agfluechtlingshilfe.org\/wp-content\/uploads\/2021\/09\/IMG_5668-scaled.jpg?fit=2560%2C1707&amp;ssl=1\" data-orig-size=\"2560,1707\" data-comments-opened=\"1\" data-image-meta=\"{&quot;aperture&quot;:&quot;3.5&quot;,&quot;credit&quot;:&quot;&quot;,&quot;camera&quot;:&quot;Canon EOS 700D&quot;,&quot;caption&quot;:&quot;&quot;,&quot;created_timestamp&quot;:&quot;1632057400&quot;,&quot;copyright&quot;:&quot;&quot;,&quot;focal_length&quot;:&quot;18&quot;,&quot;iso&quot;:&quot;1000&quot;,&quot;shutter_speed&quot;:&quot;0.033333333333333&quot;,&quot;title&quot;:&quot;&quot;,&quot;orientation&quot;:&quot;1&quot;}\" data-image-title=\"IMG_5668\" data-image-description=\"\" data-image-caption=\"\" data-medium-file=\"https:\/\/i0.wp.com\/agfluechtlingshilfe.org\/wp-content\/uploads\/2021\/09\/IMG_5668-scaled.jpg?fit=300%2C200&amp;ssl=1\" data-large-file=\"https:\/\/i0.wp.com\/agfluechtlingshilfe.org\/wp-content\/uploads\/2021\/09\/IMG_5668-scaled.jpg?fit=660%2C440&amp;ssl=1\" src=\"https:\/\/i2.wp.com\/agfluechtlingshilfe.org\/wp-content\/uploads\/2021\/09\/IMG_5668-scaled.jpg?fit=660%2C440&amp;ssl=1\" alt=\"\" class=\"wp-image-1045\" srcset=\"https:\/\/i0.wp.com\/agfluechtlingshilfe.org\/wp-content\/uploads\/2021\/09\/IMG_5668-scaled.jpg?w=2560&amp;ssl=1 2560w, https:\/\/i0.wp.com\/agfluechtlingshilfe.org\/wp-content\/uploads\/2021\/09\/IMG_5668-scaled.jpg?resize=300%2C200&amp;ssl=1 300w, https:\/\/i0.wp.com\/agfluechtlingshilfe.org\/wp-content\/uploads\/2021\/09\/IMG_5668-scaled.jpg?resize=1024%2C683&amp;ssl=1 1024w, https:\/\/i0.wp.com\/agfluechtlingshilfe.org\/wp-content\/uploads\/2021\/09\/IMG_5668-scaled.jpg?resize=768%2C512&amp;ssl=1 768w, https:\/\/i0.wp.com\/agfluechtlingshilfe.org\/wp-content\/uploads\/2021\/09\/IMG_5668-scaled.jpg?resize=1536%2C1024&amp;ssl=1 1536w, https:\/\/i0.wp.com\/agfluechtlingshilfe.org\/wp-content\/uploads\/2021\/09\/IMG_5668-scaled.jpg?resize=2048%2C1365&amp;ssl=1 2048w, https:\/\/i0.wp.com\/agfluechtlingshilfe.org\/wp-content\/uploads\/2021\/09\/IMG_5668-scaled.jpg?w=1320 1320w, https:\/\/i0.wp.com\/agfluechtlingshilfe.org\/wp-content\/uploads\/2021\/09\/IMG_5668-scaled.jpg?w=1980 1980w\" sizes=\"auto, (max-width: 660px) 100vw, 660px\" \/><\/figure>\n\n\n\n<p>Kr\u00e4uter, Zwiebel und Knoblauch mit allen Gew\u00fcrzen, Zitronensaft und Oliven\u00f6l gr\u00fcndlich zur Chermoula-Sauce verr\u00fchren.<\/p>\n<\/div><\/div>\n\n\n\n<figure class=\"wp-block-image size-large\"><img loading=\"lazy\" decoding=\"async\" width=\"2560\" height=\"1707\" data-attachment-id=\"1046\" data-permalink=\"https:\/\/agfluechtlingshilfe.org\/?attachment_id=1046\" data-orig-file=\"https:\/\/i0.wp.com\/agfluechtlingshilfe.org\/wp-content\/uploads\/2021\/09\/IMG_5669-scaled.jpg?fit=2560%2C1707&amp;ssl=1\" data-orig-size=\"2560,1707\" data-comments-opened=\"1\" data-image-meta=\"{&quot;aperture&quot;:&quot;3.5&quot;,&quot;credit&quot;:&quot;&quot;,&quot;camera&quot;:&quot;Canon EOS 700D&quot;,&quot;caption&quot;:&quot;&quot;,&quot;created_timestamp&quot;:&quot;1632057791&quot;,&quot;copyright&quot;:&quot;&quot;,&quot;focal_length&quot;:&quot;18&quot;,&quot;iso&quot;:&quot;1250&quot;,&quot;shutter_speed&quot;:&quot;0.033333333333333&quot;,&quot;title&quot;:&quot;&quot;,&quot;orientation&quot;:&quot;1&quot;}\" data-image-title=\"IMG_5669\" data-image-description=\"\" data-image-caption=\"\" data-medium-file=\"https:\/\/i0.wp.com\/agfluechtlingshilfe.org\/wp-content\/uploads\/2021\/09\/IMG_5669-scaled.jpg?fit=300%2C200&amp;ssl=1\" data-large-file=\"https:\/\/i0.wp.com\/agfluechtlingshilfe.org\/wp-content\/uploads\/2021\/09\/IMG_5669-scaled.jpg?fit=660%2C440&amp;ssl=1\" src=\"https:\/\/i0.wp.com\/agfluechtlingshilfe.org\/wp-content\/uploads\/2021\/09\/IMG_5669-scaled.jpg?fit=660%2C440&amp;ssl=1\" alt=\"\" class=\"wp-image-1046\" srcset=\"https:\/\/i0.wp.com\/agfluechtlingshilfe.org\/wp-content\/uploads\/2021\/09\/IMG_5669-scaled.jpg?w=2560&amp;ssl=1 2560w, https:\/\/i0.wp.com\/agfluechtlingshilfe.org\/wp-content\/uploads\/2021\/09\/IMG_5669-scaled.jpg?resize=300%2C200&amp;ssl=1 300w, https:\/\/i0.wp.com\/agfluechtlingshilfe.org\/wp-content\/uploads\/2021\/09\/IMG_5669-scaled.jpg?resize=1024%2C683&amp;ssl=1 1024w, https:\/\/i0.wp.com\/agfluechtlingshilfe.org\/wp-content\/uploads\/2021\/09\/IMG_5669-scaled.jpg?resize=768%2C512&amp;ssl=1 768w, https:\/\/i0.wp.com\/agfluechtlingshilfe.org\/wp-content\/uploads\/2021\/09\/IMG_5669-scaled.jpg?resize=1536%2C1024&amp;ssl=1 1536w, https:\/\/i0.wp.com\/agfluechtlingshilfe.org\/wp-content\/uploads\/2021\/09\/IMG_5669-scaled.jpg?resize=2048%2C1365&amp;ssl=1 2048w, https:\/\/i0.wp.com\/agfluechtlingshilfe.org\/wp-content\/uploads\/2021\/09\/IMG_5669-scaled.jpg?w=1320 1320w, https:\/\/i0.wp.com\/agfluechtlingshilfe.org\/wp-content\/uploads\/2021\/09\/IMG_5669-scaled.jpg?w=1980 1980w\" sizes=\"auto, (max-width: 660px) 100vw, 660px\" \/><\/figure>\n\n\n\n<p>Zucchini waschen und die Enden abschneiden. Zucchini der L\u00e4nge nach in etwa 1\/2 cm dicke Scheiben schneiden. Zucchini mit der Sauce mischen und etwa 30 Minuten ziehen lassen.  <\/p>\n\n\n\n<figure class=\"wp-block-image size-large\"><img loading=\"lazy\" decoding=\"async\" width=\"2560\" height=\"1707\" data-attachment-id=\"1047\" data-permalink=\"https:\/\/agfluechtlingshilfe.org\/?attachment_id=1047\" data-orig-file=\"https:\/\/i0.wp.com\/agfluechtlingshilfe.org\/wp-content\/uploads\/2021\/09\/IMG_5671-scaled.jpg?fit=2560%2C1707&amp;ssl=1\" data-orig-size=\"2560,1707\" data-comments-opened=\"1\" data-image-meta=\"{&quot;aperture&quot;:&quot;3.5&quot;,&quot;credit&quot;:&quot;&quot;,&quot;camera&quot;:&quot;Canon EOS 700D&quot;,&quot;caption&quot;:&quot;&quot;,&quot;created_timestamp&quot;:&quot;1632058235&quot;,&quot;copyright&quot;:&quot;&quot;,&quot;focal_length&quot;:&quot;18&quot;,&quot;iso&quot;:&quot;320&quot;,&quot;shutter_speed&quot;:&quot;0.033333333333333&quot;,&quot;title&quot;:&quot;&quot;,&quot;orientation&quot;:&quot;1&quot;}\" data-image-title=\"IMG_5671\" data-image-description=\"\" data-image-caption=\"\" data-medium-file=\"https:\/\/i0.wp.com\/agfluechtlingshilfe.org\/wp-content\/uploads\/2021\/09\/IMG_5671-scaled.jpg?fit=300%2C200&amp;ssl=1\" data-large-file=\"https:\/\/i0.wp.com\/agfluechtlingshilfe.org\/wp-content\/uploads\/2021\/09\/IMG_5671-scaled.jpg?fit=660%2C440&amp;ssl=1\" src=\"https:\/\/i0.wp.com\/agfluechtlingshilfe.org\/wp-content\/uploads\/2021\/09\/IMG_5671-scaled.jpg?fit=660%2C440&amp;ssl=1\" alt=\"\" class=\"wp-image-1047\" srcset=\"https:\/\/i0.wp.com\/agfluechtlingshilfe.org\/wp-content\/uploads\/2021\/09\/IMG_5671-scaled.jpg?w=2560&amp;ssl=1 2560w, https:\/\/i0.wp.com\/agfluechtlingshilfe.org\/wp-content\/uploads\/2021\/09\/IMG_5671-scaled.jpg?resize=300%2C200&amp;ssl=1 300w, https:\/\/i0.wp.com\/agfluechtlingshilfe.org\/wp-content\/uploads\/2021\/09\/IMG_5671-scaled.jpg?resize=1024%2C683&amp;ssl=1 1024w, https:\/\/i0.wp.com\/agfluechtlingshilfe.org\/wp-content\/uploads\/2021\/09\/IMG_5671-scaled.jpg?resize=768%2C512&amp;ssl=1 768w, https:\/\/i0.wp.com\/agfluechtlingshilfe.org\/wp-content\/uploads\/2021\/09\/IMG_5671-scaled.jpg?resize=1536%2C1024&amp;ssl=1 1536w, https:\/\/i0.wp.com\/agfluechtlingshilfe.org\/wp-content\/uploads\/2021\/09\/IMG_5671-scaled.jpg?resize=2048%2C1365&amp;ssl=1 2048w, https:\/\/i0.wp.com\/agfluechtlingshilfe.org\/wp-content\/uploads\/2021\/09\/IMG_5671-scaled.jpg?w=1320 1320w, https:\/\/i0.wp.com\/agfluechtlingshilfe.org\/wp-content\/uploads\/2021\/09\/IMG_5671-scaled.jpg?w=1980 1980w\" sizes=\"auto, (max-width: 660px) 100vw, 660px\" \/><\/figure>\n\n\n\n<p>Backofen auf 180 Grad (auch schon jetzt: Umluft 160 Grad) vorheizen. Zucchini leicht \u00fcberlappend auf das Backblech oder in eine feuerfeste Form legen. Im Ofen (Mitte) etwa 40 Minuten backen, bis sie bissfest sind. Die Zucchini schmecken hei\u00df oder kalt.<\/p>\n\n\n\n<figure class=\"wp-block-image size-large is-resized\"><img loading=\"lazy\" decoding=\"async\" data-attachment-id=\"1048\" data-permalink=\"https:\/\/agfluechtlingshilfe.org\/?attachment_id=1048\" data-orig-file=\"https:\/\/i0.wp.com\/agfluechtlingshilfe.org\/wp-content\/uploads\/2021\/09\/IMG_5675-scaled.jpg?fit=2560%2C1707&amp;ssl=1\" data-orig-size=\"2560,1707\" data-comments-opened=\"1\" data-image-meta=\"{&quot;aperture&quot;:&quot;5&quot;,&quot;credit&quot;:&quot;&quot;,&quot;camera&quot;:&quot;Canon EOS 700D&quot;,&quot;caption&quot;:&quot;&quot;,&quot;created_timestamp&quot;:&quot;1632066674&quot;,&quot;copyright&quot;:&quot;&quot;,&quot;focal_length&quot;:&quot;35&quot;,&quot;iso&quot;:&quot;1250&quot;,&quot;shutter_speed&quot;:&quot;0.02&quot;,&quot;title&quot;:&quot;&quot;,&quot;orientation&quot;:&quot;1&quot;}\" data-image-title=\"IMG_5675\" data-image-description=\"\" data-image-caption=\"\" data-medium-file=\"https:\/\/i0.wp.com\/agfluechtlingshilfe.org\/wp-content\/uploads\/2021\/09\/IMG_5675-scaled.jpg?fit=300%2C200&amp;ssl=1\" data-large-file=\"https:\/\/i0.wp.com\/agfluechtlingshilfe.org\/wp-content\/uploads\/2021\/09\/IMG_5675-scaled.jpg?fit=660%2C440&amp;ssl=1\" src=\"https:\/\/i0.wp.com\/agfluechtlingshilfe.org\/wp-content\/uploads\/2021\/09\/IMG_5675-scaled.jpg?fit=660%2C440&amp;ssl=1\" alt=\"\" class=\"wp-image-1048\" width=\"683\" height=\"455\" srcset=\"https:\/\/i0.wp.com\/agfluechtlingshilfe.org\/wp-content\/uploads\/2021\/09\/IMG_5675-scaled.jpg?w=2560&amp;ssl=1 2560w, https:\/\/i0.wp.com\/agfluechtlingshilfe.org\/wp-content\/uploads\/2021\/09\/IMG_5675-scaled.jpg?resize=300%2C200&amp;ssl=1 300w, https:\/\/i0.wp.com\/agfluechtlingshilfe.org\/wp-content\/uploads\/2021\/09\/IMG_5675-scaled.jpg?resize=1024%2C683&amp;ssl=1 1024w, https:\/\/i0.wp.com\/agfluechtlingshilfe.org\/wp-content\/uploads\/2021\/09\/IMG_5675-scaled.jpg?resize=768%2C512&amp;ssl=1 768w, https:\/\/i0.wp.com\/agfluechtlingshilfe.org\/wp-content\/uploads\/2021\/09\/IMG_5675-scaled.jpg?resize=1536%2C1024&amp;ssl=1 1536w, https:\/\/i0.wp.com\/agfluechtlingshilfe.org\/wp-content\/uploads\/2021\/09\/IMG_5675-scaled.jpg?resize=2048%2C1365&amp;ssl=1 2048w, https:\/\/i0.wp.com\/agfluechtlingshilfe.org\/wp-content\/uploads\/2021\/09\/IMG_5675-scaled.jpg?w=1320 1320w, https:\/\/i0.wp.com\/agfluechtlingshilfe.org\/wp-content\/uploads\/2021\/09\/IMG_5675-scaled.jpg?w=1980 1980w\" sizes=\"auto, (max-width: 660px) 100vw, 660px\" \/><\/figure>\n","protected":false},"excerpt":{"rendered":"<p>Zutaten:je 1 Bund Petersilie und Koriander, 1 rote oder wei\u00dfe Zwiebel, 4 Knoblauchzehen, 1 EL edels\u00fc\u00dfes Paprikapulver, 1 TL rosenscharfes Paprikapulver, 1\/2 EL gemahlener Kreuzk\u00fcmmel, 1 TL gemahlener Pfeffer, 1 TL Ras-el-hanout, Salz, 2 EL Zitronensaft, 4 EL Oliven\u00f6l, 600 g junge Zucchini ZubereitungKr\u00e4uter waschen und trockensch\u00fctteln, Bl\u00e4ttchen abzupfen und fein hacken. Zwiebel und Knoblauch &hellip; <a href=\"https:\/\/agfluechtlingshilfe.org\/?page_id=1042\" class=\"more-link\"><span class=\"screen-reader-text\">Zucchini mit Chermoula<\/span> weiterlesen<\/a><\/p>\n","protected":false},"author":1,"featured_media":0,"parent":880,"menu_order":5,"comment_status":"closed","ping_status":"closed","template":"","meta":{"footnotes":""},"class_list":["post-1042","page","type-page","status-publish","hentry"],"jetpack_sharing_enabled":true,"jetpack_shortlink":"https:\/\/wp.me\/P8ejgX-gO","jetpack-related-posts":[{"id":997,"url":"https:\/\/agfluechtlingshilfe.org\/?page_id=997","url_meta":{"origin":1042,"position":0},"title":"Muckalica sa pirincem       &#8212;-    Bosnischer Eintopf mit Reis","author":"agfluechtlingshilfehst","date":"28. September 2021","format":false,"excerpt":"Zutaten:700g Lammlachse oderRindergulasch400g Langkorn- oder Wildreis800g gehackte Tomaten4 TL Speisest\u00e4rke1 EL gemahlener Knoblauch1 Prise Salz1 Prise Pfeffer 2 Zwiebeln, in Streifen2 Paprika, in Streifen1 Lorbeerblatt1 TL Paprikapulver1 TL Cayennepfeffer1 Prise Zucker2 Tassen Erbsen(TK) 3 EL Ajvar1 TL WorcestersauceOliven\u00f6l zum Anbraten ZubereitungDas in St\u00fccke geschnittene Fleisch etwas abtrocknen, mit Knoblauch w\u00fcrzen\u2026","rel":"","context":"\u00c4hnlicher Beitrag","block_context":{"text":"\u00c4hnlicher Beitrag","link":""},"img":{"alt_text":"","src":"https:\/\/i0.wp.com\/agfluechtlingshilfe.org\/wp-content\/uploads\/2021\/09\/IMG_5626-scaled.jpg?resize=350%2C200&ssl=1","width":350,"height":200,"srcset":"https:\/\/i0.wp.com\/agfluechtlingshilfe.org\/wp-content\/uploads\/2021\/09\/IMG_5626-scaled.jpg?resize=350%2C200&ssl=1 1x, https:\/\/i0.wp.com\/agfluechtlingshilfe.org\/wp-content\/uploads\/2021\/09\/IMG_5626-scaled.jpg?resize=525%2C300&ssl=1 1.5x, https:\/\/i0.wp.com\/agfluechtlingshilfe.org\/wp-content\/uploads\/2021\/09\/IMG_5626-scaled.jpg?resize=700%2C400&ssl=1 2x, https:\/\/i0.wp.com\/agfluechtlingshilfe.org\/wp-content\/uploads\/2021\/09\/IMG_5626-scaled.jpg?resize=1050%2C600&ssl=1 3x, https:\/\/i0.wp.com\/agfluechtlingshilfe.org\/wp-content\/uploads\/2021\/09\/IMG_5626-scaled.jpg?resize=1400%2C800&ssl=1 4x"},"classes":[]},{"id":1022,"url":"https:\/\/agfluechtlingshilfe.org\/?page_id=1022","url_meta":{"origin":1042,"position":1},"title":"Syrischer H\u00e4hnchen-Spinat-Auflauf","author":"agfluechtlingshilfehst","date":"29. September 2021","format":false,"excerpt":"Zutaten: (Rezept f\u00fcr ca. 6 Personen)Ca. 300 g Bandnudeln300 g Blattspinat500 g H\u00e4hnchenbrustfilet1 Zwiebel1 rote Paprika200 ml Sahne (optional)\u00a0200 g geriebenen Mozzarella (oder anderen K\u00e4se)Salz, Pfeffer, Paprikapulver, Zimt, Curry\u00d6l ZubereitungBandnudeln in gesalzenem Wasser bissfest kochen, abgie\u00dfen. - H\u00e4hnchenbrust waschen, in kleine St\u00fccke schneiden und mit Salz, Pfeffer, Paprikapulver, etwas Zimt\u2026","rel":"","context":"\u00c4hnlicher Beitrag","block_context":{"text":"\u00c4hnlicher Beitrag","link":""},"img":{"alt_text":"","src":"https:\/\/i0.wp.com\/agfluechtlingshilfe.org\/wp-content\/uploads\/2021\/09\/IMG_20210829_1340452-1-scaled.jpg?resize=350%2C200&ssl=1","width":350,"height":200},"classes":[]},{"id":1074,"url":"https:\/\/agfluechtlingshilfe.org\/?page_id=1074","url_meta":{"origin":1042,"position":2},"title":"Sabzi Pulao &#8211; Gew\u00fcrzreis mit Erbsen","author":"agfluechtlingshilfehst","date":"1. Oktober 2021","format":false,"excerpt":"Zutaten:250 g Basmatireis,2 EL Pflanzen\u00f6l, \u00bc TL Cumin (Kreuzk\u00fcmmel), 1 gesch\u00e4lte Zwiebel, Samen von 3 Kardamomkapseln (alternativ 1 TL gemahlenen Kardamom),3 Nelken, 4 schwarze Pfefferk\u00f6rner, 1 Karotte, 2 Kartoffeln, 75 g TK-Erbsen (oder frische), 1 kleine Handvoll Cashewn\u00fcsse, Zitronensaft, Kurkumapulver. Zubereitung Den Reis gut waschen, 30 Minuten in Wasser einweichen\u2026","rel":"","context":"\u00c4hnlicher Beitrag","block_context":{"text":"\u00c4hnlicher Beitrag","link":""},"img":{"alt_text":"","src":"https:\/\/i0.wp.com\/agfluechtlingshilfe.org\/wp-content\/uploads\/2021\/10\/20211001_130230-scaled.jpg?resize=350%2C200&ssl=1","width":350,"height":200},"classes":[]},{"id":1054,"url":"https:\/\/agfluechtlingshilfe.org\/?page_id=1054","url_meta":{"origin":1042,"position":3},"title":"S\u00fc\u00dfkartoffel-Falafel mit Tomaten-Salsa und Hummus","author":"agfluechtlingshilfehst","date":"3. Oktober 2021","format":false,"excerpt":"Zutaten: 2 S\u00fc\u00dfkartoffeln (\u00e0 ca. 250 g) 2 Dosen Kichererbsen 50 g Tahin (Sesampaste) 100 ml Gem\u00fcsebr\u00fche 4 EL + 4 TL Oliven\u00f6l Salz ,Pfeffer Kreuzk\u00fcmmelpulver 1 Eigelb (Gr\u00f6\u00dfe M) 50 g Mehl 2 EL Paniermehl Chilipulver 3 Strauchtomaten 2 Stiele Petersilie 1 Schalotte 1\u20132 EL Wei\u00dfwein-Essig Zucker 2 EL\u2026","rel":"","context":"\u00c4hnlicher Beitrag","block_context":{"text":"\u00c4hnlicher Beitrag","link":""},"img":{"alt_text":"","src":"https:\/\/i0.wp.com\/agfluechtlingshilfe.org\/wp-content\/uploads\/2021\/10\/S\u00c3\u00bcsskartoffel-1.jpg?resize=350%2C200&ssl=1","width":350,"height":200,"srcset":"https:\/\/i0.wp.com\/agfluechtlingshilfe.org\/wp-content\/uploads\/2021\/10\/S\u00c3\u00bcsskartoffel-1.jpg?resize=350%2C200&ssl=1 1x, https:\/\/i0.wp.com\/agfluechtlingshilfe.org\/wp-content\/uploads\/2021\/10\/S\u00c3\u00bcsskartoffel-1.jpg?resize=525%2C300&ssl=1 1.5x"},"classes":[]},{"id":955,"url":"https:\/\/agfluechtlingshilfe.org\/?page_id=955","url_meta":{"origin":1042,"position":4},"title":"Frango com mundo &#8211; &#8211; Brasilianisches H\u00e4hnchen mit Mango und Kokosmilch","author":"agfluechtlingshilfehst","date":"28. September 2021","format":false,"excerpt":"Zutaten f\u00fcr 4 Personen600g H\u00e4hnchenbrust, in Streifen geschnitten250 ml Kokosmilch, unges\u00fc\u00dft2 Zwiebeln, klein geschitten2 Mangos, in W\u00fcrfel geschnitten4 Knoblauchzehen4 Tomaten, geviertelt2 Bund Koriander\/Petersilie4 EL Oliven\u00f6l2 TL Sambal OelekKurkumaKreuzk\u00fcmmelSalz und PfefferF\u00fcr den Reis:2 Tassen Reis, parboiled2 Knoblaufzehen, gepresst ZubereitungF\u00fcr den Reis den Knoblauch in Oliven\u00f6l r\u00f6sten, den Reis ungekocht dazugeben und\u2026","rel":"","context":"\u00c4hnlicher Beitrag","block_context":{"text":"\u00c4hnlicher Beitrag","link":""},"img":{"alt_text":"","src":"https:\/\/i0.wp.com\/agfluechtlingshilfe.org\/wp-content\/uploads\/2021\/09\/IMG_5595-scaled.jpg?resize=350%2C200&ssl=1","width":350,"height":200,"srcset":"https:\/\/i0.wp.com\/agfluechtlingshilfe.org\/wp-content\/uploads\/2021\/09\/IMG_5595-scaled.jpg?resize=350%2C200&ssl=1 1x, https:\/\/i0.wp.com\/agfluechtlingshilfe.org\/wp-content\/uploads\/2021\/09\/IMG_5595-scaled.jpg?resize=525%2C300&ssl=1 1.5x, https:\/\/i0.wp.com\/agfluechtlingshilfe.org\/wp-content\/uploads\/2021\/09\/IMG_5595-scaled.jpg?resize=700%2C400&ssl=1 2x, https:\/\/i0.wp.com\/agfluechtlingshilfe.org\/wp-content\/uploads\/2021\/09\/IMG_5595-scaled.jpg?resize=1050%2C600&ssl=1 3x, https:\/\/i0.wp.com\/agfluechtlingshilfe.org\/wp-content\/uploads\/2021\/09\/IMG_5595-scaled.jpg?resize=1400%2C800&ssl=1 4x"},"classes":[]},{"id":880,"url":"https:\/\/agfluechtlingshilfe.org\/?page_id=880","url_meta":{"origin":1042,"position":5},"title":"Topfreisen &#8211; Rezepte aus aller Welt zur IKW 2021","author":"agfluechtlingshilfehst","date":"11. September 2021","format":false,"excerpt":"\"Topfreisen\" ist unser Projekt zur Teilnahme an der Interkulturellen Woche Stralsunds 2021 (IKW). Die Wortsch\u00f6pfung trifft ziemlich genau, was unser Plan war, als wir unseren Beitrag f\u00fcr die IKW entwickelt haben. Die Idee: Esskultur ist neben Musik vielleicht der direkteste oder zumindest einfachste Weg, um \u00fcber den eigenen (buchst\u00e4blichen) Tellerrand\u2026","rel":"","context":"\u00c4hnlicher Beitrag","block_context":{"text":"\u00c4hnlicher Beitrag","link":""},"img":{"alt_text":"","src":"https:\/\/i0.wp.com\/agfluechtlingshilfe.org\/wp-content\/uploads\/2021\/09\/Kollage_Topfreisen.png?resize=350%2C200&ssl=1","width":350,"height":200,"srcset":"https:\/\/i0.wp.com\/agfluechtlingshilfe.org\/wp-content\/uploads\/2021\/09\/Kollage_Topfreisen.png?resize=350%2C200&ssl=1 1x, https:\/\/i0.wp.com\/agfluechtlingshilfe.org\/wp-content\/uploads\/2021\/09\/Kollage_Topfreisen.png?resize=525%2C300&ssl=1 1.5x"},"classes":[]}],"jetpack_likes_enabled":true,"_links":{"self":[{"href":"https:\/\/agfluechtlingshilfe.org\/index.php?rest_route=\/wp\/v2\/pages\/1042","targetHints":{"allow":["GET"]}}],"collection":[{"href":"https:\/\/agfluechtlingshilfe.org\/index.php?rest_route=\/wp\/v2\/pages"}],"about":[{"href":"https:\/\/agfluechtlingshilfe.org\/index.php?rest_route=\/wp\/v2\/types\/page"}],"author":[{"embeddable":true,"href":"https:\/\/agfluechtlingshilfe.org\/index.php?rest_route=\/wp\/v2\/users\/1"}],"replies":[{"embeddable":true,"href":"https:\/\/agfluechtlingshilfe.org\/index.php?rest_route=%2Fwp%2Fv2%2Fcomments&post=1042"}],"version-history":[{"count":2,"href":"https:\/\/agfluechtlingshilfe.org\/index.php?rest_route=\/wp\/v2\/pages\/1042\/revisions"}],"predecessor-version":[{"id":1049,"href":"https:\/\/agfluechtlingshilfe.org\/index.php?rest_route=\/wp\/v2\/pages\/1042\/revisions\/1049"}],"up":[{"embeddable":true,"href":"https:\/\/agfluechtlingshilfe.org\/index.php?rest_route=\/wp\/v2\/pages\/880"}],"wp:attachment":[{"href":"https:\/\/agfluechtlingshilfe.org\/index.php?rest_route=%2Fwp%2Fv2%2Fmedia&parent=1042"}],"curies":[{"name":"wp","href":"https:\/\/api.w.org\/{rel}","templated":true}]}}